{"id":46282,"date":"2025-04-10T12:07:16","date_gmt":"2025-04-10T10:07:16","guid":{"rendered":"https:\/\/myspainfood.com\/producto\/ansjosfilet-mateo-950-gr\/"},"modified":"2025-06-24T16:21:20","modified_gmt":"2025-06-24T14:21:20","slug":"ansjosfilet-mateo-950-gr","status":"publish","type":"product","link":"https:\/\/myspainfood.com\/no\/producto\/ansjosfilet-mateo-950-gr\/","title":{"rendered":"Ansjosfilet Mateo 950 gr"},"content":{"rendered":"<p>Ansjosfilet Mateo 950 gr i <a href=\"https:\/\/twitter.com\/mca_spain\" target=\"_blank\" rel=\"noopener noreferrer nofollow\">solsikkeolje<\/a>.<\/p>\n<p>Ingredienser: Ansjos, solsikkeolje (32 %) og salt.<\/p>\n<p>N\u00e5r den er \u00e5pnet, oppbevares den i kj\u00f8leskap og konsumeres helst innen 5 dager.<\/p>\n<p>La Viuda de Mateo er et av de kommersielle merkene som MCA Spain-gruppen g\u00e5r ut p\u00e5 markedet under.<\/p>\n<p>MCA Spain har sin opprinnelse i erfaringen til Carlos Ripa, den n\u00e5v\u00e6rende daglige lederen, etter ti \u00e5r i en familiebedrift knyttet til dagligvaresektoren.<\/p>\n<p>P\u00e5 midten av 1980-tallet lanserte Ripa imidlertid sitt eget personlige prosjekt i hjembyen Mendavia i Navarra: hermetikkprodusenten MCA Spain.<\/p>\n<p>Dette selskapet har posisjonert seg i den f\u00f8rste divisjonen av den spanske landbruksmatsektoren med sine gr\u00f8nnsakskonserver og fiskekonserver.<\/p>\n<p>En spektakul\u00e6r utvikling som ikke hadde v\u00e6rt mulig uten et f\u00f8rsteklasses team og et kall for kundeservice.<\/p>\n<p>Hvis du \u00f8nsker \u00e5 kj\u00f8pe Mateo ansjosfilet 950 gr eller andre typer <a href=\"https:\/\/latiendadesami.com\/categoria-producto\/frio\/\" rel=\"noopener noreferrer nofollow\" target=\"_blank\">kald mat<\/a>, ikke n\u00f8l med \u00e5 ta en titt p\u00e5 hele v\u00e5r online katalog.<\/p>\n<p>Vi har den h\u00f8yeste kvaliteten til den beste prisen.<\/p>\n<p>Skriv til oss for mer informasjon eller hvis du har sp\u00f8rsm\u00e5l om dette eller andre produkter i katalogen v\u00e5r.<\/p>\n","protected":false},"excerpt":{"rendered":"<p>Ansjosfilet Mateo 950 gr i solsikkeolje. Ingredienser: Ansjos, solsikkeolje (32 %) og salt. N\u00e5r den er \u00e5pnet, oppbevares den i kj\u00f8leskap og konsumeres helst innen 5 dager. La Viuda de Mateo er et av de kommersielle merkene som MCA Spain-gruppen g\u00e5r ut p\u00e5 markedet under. MCA Spain har sin opprinnelse i erfaringen til Carlos Ripa, [&hellip;]<\/p>\n","protected":false},"featured_media":9750,"template":"","meta":{"_et_pb_use_builder":"","_et_pb_old_content":"","_et_gb_content_width":""},"product_brand":[1129],"product_cat":[1807,1805],"product_tag":[],"class_list":{"0":"post-46282","1":"product","2":"type-product","3":"status-publish","4":"has-post-thumbnail","6":"product_brand-mateo","7":"product_cat-ansjovis-no","8":"product_cat-kald","9":"product_shipping_class-kald-forsendelse","11":"first","12":"outofstock","13":"taxable","14":"shipping-taxable","15":"product-type-variable"},"_links":{"self":[{"href":"https:\/\/myspainfood.com\/no\/wp-json\/wp\/v2\/product\/46282","targetHints":{"allow":["GET"]}}],"collection":[{"href":"https:\/\/myspainfood.com\/no\/wp-json\/wp\/v2\/product"}],"about":[{"href":"https:\/\/myspainfood.com\/no\/wp-json\/wp\/v2\/types\/product"}],"wp:featuredmedia":[{"embeddable":true,"href":"https:\/\/myspainfood.com\/no\/wp-json\/wp\/v2\/media\/9750"}],"wp:attachment":[{"href":"https:\/\/myspainfood.com\/no\/wp-json\/wp\/v2\/media?parent=46282"}],"wp:term":[{"taxonomy":"product_brand","embeddable":true,"href":"https:\/\/myspainfood.com\/no\/wp-json\/wp\/v2\/product_brand?post=46282"},{"taxonomy":"product_cat","embeddable":true,"href":"https:\/\/myspainfood.com\/no\/wp-json\/wp\/v2\/product_cat?post=46282"},{"taxonomy":"product_tag","embeddable":true,"href":"https:\/\/myspainfood.com\/no\/wp-json\/wp\/v2\/product_tag?post=46282"}],"curies":[{"name":"wp","href":"https:\/\/api.w.org\/{rel}","templated":true}]}}