{"id":46485,"date":"2025-04-10T12:07:16","date_gmt":"2025-04-10T10:07:16","guid":{"rendered":"https:\/\/myspainfood.com\/producto\/blomsterhonning-1-kg-la-celda-real\/"},"modified":"2025-04-10T12:07:16","modified_gmt":"2025-04-10T10:07:16","slug":"blomsterhonning-1-kg-la-celda-real","status":"publish","type":"product","link":"https:\/\/myspainfood.com\/no\/producto\/blomsterhonning-1-kg-la-celda-real\/","title":{"rendered":"Blomsterhonning 1 kg La Celda Real"},"content":{"rendered":"<p style=\"text-align: left\">Miel de Flores 1 kg er et produkt som produseres takket v\u00e6re de omfattende anleggene som er utstyrt med automatiserte <a href=\"https:\/\/es.wikipedia.org\/wiki\/Miel\" target=\"_blank\" rel=\"noopener noreferrer nofollow\">produksjonslinjer<\/a> og et integrert kvalitetssystem.<\/p>\n<p style=\"text-align: left\">Etter at produktet er h\u00f8stet av erfarne bir\u00f8ktere, pakkes det i en prosess som sikrer maksimal bevaring av dets naturlige egenskaper.<\/p>\n<p style=\"text-align: left\">Dette produktet utvikles takket v\u00e6re erfaringen, kunnskapen og entusiasmen til alle som utgj\u00f8r det, med et balansert engasjement for den beste tradisjonen, bevaring av det gode arbeidet fra tidligere tider, og gjennom produksjonsprosesser som sikrer <strong>kvaliteten p\u00e5 sluttproduktet<\/strong>.<\/p>\n<p style=\"text-align: left\">Honning er et komplett n\u00e6ringsmiddel som bier produserer av nektar fra blomster.<\/p>\n<p style=\"text-align: left\">Det er en gyllen, tyktflytende, s\u00f8t og deilig v\u00e6ske som biene bruker som mat i sommersesongen.<\/p>\n<p style=\"text-align: left\">Det har mange fordeler som f.eks:<\/p>\n<ul style=\"text-align: left\">\n<li>Det er en sukkererstatning. Naturlig og deilig. <\/li>\n<li>Det styrker forsvaret ditt. Det beskytter deg organisk. <\/li>\n<li>Forhindrer infeksjoner. Det tar vare p\u00e5 helsen din. <\/li>\n<li>Det gir deg ekstra energi p\u00e5 daglig basis.<\/li>\n<li>  Bidrar til \u00e5 fremme ford\u00f8yelsen<\/li>\n<\/ul>\n<p style=\"text-align: left\">Hvis du \u00f8nsker \u00e5 kj\u00f8pe Miel de Flores 1 kg eller andre typer <a href=\"https:\/\/latiendadesami.com\/categoria-producto\/conservas\/\" rel=\"noopener noreferrer nofollow\" target=\"_blank\">hermetikk<\/a>, ikke n\u00f8l med \u00e5 ta en titt i v\u00e5r online katalog for \u00e5 se det store utvalget vi har.<\/p>\n<p style=\"text-align: left\">Skriv til oss for mer informasjon.<\/p>\n","protected":false},"excerpt":{"rendered":"<p>Blomsterhonning 1 kg<\/p>\n","protected":false},"featured_media":9597,"template":"","meta":{"_et_pb_use_builder":"","_et_pb_old_content":"","_et_gb_content_width":""},"product_brand":[1210],"product_cat":[2940,1972],"product_tag":[],"class_list":{"0":"post-46485","1":"product","2":"type-product","3":"status-publish","4":"has-post-thumbnail","6":"product_brand-la-celda-real","7":"product_cat-honning","8":"product_cat-konserver","10":"first","11":"instock","12":"taxable","13":"shipping-taxable","14":"purchasable","15":"product-type-variable"},"_links":{"self":[{"href":"https:\/\/myspainfood.com\/no\/wp-json\/wp\/v2\/product\/46485","targetHints":{"allow":["GET"]}}],"collection":[{"href":"https:\/\/myspainfood.com\/no\/wp-json\/wp\/v2\/product"}],"about":[{"href":"https:\/\/myspainfood.com\/no\/wp-json\/wp\/v2\/types\/product"}],"wp:featuredmedia":[{"embeddable":true,"href":"https:\/\/myspainfood.com\/no\/wp-json\/wp\/v2\/media\/9597"}],"wp:attachment":[{"href":"https:\/\/myspainfood.com\/no\/wp-json\/wp\/v2\/media?parent=46485"}],"wp:term":[{"taxonomy":"product_brand","embeddable":true,"href":"https:\/\/myspainfood.com\/no\/wp-json\/wp\/v2\/product_brand?post=46485"},{"taxonomy":"product_cat","embeddable":true,"href":"https:\/\/myspainfood.com\/no\/wp-json\/wp\/v2\/product_cat?post=46485"},{"taxonomy":"product_tag","embeddable":true,"href":"https:\/\/myspainfood.com\/no\/wp-json\/wp\/v2\/product_tag?post=46485"}],"curies":[{"name":"wp","href":"https:\/\/api.w.org\/{rel}","templated":true}]}}