{"id":47713,"date":"2025-04-10T12:06:06","date_gmt":"2025-04-10T10:06:06","guid":{"rendered":"https:\/\/myspainfood.com\/producto\/biter-av-ventresca-900gr\/"},"modified":"2025-04-10T12:06:06","modified_gmt":"2025-04-10T10:06:06","slug":"biter-av-ventresca-900gr","status":"publish","type":"product","link":"https:\/\/myspainfood.com\/no\/producto\/biter-av-ventresca-900gr\/","title":{"rendered":"Biter av Ventresca 900gr"},"content":{"rendered":"<p>Ventresca-biter 900 g er et naturprodukt som er fremstilt p\u00e5 <a href=\"http:\/\/www.conservasoti.es\/paginas\/historia.html\" target=\"_blank\" rel=\"noopener noreferrer nofollow\">tradisjonell m\u00e5te<\/a>.<\/p>\n<p>Oppbevares p\u00e5 et kj\u00f8lig og t\u00f8rt sted.<\/p>\n<p>N\u00e5r den er \u00e5pnet, overf\u00f8res den til en egnet beholder og oppbevares i kj\u00f8leskapet tildekket av pakningsv\u00e6sken i maksimalt 48 timer.<\/p>\n<p>Conservas Oti er et selskap med familietradisjoner, der det gode arbeidet har g\u00e5tt i arv fra generasjon til generasjon.<\/p>\n<p>Familiens harde arbeid og innsats har i stor grad gjort det mulig for <span class=\"negrita\">Conservas Oti<\/span> \u00e5 vokse og ekspandere.<\/p>\n<p>De viktigste forretningsomr\u00e5dene er Fra havet, Fra land og Fra g\u00e5rden.<\/p>\n<p>Fra havet: Bl\u00e5skjell, Ventresca, Sardinillas, Melva&#8230; Biter av Ventresca 900gr<\/p>\n<p>Lokale produkter inkluderer: melkekikerter, hvite b\u00f8nner, pintob\u00f8nner, pardinalinser&#8230;<\/p>\n<p>Fra g\u00e5rden: ren saueost, ib\u00e9rico skinke fra eiken\u00f8tter, ib\u00e9rico salchich\u00f3n fra eiken\u00f8tter, ib\u00e9rico chorizo fra eiken\u00f8tter,&#8230;<\/p>\n<h4>De viktigste fordelene med hermetikk<\/h4>\n<ol>\n<li>De bevarer alle de ern\u00e6ringsmessige egenskapene til selve maten. Maten beholder sin friskhet. <\/li>\n<li>Matvarene som brukes er sunne og derfor egnet for et optimalt kosthold p\u00e5 grunn av sitt h\u00f8ye vitamin- og proteininnhold.<\/li>\n<li>Disse produktene har lengre levetid (2-5 \u00e5r er typisk).<\/li>\n<li>Konsertene er veldig enkle \u00e5 oppbevare, siden emballasjen er lett \u00e5 bruke.<\/li>\n<\/ol>\n<p>Hvis du \u00f8nsker \u00e5 kj\u00f8pe tunfisk eller andre typer <a href=\"https:\/\/latiendadesami.com\/categoria-producto\/conservas\/\" rel=\"noopener noreferrer nofollow\" target=\"_blank\">hermetikk<\/a>, kan du ta en titt i v\u00e5r nettkatalog for \u00e5 se det store utvalget av <a href=\"https:\/\/latiendadesami.com\/categoria-producto\/conservas\/atun-y-bonito\/\" target=\"_blank\" rel=\"noopener noreferrer nofollow\">tunfisk<\/a> vi har.<\/p>\n<p>Skriv til oss for mer informasjon.<\/p>\n","protected":false},"excerpt":{"rendered":"<p>Ventresca-biter 900 g er et naturprodukt som er fremstilt p\u00e5 tradisjonell m\u00e5te. Oppbevares p\u00e5 et kj\u00f8lig og t\u00f8rt sted. N\u00e5r den er \u00e5pnet, overf\u00f8res den til en egnet beholder og oppbevares i kj\u00f8leskapet tildekket av pakningsv\u00e6sken i maksimalt 48 timer. Conservas Oti er et selskap med familietradisjoner, der det gode arbeidet har g\u00e5tt i arv [&hellip;]<\/p>\n","protected":false},"featured_media":8175,"template":"","meta":{"_et_pb_use_builder":"","_et_pb_old_content":"","_et_gb_content_width":""},"product_brand":[1075],"product_cat":[1972,4233,3336],"product_tag":[],"class_list":{"0":"post-47713","1":"product","2":"type-product","3":"status-publish","4":"has-post-thumbnail","6":"product_brand-oti","7":"product_cat-konserver","8":"product_cat-tunfisk-og-bonito","9":"product_cat-ventresca-no","11":"first","12":"outofstock","13":"taxable","14":"shipping-taxable","15":"purchasable","16":"product-type-simple"},"_links":{"self":[{"href":"https:\/\/myspainfood.com\/no\/wp-json\/wp\/v2\/product\/47713","targetHints":{"allow":["GET"]}}],"collection":[{"href":"https:\/\/myspainfood.com\/no\/wp-json\/wp\/v2\/product"}],"about":[{"href":"https:\/\/myspainfood.com\/no\/wp-json\/wp\/v2\/types\/product"}],"wp:featuredmedia":[{"embeddable":true,"href":"https:\/\/myspainfood.com\/no\/wp-json\/wp\/v2\/media\/8175"}],"wp:attachment":[{"href":"https:\/\/myspainfood.com\/no\/wp-json\/wp\/v2\/media?parent=47713"}],"wp:term":[{"taxonomy":"product_brand","embeddable":true,"href":"https:\/\/myspainfood.com\/no\/wp-json\/wp\/v2\/product_brand?post=47713"},{"taxonomy":"product_cat","embeddable":true,"href":"https:\/\/myspainfood.com\/no\/wp-json\/wp\/v2\/product_cat?post=47713"},{"taxonomy":"product_tag","embeddable":true,"href":"https:\/\/myspainfood.com\/no\/wp-json\/wp\/v2\/product_tag?post=47713"}],"curies":[{"name":"wp","href":"https:\/\/api.w.org\/{rel}","templated":true}]}}