{"id":47954,"date":"2025-04-10T12:06:14","date_gmt":"2025-04-10T10:06:14","guid":{"rendered":"https:\/\/myspainfood.com\/producto\/ansjovis-chop-chop-2-kg\/"},"modified":"2025-06-24T16:17:33","modified_gmt":"2025-06-24T14:17:33","slug":"ansjovis-chop-chop-2-kg","status":"publish","type":"product","link":"https:\/\/myspainfood.com\/no\/producto\/ansjovis-chop-chop-2-kg\/","title":{"rendered":"Ansjovis Chop &amp; Chop 2 kg"},"content":{"rendered":"<p>Boquer\u00f3n Picar&amp;Picar 2 kg GOLD SERIES er ansjos med hvitl\u00f8k og persille GOLD SERIES.<\/p>\n<p>Det er en uts\u00f8kt og veldig stor fisk som presenteres i et 200 g brett.<\/p>\n<p>Dette <a href=\"https:\/\/picaripicar.com\/presentacion\/\" target=\"_blank\" rel=\"noopener noreferrer nofollow\">produktet<\/a> er konservert i solsikkeolje, eddik og hvitl\u00f8k.<\/p>\n<p>Brettet b\u00f8r oppbevares mellom 0 og 4 \u00baC.<\/p>\n<p>Til tilberedningen bruker vi de rensede ansjosfiletene, som i utgangspunktet har et brunaktig kj\u00f8tt.<\/p>\n<p>De fremhever de s\u00f8lvfargede refleksene i det ytre skinnet og senkes ned i et brett (glass, aldri metall, da det ville bli angrepet av eddiksyren i eddiken) med salt, vann og eddik i 3 timer i vann og ca. 6 timer i eddik p\u00e5 et kj\u00f8lig sted.<\/p>\n<p>Lendene p\u00e5 ansjosen, som tidligere var brune, blir hvite etter hvert som eddiken virker.<\/p>\n<p>Etter at v\u00e6sken er tappet av, pynter du med rikelig med hakket hvitl\u00f8k, olivenolje og persille.<\/p>\n<p>Denne maten inntas vanligvis kald sammen med en \u00f8l (vin anbefales ikke, da eddikinntaket samvirker d\u00e5rlig med vin).<\/p>\n<p>Det er en veldig typisk aperitiff i Spania, spesielt i de varmere m\u00e5nedene.<\/p>\n<p>I Spania er det vanlig \u00e5 se dem p\u00e5 brett p\u00e5 disken i mange barer og restauranter.<\/p>\n<p>Porsjonen pyntes ofte med sylteagurk: kapers eller oliven og serveres med potetgull p\u00e5 en stor tallerken.<\/p>\n<p>I Spania selges dette produktet i store supermarkeder i plastb\u00f8tter av forskjellige st\u00f8rrelser, der bare hvitl\u00f8k og persille m\u00e5 tilsettes.<\/p>\n<h2>Boquer\u00f3n Picar&amp;Picar 2 kg GOLD SERIES<\/h2>\n<p>Hvis du \u00f8nsker \u00e5 kj\u00f8pe Boquer\u00f3n Picar&amp;Picar 2 kg SERIE ORO eller andre typer <a href=\"https:\/\/latiendadesami.com\/categoria-producto\/frio\/\" rel=\"noopener noreferrer nofollow\" target=\"_blank\">kald mat<\/a>, ikke n\u00f8l med \u00e5 ta en titt p\u00e5 v\u00e5r online katalog.<\/p>\n<p>Vi har den h\u00f8yeste kvaliteten til den beste prisen.<\/p>\n<p>Skriv til oss for mer informasjon eller hvis du har sp\u00f8rsm\u00e5l om dette eller andre produkter.<\/p>\n","protected":false},"excerpt":{"rendered":"<p>Boquer\u00f3n Picar&amp;Picar 2 kg GOLD SERIES er ansjos med hvitl\u00f8k og persille GOLD SERIES. Det er en uts\u00f8kt og veldig stor fisk som presenteres i et 200 g brett. Dette produktet er konservert i solsikkeolje, eddik og hvitl\u00f8k. Brettet b\u00f8r oppbevares mellom 0 og 4 \u00baC. Til tilberedningen bruker vi de rensede ansjosfiletene, som i [&hellip;]<\/p>\n","protected":false},"featured_media":8409,"template":"","meta":{"_et_pb_use_builder":"","_et_pb_old_content":"","_et_gb_content_width":""},"product_brand":[1127],"product_cat":[1901,1805],"product_tag":[],"class_list":{"0":"post-47954","1":"product","2":"type-product","3":"status-publish","4":"has-post-thumbnail","6":"product_brand-picarpicar","7":"product_cat-ansjovis-no-2","8":"product_cat-kald","9":"product_shipping_class-kald-forsendelse","11":"first","12":"instock","13":"taxable","14":"shipping-taxable","15":"purchasable","16":"product-type-variable"},"_links":{"self":[{"href":"https:\/\/myspainfood.com\/no\/wp-json\/wp\/v2\/product\/47954","targetHints":{"allow":["GET"]}}],"collection":[{"href":"https:\/\/myspainfood.com\/no\/wp-json\/wp\/v2\/product"}],"about":[{"href":"https:\/\/myspainfood.com\/no\/wp-json\/wp\/v2\/types\/product"}],"wp:featuredmedia":[{"embeddable":true,"href":"https:\/\/myspainfood.com\/no\/wp-json\/wp\/v2\/media\/8409"}],"wp:attachment":[{"href":"https:\/\/myspainfood.com\/no\/wp-json\/wp\/v2\/media?parent=47954"}],"wp:term":[{"taxonomy":"product_brand","embeddable":true,"href":"https:\/\/myspainfood.com\/no\/wp-json\/wp\/v2\/product_brand?post=47954"},{"taxonomy":"product_cat","embeddable":true,"href":"https:\/\/myspainfood.com\/no\/wp-json\/wp\/v2\/product_cat?post=47954"},{"taxonomy":"product_tag","embeddable":true,"href":"https:\/\/myspainfood.com\/no\/wp-json\/wp\/v2\/product_tag?post=47954"}],"curies":[{"name":"wp","href":"https:\/\/api.w.org\/{rel}","templated":true}]}}