{"id":48400,"date":"2025-04-10T12:06:58","date_gmt":"2025-04-10T10:06:58","guid":{"rendered":"https:\/\/myspainfood.com\/producto\/minibabyer-av-hestebonner\/"},"modified":"2025-04-10T12:06:58","modified_gmt":"2025-04-10T10:06:58","slug":"minibabyer-av-hestebonner","status":"publish","type":"product","link":"https:\/\/myspainfood.com\/no\/producto\/minibabyer-av-hestebonner\/","title":{"rendered":"Minibabyer av hesteb\u00f8nner"},"content":{"rendered":"<p>Mini babyb\u00f8nner <a href=\"https:\/\/www.alsurvegetales.com\/producto\/id\/12\/habas-frita-mini-baby\" target=\"_blank\" rel=\"noopener noreferrer nofollow\">fra Alsur<\/a> h\u00f8stes for h\u00e5nd for \u00e5 garantere maksimal kvalitet.<\/p>\n<p>Produktet er valgt ut p\u00e5 grunn av sin st\u00f8rrelse og p\u00e5 det ideelle modningstidspunktet, slik at man oppn\u00e5r den h\u00f8yeste kvaliteten p\u00e5 smak og finhet i skallet.<\/p>\n<p>Derfor brukes bare 8 % av den h\u00f8stede avlingen til sluttpakking, der olivenoljen fungerer som konserveringsmiddel.<\/p>\n<p>Oppbevares p\u00e5 et kj\u00f8lig, t\u00f8rt sted. N\u00e5r den er \u00e5pnet, oppbevares den i kj\u00f8leskap og konsumeres innen 7 dager. <\/p>\n<p>Ingredienser: Ekstrafine b\u00f8nner, jomfruolivenolje (31 %), salt og sitronsyre som syrningsmiddel.<\/p>\n<p>Alsur er en familiebedrift, der essensen av mat er hovedpersonen.<\/p>\n<h4>De viktigste fordelene med hermetikk<\/h4>\n<ol>\n<li>De bevarer alle de ern\u00e6ringsmessige egenskapene til selve maten. Maten beholder sin friskhet. <\/li>\n<li>Matvarene som brukes er sunne og derfor egnet for et optimalt kosthold p\u00e5 grunn av sitt h\u00f8ye vitamin- og proteininnhold.<\/li>\n<li>Disse produktene har lengre levetid (2-5 \u00e5r er typisk).<\/li>\n<li>Konsertene er veldig enkle \u00e5 oppbevare, siden emballasjen er lett \u00e5 bruke.<\/li>\n<\/ol>\n<p>Hvis du \u00f8nsker \u00e5 kj\u00f8pe babyb\u00f8nner med tunfisk eller andre typer <a href=\"https:\/\/latiendadesami.com\/categoria-producto\/conservas\/\" rel=\"noopener noreferrer nofollow\" target=\"_blank\">hermetikk<\/a>, kan du ta en titt i v\u00e5r online-katalog for \u00e5 se det store utvalget av <a href=\"https:\/\/latiendadesami.com\/categoria-producto\/conservas\/atun-y-bonito\/\" target=\"_blank\" rel=\"noopener noreferrer nofollow\">tunfisk<\/a> vi har.<\/p>\n<p>Skriv til oss for mer informasjon.<\/p>\n","protected":false},"excerpt":{"rendered":"<p>Sm\u00e5 \u00e5kerb\u00f8nner<\/p>\n","protected":false},"featured_media":9426,"template":"","meta":{"_et_pb_use_builder":"","_et_pb_old_content":"","_et_gb_content_width":""},"product_brand":[1196],"product_cat":[3714,1972],"product_tag":[],"class_list":{"0":"post-48400","1":"product","2":"type-product","3":"status-publish","4":"has-post-thumbnail","6":"product_brand-alsur","7":"product_cat-gronnsaker","8":"product_cat-konserver","10":"first","11":"instock","12":"taxable","13":"shipping-taxable","14":"product-type-variable"},"_links":{"self":[{"href":"https:\/\/myspainfood.com\/no\/wp-json\/wp\/v2\/product\/48400","targetHints":{"allow":["GET"]}}],"collection":[{"href":"https:\/\/myspainfood.com\/no\/wp-json\/wp\/v2\/product"}],"about":[{"href":"https:\/\/myspainfood.com\/no\/wp-json\/wp\/v2\/types\/product"}],"wp:featuredmedia":[{"embeddable":true,"href":"https:\/\/myspainfood.com\/no\/wp-json\/wp\/v2\/media\/9426"}],"wp:attachment":[{"href":"https:\/\/myspainfood.com\/no\/wp-json\/wp\/v2\/media?parent=48400"}],"wp:term":[{"taxonomy":"product_brand","embeddable":true,"href":"https:\/\/myspainfood.com\/no\/wp-json\/wp\/v2\/product_brand?post=48400"},{"taxonomy":"product_cat","embeddable":true,"href":"https:\/\/myspainfood.com\/no\/wp-json\/wp\/v2\/product_cat?post=48400"},{"taxonomy":"product_tag","embeddable":true,"href":"https:\/\/myspainfood.com\/no\/wp-json\/wp\/v2\/product_tag?post=48400"}],"curies":[{"name":"wp","href":"https:\/\/api.w.org\/{rel}","templated":true}]}}