{"id":48452,"date":"2025-04-10T12:09:50","date_gmt":"2025-04-10T10:09:50","guid":{"rendered":"https:\/\/myspainfood.com\/producto\/auberginestykker-la-encajera-almagro-700-gram-120-enheter\/"},"modified":"2025-04-10T12:09:50","modified_gmt":"2025-04-10T10:09:50","slug":"auberginestykker-la-encajera-almagro-700-gram-120-enheter","status":"publish","type":"product","link":"https:\/\/myspainfood.com\/no\/producto\/auberginestykker-la-encajera-almagro-700-gram-120-enheter\/","title":{"rendered":"Auberginestykker la Encajera almagro 700 gram 120 enheter"},"content":{"rendered":"<p>Hakket aubergine er hovedingrediensen i <a href=\"https:\/\/www.laencajera.es\/berenjenas-de-almagro\" target=\"_blank\" rel=\"noopener noreferrer nofollow\">Almagro-salatene<\/a>. Kjenn den tradisjonelle smaken i hver eneste bit. <\/p>\n<p>Den serveres vanligvis som en forrett eller kombinert i skje-retter. Hakkede auberginer stammer opprinnelig fra Castilla la Mancha i Spania. <\/p>\n<p>Ingredienser: Aubergine &laquo;De Almagro&raquo;, vann, salt, eddik av alkohol, sitronsyre (E-330), kalsiumklorid (E-509), natriummetabisulfitt, spisskummen, paprika, naturlig fennikel, melkesyre (E-270).<\/p>\n<p>Bevaringsforhold:<\/p>\n<p>Oppbevares p\u00e5 et kj\u00f8lig, t\u00f8rt sted, mellom 3\u00baC og 10\u00baC. Beskytt mot sollys og sterk lukt. <\/p>\n<p>N\u00e5r den er \u00e5pnet, oppbevares den i kj\u00f8leskap og konsumeres innen 30 dager.<\/p>\n<p>Hvis du \u00f8nsker \u00e5 kj\u00f8pe oliven eller andre typer <a href=\"https:\/\/latiendadesami.com\/categoria-producto\/encurtidos\/\" rel=\"noopener noreferrer nofollow\" target=\"_blank\">sylteagurk<\/a>, kan du ta en titt p\u00e5 v\u00e5r online katalog for \u00e5 se det store utvalget av <a href=\"https:\/\/latiendadesami.com\/categoria-producto\/encurtidos\/berenjenas\/\" target=\"_blank\" rel=\"noopener noreferrer nofollow\">auberginer<\/a> vi har.<\/p>\n<p>Merket er La Encajonera, en familiebedrift som ble grunnlagt i 1990, og som ligger i hjertet av La Mancha, i byen ALMAGRO i provinsen Ciudad Real.<\/p>\n<p>Produksjonsprosessen for produktene starter i det samme dyrkingsomr\u00e5det, der man velger ut de beste kvalitetsproduktene.<\/p>\n<p>Fabrikken er utstyrt med den mest avanserte teknologien, samtidig som h\u00e5ndverkernes tradisjon og kunnskap er bevart.<\/p>\n","protected":false},"excerpt":{"rendered":"<p>Stjerneingrediensen i Almagro-salater. Kjenn den tradisjonelle smaken i hver eneste bit. Almagro serveres vanligvis som forrett eller i kombinasjon med skje-retter.  <\/p>\n","protected":false},"featured_media":7409,"template":"","meta":{"_et_pb_use_builder":"","_et_pb_old_content":"","_et_gb_content_width":""},"product_brand":[1057],"product_cat":[2126,2943,1555],"product_tag":[4147],"class_list":{"0":"post-48452","1":"product","2":"type-product","3":"status-publish","4":"has-post-thumbnail","6":"product_brand-la-encajera","7":"product_cat-auberginer-no","8":"product_cat-engroshandel","9":"product_cat-pickles-no","10":"product_tag-hakket","12":"first","13":"outofstock","14":"taxable","15":"shipping-taxable","16":"purchasable","17":"product-type-simple"},"_links":{"self":[{"href":"https:\/\/myspainfood.com\/no\/wp-json\/wp\/v2\/product\/48452","targetHints":{"allow":["GET"]}}],"collection":[{"href":"https:\/\/myspainfood.com\/no\/wp-json\/wp\/v2\/product"}],"about":[{"href":"https:\/\/myspainfood.com\/no\/wp-json\/wp\/v2\/types\/product"}],"wp:featuredmedia":[{"embeddable":true,"href":"https:\/\/myspainfood.com\/no\/wp-json\/wp\/v2\/media\/7409"}],"wp:attachment":[{"href":"https:\/\/myspainfood.com\/no\/wp-json\/wp\/v2\/media?parent=48452"}],"wp:term":[{"taxonomy":"product_brand","embeddable":true,"href":"https:\/\/myspainfood.com\/no\/wp-json\/wp\/v2\/product_brand?post=48452"},{"taxonomy":"product_cat","embeddable":true,"href":"https:\/\/myspainfood.com\/no\/wp-json\/wp\/v2\/product_cat?post=48452"},{"taxonomy":"product_tag","embeddable":true,"href":"https:\/\/myspainfood.com\/no\/wp-json\/wp\/v2\/product_tag?post=48452"}],"curies":[{"name":"wp","href":"https:\/\/api.w.org\/{rel}","templated":true}]}}