{"id":48512,"date":"2025-04-10T12:10:00","date_gmt":"2025-04-10T10:10:00","guid":{"rendered":"https:\/\/myspainfood.com\/producto\/alino-de-mi-pueblo-chicon-oliven-900-gram-pakke-6-stk\/"},"modified":"2025-04-10T12:10:00","modified_gmt":"2025-04-10T10:10:00","slug":"alino-de-mi-pueblo-chicon-oliven-900-gram-pakke-6-stk","status":"publish","type":"product","link":"https:\/\/myspainfood.com\/no\/producto\/alino-de-mi-pueblo-chicon-oliven-900-gram-pakke-6-stk\/","title":{"rendered":"Ali\u00f1o de mi pueblo Chic\u00f3n oliven 900 gram pakke 6 stk."},"content":{"rendered":"<p>&laquo;Ali\u00f1o de mi Pueblo&raquo; <strong>manzanilla-krydret oliven<\/strong> er <a href=\"https:\/\/aceitunaschiconlebron.com\/catalogo-productos\/comprar-aceitunas\/deshuesadas\/\" target=\"_blank\" rel=\"noopener noreferrer nofollow\">utsteinede oliven<\/a> krydret med de beste ingrediensene etter en tradisjonell oppskrift.<\/p>\n<p>Hemmeligheten bak den spesielle smaken av disse olivenene ligger i bruken av naturlige krydder og temperaturkontroll.<\/p>\n<p>Ali\u00f1o de mi pueblo-oliven er myke, og det saftige fruktkj\u00f8ttet gir dem en umiskjennelig smak.<\/p>\n<p>De hjemmelagde <a href=\"https:\/\/latiendadesami.com\/categoria-producto\/encurtidos\/\" target=\"_blank\" rel=\"noopener noreferrer nofollow\">syltede<\/a> olivenene, som er lagt i saltlake og behandlet for \u00e5 redusere surhetsgraden, er et vanlig syn p\u00e5 mange terrasser og restauranter.<\/p>\n<h3>Fordelene med Ali\u00f1o de mi Pueblo-oliven<\/h3>\n<p>Visste du at <strong>oliven<\/strong> har mange fordeler? De er sv\u00e6rt effektive n\u00e5r det gjelder \u00e5 forebygge hjerte- og karsykdommer generelt. <\/p>\n<p>Dette skyldes det h\u00f8ye innholdet av umettet fett. I tillegg er det en matvare som inneholder mye jern og fiber og er sv\u00e6rt mettende, noe som gj\u00f8r det til et perfekt mellomm\u00e5ltid. <\/p>\n<p>Hvis du \u00f8nsker \u00e5 kj\u00f8pe oliven eller andre typer <a href=\"https:\/\/latiendadesami.com\/categoria-producto\/encurtidos\/\" rel=\"noopener noreferrer nofollow\" target=\"_blank\">syltet mat<\/a>, ikke n\u00f8l med \u00e5 ta en titt p\u00e5 v\u00e5r online katalog for \u00e5 se det brede utvalget av <a href=\"https:\/\/latiendadesami.com\/categoria-producto\/encurtidos\/aceitunas\/\" target=\"_blank\" rel=\"noopener noreferrer nofollow\">oliven<\/a> vi har.<\/p>\n","protected":false},"excerpt":{"rendered":"<p>&laquo;Ali\u00f1o de mi Pueblo&raquo; manzanilla-krydret oliven er utsteinede oliven krydret med de beste ingrediensene etter en tradisjonell oppskrift. Hemmeligheten bak den spesielle smaken av disse olivenene ligger i bruken av naturlige krydder og temperaturkontroll. Ali\u00f1o de mi pueblo-oliven er myke, og det saftige fruktkj\u00f8ttet gir dem en umiskjennelig smak. De hjemmelagde syltede olivenene, som er [&hellip;]<\/p>\n","protected":false},"featured_media":12315,"template":"","meta":{"_et_pb_use_builder":"","_et_pb_old_content":"","_et_gb_content_width":""},"product_brand":[1036],"product_cat":[2943,3118],"product_tag":[9860],"class_list":{"0":"post-48512","1":"product","2":"type-product","3":"status-publish","4":"has-post-thumbnail","6":"product_brand-chicon","7":"product_cat-engroshandel","8":"product_cat-pickles-no-2","9":"product_tag-landsby","11":"first","12":"instock","13":"taxable","14":"shipping-taxable","15":"purchasable","16":"product-type-variable"},"_links":{"self":[{"href":"https:\/\/myspainfood.com\/no\/wp-json\/wp\/v2\/product\/48512","targetHints":{"allow":["GET"]}}],"collection":[{"href":"https:\/\/myspainfood.com\/no\/wp-json\/wp\/v2\/product"}],"about":[{"href":"https:\/\/myspainfood.com\/no\/wp-json\/wp\/v2\/types\/product"}],"wp:featuredmedia":[{"embeddable":true,"href":"https:\/\/myspainfood.com\/no\/wp-json\/wp\/v2\/media\/12315"}],"wp:attachment":[{"href":"https:\/\/myspainfood.com\/no\/wp-json\/wp\/v2\/media?parent=48512"}],"wp:term":[{"taxonomy":"product_brand","embeddable":true,"href":"https:\/\/myspainfood.com\/no\/wp-json\/wp\/v2\/product_brand?post=48512"},{"taxonomy":"product_cat","embeddable":true,"href":"https:\/\/myspainfood.com\/no\/wp-json\/wp\/v2\/product_cat?post=48512"},{"taxonomy":"product_tag","embeddable":true,"href":"https:\/\/myspainfood.com\/no\/wp-json\/wp\/v2\/product_tag?post=48512"}],"curies":[{"name":"wp","href":"https:\/\/api.w.org\/{rel}","templated":true}]}}