{"id":49267,"date":"2025-04-10T12:07:46","date_gmt":"2025-04-10T10:07:46","guid":{"rendered":"https:\/\/myspainfood.com\/producto\/manzanilla-4-kg-kaliber-180-200\/"},"modified":"2025-07-31T16:42:16","modified_gmt":"2025-07-31T14:42:16","slug":"manzanilla-4-kg-kaliber-180-200","status":"publish","type":"product","link":"https:\/\/myspainfood.com\/no\/producto\/manzanilla-4-kg-kaliber-180-200\/","title":{"rendered":"Manzanilla 4 kg kaliber 180\/200"},"content":{"rendered":"<p>Manzanilla-oliven 180\/200 kaliber 4 kg beholder sin <a href=\"https:\/\/www.google.com\/search?q=aceituna+manzanilla+calibre&amp;tbm=isch&amp;ved=2ahUKEwjzs-WOhPD1AhWHh1wKHXXjAgAQ2-cCegQIABAA&amp;oq=aceituna+manzanilla+calibre&amp;gs_lcp=CgNpbWcQA1CzBli4GGC8GWgAcAB4AIABbYgBzQySAQQxNy4ymAEAoAEBqgELZ3dzLXdpei1pbWfAAQE&amp;sclient=img&amp;ei=6FcCYvOfBoeP8gL1xgs&amp;bih=780&amp;biw=1577\" target=\"_blank\" rel=\"noopener noreferrer nofollow\">opprinnelige<\/a> form, og steinen blir liggende inne i frukten.<\/p>\n<p>Ulike varianter av oliventreet (Olea europaea) er kjent som kamille.<\/p>\n<p>Dette navnet er ogs\u00e5 gitt til frukten eller olivenen de produserer.<\/p>\n<p>De viktigste variantene er manzanilla sevillana, manzanilla cacere\u00f1a og manzanilla alore\u00f1a.<\/p>\n<p>Det anbefales \u00e5 oppbevare disse hele olivenene p\u00e5 et kj\u00f8lig, t\u00f8rt sted, beskyttet mot sollys.<\/p>\n<h3>Fordeler med Kamille 180\/200 kaliber 4kg<\/h3>\n<p>Visste du at oliven har mange fordeler? De er sv\u00e6rt effektive n\u00e5r det gjelder \u00e5 forebygge hjerte- og karsykdommer generelt. <\/p>\n<p>Dette skyldes det h\u00f8ye innholdet av umettet fett. I tillegg er det en matvare som inneholder mye jern og fiber og er sv\u00e6rt mettende, noe som gj\u00f8r det til et perfekt mellomm\u00e5ltid. <\/p>\n<p>Hvis du \u00f8nsker \u00e5 kj\u00f8pe oliven eller andre typer <a href=\"https:\/\/latiendadesami.com\/categoria-producto\/encurtidos\/\" rel=\"noopener noreferrer nofollow\" target=\"_blank\">syltet mat<\/a>, ikke n\u00f8l med \u00e5 ta en titt p\u00e5 v\u00e5r online katalog for \u00e5 se det brede utvalget av <a href=\"https:\/\/latiendadesami.com\/categoria-producto\/encurtidos\/aceitunas\/\" target=\"_blank\" rel=\"noopener noreferrer nofollow\">oliven<\/a> vi har.<\/p>\n","protected":false},"excerpt":{"rendered":"<p>Manzanilla-oliven 180\/200 kaliber 4 kg beholder sin opprinnelige form, og steinen blir liggende inne i frukten. Ulike varianter av oliventreet (Olea europaea) er kjent som kamille. Dette navnet er ogs\u00e5 gitt til frukten eller olivenen de produserer. De viktigste variantene er manzanilla sevillana, manzanilla cacere\u00f1a og manzanilla alore\u00f1a. Det anbefales \u00e5 oppbevare disse hele olivenene [&hellip;]<\/p>\n","protected":false},"featured_media":10128,"template":"","meta":{"_et_pb_use_builder":"","_et_pb_old_content":"","_et_gb_content_width":""},"product_brand":[1069],"product_cat":[1556,1555],"product_tag":[2050],"class_list":{"0":"post-49267","1":"product","2":"type-product","3":"status-publish","4":"has-post-thumbnail","6":"product_brand-sangar","7":"product_cat-oliven","8":"product_cat-pickles-no","9":"product_tag-kamille-no","11":"first","12":"outofstock","13":"taxable","14":"shipping-taxable","15":"purchasable","16":"product-type-simple"},"_links":{"self":[{"href":"https:\/\/myspainfood.com\/no\/wp-json\/wp\/v2\/product\/49267","targetHints":{"allow":["GET"]}}],"collection":[{"href":"https:\/\/myspainfood.com\/no\/wp-json\/wp\/v2\/product"}],"about":[{"href":"https:\/\/myspainfood.com\/no\/wp-json\/wp\/v2\/types\/product"}],"wp:featuredmedia":[{"embeddable":true,"href":"https:\/\/myspainfood.com\/no\/wp-json\/wp\/v2\/media\/10128"}],"wp:attachment":[{"href":"https:\/\/myspainfood.com\/no\/wp-json\/wp\/v2\/media?parent=49267"}],"wp:term":[{"taxonomy":"product_brand","embeddable":true,"href":"https:\/\/myspainfood.com\/no\/wp-json\/wp\/v2\/product_brand?post=49267"},{"taxonomy":"product_cat","embeddable":true,"href":"https:\/\/myspainfood.com\/no\/wp-json\/wp\/v2\/product_cat?post=49267"},{"taxonomy":"product_tag","embeddable":true,"href":"https:\/\/myspainfood.com\/no\/wp-json\/wp\/v2\/product_tag?post=49267"}],"curies":[{"name":"wp","href":"https:\/\/api.w.org\/{rel}","templated":true}]}}