{"id":49286,"date":"2025-04-10T12:07:47","date_gmt":"2025-04-10T10:07:47","guid":{"rendered":"https:\/\/myspainfood.com\/producto\/manzanilla-4-kg-242-aperitiff\/"},"modified":"2025-04-10T12:07:47","modified_gmt":"2025-04-10T10:07:47","slug":"manzanilla-4-kg-242-aperitiff","status":"publish","type":"product","link":"https:\/\/myspainfood.com\/no\/producto\/manzanilla-4-kg-242-aperitiff\/","title":{"rendered":"Manzanilla 4 kg 242 aperitiff"},"content":{"rendered":"<p>Navnet &laquo;manzanilla&raquo; er gitt til ulike varianter av oliventreet (Olea europaea). Dette navnet er ogs\u00e5 gitt til frukten eller olivenen de produserer. De viktigste variantene er manzanilla sevillana, manzanilla cacere\u00f1a og manzanilla alore\u00f1a.    <\/p>\n","protected":false},"excerpt":{"rendered":"<p>Navnet &laquo;manzanilla&raquo; er gitt til ulike varianter av oliventreet (Olea europaea). Dette navnet er ogs\u00e5 gitt til frukten eller olivenen de produserer. De viktigste variantene er manzanilla sevillana, manzanilla cacere\u00f1a og manzanilla alore\u00f1a.<\/p>\n","protected":false},"featured_media":10146,"template":"","meta":{"_et_pb_use_builder":"","_et_pb_old_content":"","_et_gb_content_width":""},"product_brand":[1069],"product_cat":[1556,1555],"product_tag":[2050],"class_list":{"0":"post-49286","1":"product","2":"type-product","3":"status-publish","4":"has-post-thumbnail","6":"product_brand-sangar","7":"product_cat-oliven","8":"product_cat-pickles-no","9":"product_tag-kamille-no","11":"first","12":"outofstock","13":"taxable","14":"shipping-taxable","15":"purchasable","16":"product-type-simple"},"_links":{"self":[{"href":"https:\/\/myspainfood.com\/no\/wp-json\/wp\/v2\/product\/49286","targetHints":{"allow":["GET"]}}],"collection":[{"href":"https:\/\/myspainfood.com\/no\/wp-json\/wp\/v2\/product"}],"about":[{"href":"https:\/\/myspainfood.com\/no\/wp-json\/wp\/v2\/types\/product"}],"wp:featuredmedia":[{"embeddable":true,"href":"https:\/\/myspainfood.com\/no\/wp-json\/wp\/v2\/media\/10146"}],"wp:attachment":[{"href":"https:\/\/myspainfood.com\/no\/wp-json\/wp\/v2\/media?parent=49286"}],"wp:term":[{"taxonomy":"product_brand","embeddable":true,"href":"https:\/\/myspainfood.com\/no\/wp-json\/wp\/v2\/product_brand?post=49286"},{"taxonomy":"product_cat","embeddable":true,"href":"https:\/\/myspainfood.com\/no\/wp-json\/wp\/v2\/product_cat?post=49286"},{"taxonomy":"product_tag","embeddable":true,"href":"https:\/\/myspainfood.com\/no\/wp-json\/wp\/v2\/product_tag?post=49286"}],"curies":[{"name":"wp","href":"https:\/\/api.w.org\/{rel}","templated":true}]}}