{"id":49316,"date":"2025-04-10T12:07:48","date_gmt":"2025-04-10T10:07:48","guid":{"rendered":"https:\/\/myspainfood.com\/producto\/ribera-zahon-eik-4-maneder-12-flasker\/"},"modified":"2025-04-10T12:07:48","modified_gmt":"2025-04-10T10:07:48","slug":"ribera-zahon-eik-4-maneder-12-flasker","status":"publish","type":"product","link":"https:\/\/myspainfood.com\/no\/producto\/ribera-zahon-eik-4-maneder-12-flasker\/","title":{"rendered":"Ribera. Zah\u00f3n eik 4 m\u00e5neder 12 FLASKER"},"content":{"rendered":"<div class=\"et_pb_tab clearfix et_pb_active_content et-pb-active-slide\">\n<div class=\"et_pb_tab_content\">\n<div class=\"elementor-element elementor-element-3231827 elementor-position-left elementor-vertical-align-top elementor-widget elementor-widget-image-box\" data-id=\"3231827\" data-element_type=\"widget\" data-widget_type=\"image-box.default\">\n<div class=\"elementor-widget-container\">\n<div class=\"elementor-image-box-wrapper\">\n<div class=\"elementor-image-box-content\">Laget med r\u00f8dvin fra Ribera del Duero.<\/div>\n<\/div>\n<\/div>\n<\/div>\n<div class=\"elementor-element elementor-element-8812cdc elementor-position-left elementor-vertical-align-top elementor-widget elementor-widget-image-box\" data-id=\"8812cdc\" data-element_type=\"widget\" data-widget_type=\"image-box.default\">\n<div class=\"elementor-widget-container\">\n<div class=\"elementor-image-box-wrapper\">\n<figure class=\"elementor-image-box-img\"><\/figure>\n<div class=\"elementor-image-box-content\">\n<h4 class=\"elementor-image-box-title\">Oppvekst<\/h4>\n<p class=\"elementor-image-box-description\">4 m\u00e5neder p\u00e5 franske og amerikanske eikefat.<\/p>\n<\/div>\n<\/div>\n<\/div>\n<\/div>\n<div class=\"elementor-element elementor-element-fc031ed elementor-position-left elementor-vertical-align-top elementor-widget elementor-widget-image-box\" data-id=\"fc031ed\" data-element_type=\"widget\" data-widget_type=\"image-box.default\">\n<div class=\"elementor-widget-container\">\n<div class=\"elementor-image-box-wrapper\">\n<figure class=\"elementor-image-box-img\"><\/figure>\n<div class=\"elementor-image-box-content\">\n<h4 class=\"elementor-image-box-title\">Funksjoner<\/h4>\n<p class=\"elementor-image-box-description\">H\u00f8stet for h\u00e5nd og lagret i 4 m\u00e5neder.<\/p>\n<\/div>\n<\/div>\n<\/div>\n<\/div>\n<div class=\"elementor-element elementor-element-a918b0e elementor-position-left elementor-vertical-align-top elementor-widget elementor-widget-image-box\" data-id=\"a918b0e\" data-element_type=\"widget\" data-widget_type=\"image-box.default\">\n<div class=\"elementor-widget-container\">\n<div class=\"elementor-image-box-wrapper\">\n<figure class=\"elementor-image-box-img\"><\/figure>\n<div class=\"elementor-image-box-content\">\n<p class=\"elementor-image-box-description\">\n<\/div>\n<\/div>\n<\/div>\n<\/div>\n<\/div>\n<\/div>\n","protected":false},"excerpt":{"rendered":"<p>Ribera-vin<\/p>\n","protected":false},"featured_media":10164,"template":"","meta":{"_et_pb_use_builder":"","_et_pb_old_content":"","_et_gb_content_width":""},"product_brand":[1249],"product_cat":[4884,5246],"product_tag":[9952],"class_list":{"0":"post-49316","1":"product","2":"type-product","3":"status-publish","4":"has-post-thumbnail","6":"product_brand-zahon","7":"product_cat-drikkevarer","8":"product_cat-vin-no-2","9":"product_tag-zahon-eik-4-maneder","11":"first","12":"outofstock","13":"sale","14":"taxable","15":"shipping-taxable","16":"purchasable","17":"product-type-simple"},"_links":{"self":[{"href":"https:\/\/myspainfood.com\/no\/wp-json\/wp\/v2\/product\/49316","targetHints":{"allow":["GET"]}}],"collection":[{"href":"https:\/\/myspainfood.com\/no\/wp-json\/wp\/v2\/product"}],"about":[{"href":"https:\/\/myspainfood.com\/no\/wp-json\/wp\/v2\/types\/product"}],"wp:featuredmedia":[{"embeddable":true,"href":"https:\/\/myspainfood.com\/no\/wp-json\/wp\/v2\/media\/10164"}],"wp:attachment":[{"href":"https:\/\/myspainfood.com\/no\/wp-json\/wp\/v2\/media?parent=49316"}],"wp:term":[{"taxonomy":"product_brand","embeddable":true,"href":"https:\/\/myspainfood.com\/no\/wp-json\/wp\/v2\/product_brand?post=49316"},{"taxonomy":"product_cat","embeddable":true,"href":"https:\/\/myspainfood.com\/no\/wp-json\/wp\/v2\/product_cat?post=49316"},{"taxonomy":"product_tag","embeddable":true,"href":"https:\/\/myspainfood.com\/no\/wp-json\/wp\/v2\/product_tag?post=49316"}],"curies":[{"name":"wp","href":"https:\/\/api.w.org\/{rel}","templated":true}]}}