{"id":50670,"date":"2025-05-21T08:44:03","date_gmt":"2025-05-21T06:44:03","guid":{"rendered":"https:\/\/myspainfood.com\/producto\/kamille-med-bein-900-gr-chicon\/"},"modified":"2026-01-29T12:58:00","modified_gmt":"2026-01-29T11:58:00","slug":"kamille-med-bein-900-gr-chicon","status":"publish","type":"product","link":"https:\/\/myspainfood.com\/no\/producto\/kamille-med-bein-900-gr-chicon\/","title":{"rendered":"Kamille med bein 900 gr Chic\u00f3n"},"content":{"rendered":"<p>Hele Manzanilla-oliven med stein beholder sin opprinnelige form, og steinen blir liggende inne i frukten.<\/p>\n<p>Det anbefales \u00e5 oppbevare disse hele olivenene p\u00e5 et kj\u00f8lig, t\u00f8rt sted, beskyttet mot sollys.<\/p>\n<h3>Fordelene med Manzanilla-oliven med <a href=\"https:\/\/aceitunaschiconlebron.com\/catalogo-productos\/comprar-aceitunas\/deshuesadas\/\" target=\"_blank\" rel=\"noopener noreferrer nofollow\">Chic\u00f3n-kjerner<\/a><\/h3>\n<p>Visste du at oliven har mange fordeler? De er sv\u00e6rt effektive n\u00e5r det gjelder \u00e5 forebygge hjerte- og karsykdommer generelt. <\/p>\n<p>Dette skyldes det h\u00f8ye innholdet av umettet fett. I tillegg er det en matvare som inneholder mye jern og fiber og er sv\u00e6rt mettende, noe som gj\u00f8r det til et perfekt mellomm\u00e5ltid. <\/p>\n<p>Hvis du \u00f8nsker \u00e5 kj\u00f8pe oliven eller andre typer <a href=\"https:\/\/latiendadesami.com\/categoria-producto\/encurtidos\/\" rel=\"noopener noreferrer nofollow\" target=\"_blank\">sylteagurk<\/a>, ikke n\u00f8l med \u00e5 ta en titt p\u00e5 v\u00e5r online katalog for \u00e5 se det brede utvalget av <a href=\"https:\/\/latiendadesami.com\/categoria-producto\/encurtidos\/aceitunas\/\" target=\"_blank\" rel=\"noopener noreferrer nofollow\">oliven<\/a> vi har.<\/p>\n","protected":false},"excerpt":{"rendered":"<p>Hele Manzanilla-oliven med stein beholder sin opprinnelige form, og steinen blir liggende inne i frukten. Det anbefales \u00e5 oppbevare disse hele olivenene p\u00e5 et kj\u00f8lig, t\u00f8rt sted, beskyttet mot sollys. Fordelene med Manzanilla-oliven med Chic\u00f3n-kjerner Visste du at oliven har mange fordeler? De er sv\u00e6rt effektive n\u00e5r det gjelder \u00e5 forebygge hjerte- og karsykdommer generelt. [&hellip;]<\/p>\n","protected":false},"featured_media":50344,"template":"","meta":{"_et_pb_use_builder":"","_et_pb_old_content":"","_et_gb_content_width":""},"product_brand":[1036],"product_cat":[1556,1555],"product_tag":[2050,10034],"class_list":{"0":"post-50670","1":"product","2":"type-product","3":"status-publish","4":"has-post-thumbnail","6":"product_brand-chicon","7":"product_cat-oliven","8":"product_cat-pickles-no","9":"product_tag-kamille-no","10":"product_tag-med-bone","12":"first","13":"instock","14":"taxable","15":"shipping-taxable","16":"purchasable","17":"product-type-variable"},"_links":{"self":[{"href":"https:\/\/myspainfood.com\/no\/wp-json\/wp\/v2\/product\/50670","targetHints":{"allow":["GET"]}}],"collection":[{"href":"https:\/\/myspainfood.com\/no\/wp-json\/wp\/v2\/product"}],"about":[{"href":"https:\/\/myspainfood.com\/no\/wp-json\/wp\/v2\/types\/product"}],"wp:featuredmedia":[{"embeddable":true,"href":"https:\/\/myspainfood.com\/no\/wp-json\/wp\/v2\/media\/50344"}],"wp:attachment":[{"href":"https:\/\/myspainfood.com\/no\/wp-json\/wp\/v2\/media?parent=50670"}],"wp:term":[{"taxonomy":"product_brand","embeddable":true,"href":"https:\/\/myspainfood.com\/no\/wp-json\/wp\/v2\/product_brand?post=50670"},{"taxonomy":"product_cat","embeddable":true,"href":"https:\/\/myspainfood.com\/no\/wp-json\/wp\/v2\/product_cat?post=50670"},{"taxonomy":"product_tag","embeddable":true,"href":"https:\/\/myspainfood.com\/no\/wp-json\/wp\/v2\/product_tag?post=50670"}],"curies":[{"name":"wp","href":"https:\/\/api.w.org\/{rel}","templated":true}]}}