{"id":51031,"date":"2025-05-21T09:40:50","date_gmt":"2025-05-21T07:40:50","guid":{"rendered":"https:\/\/myspainfood.com\/producto\/kimbitos-oliven-og-agurk-900-gr-chicon\/"},"modified":"2026-04-19T13:44:40","modified_gmt":"2026-04-19T11:44:40","slug":"kimbitos-oliven-og-agurk-900-gr-chicon","status":"publish","type":"product","link":"https:\/\/myspainfood.com\/no\/producto\/kimbitos-oliven-og-agurk-900-gr-chicon\/","title":{"rendered":"Kimbitos - oliven og agurk 900 gr Chic\u00f3n"},"content":{"rendered":"<p><a href=\"https:\/\/aceitunaschiconlebron.com\/catalogo\/manzanilla-rellena-de-pepinillo\/\" target=\"_blank\" rel=\"noopener noreferrer nofollow\">Kimbitos oliven og agurk<\/a>, med en mild s\u00f8tsyrlig smak.<\/p>\n<h3>Egenskapene til Manzanilla- eller Kimbitos-oliven<\/h3>\n<p>Manzanilla-oliven, som opprinnelig kommer fra Spania, har mange fordeler, blant annet f\u00f8lgende:<\/p>\n<p>De inneholder store mengder antioksidanter.<\/p>\n<p>De senker blodtrykket og kolesterolet.<\/p>\n<p>forebygger noen typer kreft.<\/p>\n<p>De fungerer som et naturlig probiotikum.<\/p>\n<p>Forbedre hjertehelsen.<\/p>\n<p>De bidrar til \u00e5 bekjempe infeksjoner.<\/p>\n<p>De forebygger benskj\u00f8rhet.<\/p>\n<p>Visste du at Kimbitos-oliven har mange fordeler? De har en h\u00f8y effekt n\u00e5r det gjelder \u00e5 forebygge hjerte- og karsykdommer generelt. <\/p>\n<p>Hvis du \u00f8nsker \u00e5 kj\u00f8pe oliven eller andre typer <a href=\"https:\/\/latiendadesami.com\/categoria-producto\/encurtidos\/\" rel=\"noopener noreferrer nofollow\" target=\"_blank\">sylteagurk<\/a>, ikke n\u00f8l med \u00e5 ta en titt p\u00e5 v\u00e5r online katalog for \u00e5 se det brede utvalget av <a href=\"https:\/\/latiendadesami.com\/categoria-producto\/encurtidos\/aceitunas\/\" target=\"_blank\" rel=\"noopener noreferrer nofollow\">oliven<\/a> vi har.<\/p>\n","protected":false},"excerpt":{"rendered":"<p>Kimbitos oliven og agurk, med en mild s\u00f8tsyrlig smak. Egenskapene til Manzanilla- eller Kimbitos-oliven Manzanilla-oliven, som opprinnelig kommer fra Spania, har mange fordeler, blant annet f\u00f8lgende: De inneholder store mengder antioksidanter. De senker blodtrykket og kolesterolet. forebygger noen typer kreft. De fungerer som et naturlig probiotikum. Forbedre hjertehelsen. De bidrar til \u00e5 bekjempe infeksjoner. De [&hellip;]<\/p>\n","protected":false},"featured_media":7131,"template":"","meta":{"_et_pb_use_builder":"","_et_pb_old_content":"","_et_gb_content_width":""},"product_brand":[1036],"product_cat":[2005,1556,1555],"product_tag":[2030,2050,1617],"class_list":{"0":"post-51031","1":"product","2":"type-product","3":"status-publish","4":"has-post-thumbnail","6":"product_brand-chicon","7":"product_cat-agurker-no","8":"product_cat-oliven","9":"product_cat-pickles-no","10":"product_tag-gherkin-no","11":"product_tag-kamille-no","12":"product_tag-kimbo-no","14":"first","15":"instock","16":"taxable","17":"shipping-taxable","18":"purchasable","19":"product-type-variable"},"_links":{"self":[{"href":"https:\/\/myspainfood.com\/no\/wp-json\/wp\/v2\/product\/51031","targetHints":{"allow":["GET"]}}],"collection":[{"href":"https:\/\/myspainfood.com\/no\/wp-json\/wp\/v2\/product"}],"about":[{"href":"https:\/\/myspainfood.com\/no\/wp-json\/wp\/v2\/types\/product"}],"wp:featuredmedia":[{"embeddable":true,"href":"https:\/\/myspainfood.com\/no\/wp-json\/wp\/v2\/media\/7131"}],"wp:attachment":[{"href":"https:\/\/myspainfood.com\/no\/wp-json\/wp\/v2\/media?parent=51031"}],"wp:term":[{"taxonomy":"product_brand","embeddable":true,"href":"https:\/\/myspainfood.com\/no\/wp-json\/wp\/v2\/product_brand?post=51031"},{"taxonomy":"product_cat","embeddable":true,"href":"https:\/\/myspainfood.com\/no\/wp-json\/wp\/v2\/product_cat?post=51031"},{"taxonomy":"product_tag","embeddable":true,"href":"https:\/\/myspainfood.com\/no\/wp-json\/wp\/v2\/product_tag?post=51031"}],"curies":[{"name":"wp","href":"https:\/\/api.w.org\/{rel}","templated":true}]}}