{"id":51134,"date":"2025-05-21T09:40:50","date_gmt":"2025-05-21T07:40:50","guid":{"rendered":"https:\/\/myspainfood.com\/producto\/eggerore-extra-900-gr-chicon\/"},"modified":"2026-01-29T13:04:34","modified_gmt":"2026-01-29T12:04:34","slug":"eggerore-extra-900-gr-chicon","status":"publish","type":"product","link":"https:\/\/myspainfood.com\/no\/producto\/eggerore-extra-900-gr-chicon\/","title":{"rendered":"Egger\u00f8re Extra 900 gr Chic\u00f3n"},"content":{"rendered":"<p>V\u00e5r ekstra egger\u00f8re med oliven og sylteagurk best\u00e5r av <a href=\"https:\/\/aceitunaschiconlebron.com\/catalogo\/revuelto-extra-aceitunas-encurtidos\/\" target=\"_blank\" rel=\"noopener noreferrer nofollow\">manzanillaoliven<\/a>, agurk, l\u00f8k og gulrot.<\/p>\n<p>Denne kombinasjonen av oliven og sylteagurk gj\u00f8r det mulig \u00e5 nyte en usl\u00e5elig smak i tapas eller forretter.<\/p>\n<p>Det er et sv\u00e6rt sunt supplement til v\u00e5rt tradisjonelle, n\u00e6ringsrike middelhavskosthold.<\/p>\n<p>Pickles har g\u00e5tt fra \u00e5 v\u00e6re en eldgammel teknikk for konservering av mat over hele verden til \u00e5 bli en av de mest popul\u00e6re tapasene eller forrettene i spansk gastronomi.<\/p>\n<h3><strong>Fordeler med Scrambled Extra<\/strong><\/h3>\n<p>Visste du om fordelene med Revuelto Extra og sylteagurk generelt? Her er en liste over de viktigste: <\/p>\n<ul>\n<li>Rik p\u00e5 probiotika.<\/li>\n<li>De hjelper ford\u00f8yelsen.<\/li>\n<li>De styrker immunforsvaret.<\/li>\n<li>De reduserer suget etter sukker.<\/li>\n<li>Gunstig for gallebl\u00e6ren.<\/li>\n<\/ul>\n<p>Hvis du \u00f8nsker \u00e5 kj\u00f8pe oliven eller andre typer <a href=\"https:\/\/latiendadesami.com\/categoria-producto\/encurtidos\/\" rel=\"noopener noreferrer nofollow\" target=\"_blank\">sylteagurk<\/a>, ikke n\u00f8l med \u00e5 ta en titt p\u00e5 v\u00e5r online katalog for \u00e5 se det brede utvalget av <a href=\"https:\/\/latiendadesami.com\/categoria-producto\/encurtidos\/aceitunas\/\" target=\"_blank\" rel=\"noopener noreferrer nofollow\">oliven<\/a> vi har.<\/p>\n","protected":false},"excerpt":{"rendered":"<p>V\u00e5r ekstra egger\u00f8re med oliven og sylteagurk best\u00e5r av manzanillaoliven, agurk, l\u00f8k og gulrot. Denne kombinasjonen av oliven og sylteagurk gj\u00f8r det mulig \u00e5 nyte en usl\u00e5elig smak i tapas eller forretter. Det er et sv\u00e6rt sunt supplement til v\u00e5rt tradisjonelle, n\u00e6ringsrike middelhavskosthold. Pickles har g\u00e5tt fra \u00e5 v\u00e6re en eldgammel teknikk for konservering av [&hellip;]<\/p>\n","protected":false},"featured_media":50832,"template":"","meta":{"_et_pb_use_builder":"","_et_pb_old_content":"","_et_gb_content_width":""},"product_brand":[1036],"product_cat":[1556,1555],"product_tag":[8115],"class_list":{"0":"post-51134","1":"product","2":"type-product","3":"status-publish","4":"has-post-thumbnail","6":"product_brand-chicon","7":"product_cat-oliven","8":"product_cat-pickles-no","9":"product_tag-eggerore","11":"first","12":"instock","13":"taxable","14":"shipping-taxable","15":"purchasable","16":"product-type-variable"},"_links":{"self":[{"href":"https:\/\/myspainfood.com\/no\/wp-json\/wp\/v2\/product\/51134","targetHints":{"allow":["GET"]}}],"collection":[{"href":"https:\/\/myspainfood.com\/no\/wp-json\/wp\/v2\/product"}],"about":[{"href":"https:\/\/myspainfood.com\/no\/wp-json\/wp\/v2\/types\/product"}],"wp:featuredmedia":[{"embeddable":true,"href":"https:\/\/myspainfood.com\/no\/wp-json\/wp\/v2\/media\/50832"}],"wp:attachment":[{"href":"https:\/\/myspainfood.com\/no\/wp-json\/wp\/v2\/media?parent=51134"}],"wp:term":[{"taxonomy":"product_brand","embeddable":true,"href":"https:\/\/myspainfood.com\/no\/wp-json\/wp\/v2\/product_brand?post=51134"},{"taxonomy":"product_cat","embeddable":true,"href":"https:\/\/myspainfood.com\/no\/wp-json\/wp\/v2\/product_cat?post=51134"},{"taxonomy":"product_tag","embeddable":true,"href":"https:\/\/myspainfood.com\/no\/wp-json\/wp\/v2\/product_tag?post=51134"}],"curies":[{"name":"wp","href":"https:\/\/api.w.org\/{rel}","templated":true}]}}