{"id":51411,"date":"2025-05-21T10:50:34","date_gmt":"2025-05-21T08:50:34","guid":{"rendered":"https:\/\/myspainfood.com\/producto\/bestemors-hemmelighet\/"},"modified":"2026-01-29T13:13:26","modified_gmt":"2026-01-29T12:13:26","slug":"bestemors-hemmelighet","status":"publish","type":"product","link":"https:\/\/myspainfood.com\/no\/producto\/bestemors-hemmelighet\/","title":{"rendered":"Bestemors hemmelighet"},"content":{"rendered":"<p>Olives Secreto de la Abuela er en kombinasjon av utsteinede gordaloliven, hvit hvitl\u00f8k, kapers og auberginestykker.<\/p>\n<p>Krydderet er <a href=\"https:\/\/aceitunaschiconlebron.com\/\" target=\"_blank\" rel=\"noopener noreferrer nofollow\">Chic\u00f3ns<\/a> eget.<\/p>\n<h3><strong>Fordelene med Secreto de la Abuela-oliven<\/strong><\/h3>\n<p>Visste du om fordelene med denne typen oliven og sylteagurk generelt? Her er en liste over de viktigste: <\/p>\n<ul>\n<li>Rik p\u00e5 probiotika.<\/li>\n<li>De hjelper ford\u00f8yelsen.<\/li>\n<li>De styrker immunforsvaret.<\/li>\n<li>De reduserer suget etter sukker.<\/li>\n<li>Gunstig for gallebl\u00e6ren.<\/li>\n<\/ul>\n<p>&nbsp;<\/p>\n<p>Hvis du \u00f8nsker \u00e5 kj\u00f8pe oliven eller andre typer <a href=\"https:\/\/latiendadesami.com\/categoria-producto\/encurtidos\/\" rel=\"noopener noreferrer nofollow\" target=\"_blank\">sylteagurk<\/a>, ikke n\u00f8l med \u00e5 ta en titt p\u00e5 v\u00e5r online katalog for \u00e5 se det brede utvalget av <a href=\"https:\/\/latiendadesami.com\/categoria-producto\/encurtidos\/aceitunas\/\" target=\"_blank\" rel=\"noopener noreferrer nofollow\">oliven<\/a> vi har.<\/p>\n","protected":false},"excerpt":{"rendered":"<p>Olives Secreto de la Abuela er en kombinasjon av utsteinede gordaloliven, hvit hvitl\u00f8k, kapers og auberginestykker. Krydderet er Chic\u00f3ns eget. Fordelene med Secreto de la Abuela-oliven Visste du om fordelene med denne typen oliven og sylteagurk generelt? Her er en liste over de viktigste: Rik p\u00e5 probiotika. De hjelper ford\u00f8yelsen. De styrker immunforsvaret. De reduserer [&hellip;]<\/p>\n","protected":false},"featured_media":51213,"template":"","meta":{"_et_pb_use_builder":"","_et_pb_old_content":"","_et_gb_content_width":""},"product_brand":[1036],"product_cat":[1556,1555],"product_tag":[1557,10132],"class_list":{"0":"post-51411","1":"product","2":"type-product","3":"status-publish","4":"has-post-thumbnail","6":"product_brand-chicon","7":"product_cat-oliven","8":"product_cat-pickles-no","9":"product_tag-bestemor","10":"product_tag-hemmelig-no","12":"first","13":"outofstock","14":"taxable","15":"shipping-taxable","16":"product-type-variable"},"_links":{"self":[{"href":"https:\/\/myspainfood.com\/no\/wp-json\/wp\/v2\/product\/51411","targetHints":{"allow":["GET"]}}],"collection":[{"href":"https:\/\/myspainfood.com\/no\/wp-json\/wp\/v2\/product"}],"about":[{"href":"https:\/\/myspainfood.com\/no\/wp-json\/wp\/v2\/types\/product"}],"wp:featuredmedia":[{"embeddable":true,"href":"https:\/\/myspainfood.com\/no\/wp-json\/wp\/v2\/media\/51213"}],"wp:attachment":[{"href":"https:\/\/myspainfood.com\/no\/wp-json\/wp\/v2\/media?parent=51411"}],"wp:term":[{"taxonomy":"product_brand","embeddable":true,"href":"https:\/\/myspainfood.com\/no\/wp-json\/wp\/v2\/product_brand?post=51411"},{"taxonomy":"product_cat","embeddable":true,"href":"https:\/\/myspainfood.com\/no\/wp-json\/wp\/v2\/product_cat?post=51411"},{"taxonomy":"product_tag","embeddable":true,"href":"https:\/\/myspainfood.com\/no\/wp-json\/wp\/v2\/product_tag?post=51411"}],"curies":[{"name":"wp","href":"https:\/\/api.w.org\/{rel}","templated":true}]}}