{"id":52418,"date":"2025-05-23T12:58:14","date_gmt":"2025-05-23T10:58:14","guid":{"rendered":"https:\/\/myspainfood.com\/producto\/alyan-dubai-pistasj-sjokoladeplate-100-gram\/"},"modified":"2026-01-29T13:16:23","modified_gmt":"2026-01-29T12:16:23","slug":"alyan-dubai-pistasj-sjokoladeplate-100-gram","status":"publish","type":"product","link":"https:\/\/myspainfood.com\/no\/producto\/alyan-dubai-pistasj-sjokoladeplate-100-gram\/","title":{"rendered":"Alyan Dubai pistasj sjokoladeplate 100 gram"},"content":{"rendered":"<p>Melkesjokolade fylt med pistasj og kunafa. Ingredienser: <\/p>\n<p>Pistasjpasta 45 % [sukker, pistasjn\u00f8tter (30 %), vegetabilsk olje (fullherdet palme-, bomullsfr\u00f8- og solsikkeolje), skummet melk, emulgator (solsikkelecitin), aromaer (melk, vanillin)],<\/p>\n<p>Melkesjokolade 45 % [sukker, kakaosm\u00f8r, helmelkspulver, kakaomasse, skummetmelkspulver, mysepulver, emulgator (ammoniumfosfatider, polyglycerolpolyricinoleat, solsikkelecitin), aroma (vanillin)],<\/p>\n<p>Kunafa 10 % [hvete (inneholder gluten), vann], konserveringsmidler (kaliumsorbat, kalsiumpropionat).<\/p>\n<p>Allergener: melk, hvete og pistasjn\u00f8tter. Kan inneholde spor av andre n\u00f8tter, pean\u00f8tter og egg. <\/p>\n","protected":false},"excerpt":{"rendered":"<p>Melkesjokolade fylt med pistasj og kunafa. Ingredienser: Pistasjpasta 45 % [sukker, pistasjn\u00f8tter (30 %), vegetabilsk olje (fullherdet palme-, bomullsfr\u00f8- og solsikkeolje), skummet melk, emulgator (solsikkelecitin), aromaer (melk, vanillin)], Melkesjokolade 45 % [sukker, kakaosm\u00f8r, helmelkspulver, kakaomasse, skummetmelkspulver, mysepulver, emulgator (ammoniumfosfatider, polyglycerolpolyricinoleat, solsikkelecitin), aroma (vanillin)], Kunafa 10 % [hvete (inneholder gluten), vann], konserveringsmidler (kaliumsorbat, kalsiumpropionat). Allergener: melk, [&hellip;]<\/p>\n","protected":false},"featured_media":52373,"template":"","meta":{"_et_pb_use_builder":"","_et_pb_old_content":"","_et_gb_content_width":""},"product_brand":[],"product_cat":[1972],"product_tag":[],"class_list":{"0":"post-52418","1":"product","2":"type-product","3":"status-publish","4":"has-post-thumbnail","6":"product_cat-konserver","8":"first","9":"instock","10":"featured","11":"taxable","12":"shipping-taxable","13":"purchasable","14":"product-type-variable"},"_links":{"self":[{"href":"https:\/\/myspainfood.com\/no\/wp-json\/wp\/v2\/product\/52418","targetHints":{"allow":["GET"]}}],"collection":[{"href":"https:\/\/myspainfood.com\/no\/wp-json\/wp\/v2\/product"}],"about":[{"href":"https:\/\/myspainfood.com\/no\/wp-json\/wp\/v2\/types\/product"}],"wp:featuredmedia":[{"embeddable":true,"href":"https:\/\/myspainfood.com\/no\/wp-json\/wp\/v2\/media\/52373"}],"wp:attachment":[{"href":"https:\/\/myspainfood.com\/no\/wp-json\/wp\/v2\/media?parent=52418"}],"wp:term":[{"taxonomy":"product_brand","embeddable":true,"href":"https:\/\/myspainfood.com\/no\/wp-json\/wp\/v2\/product_brand?post=52418"},{"taxonomy":"product_cat","embeddable":true,"href":"https:\/\/myspainfood.com\/no\/wp-json\/wp\/v2\/product_cat?post=52418"},{"taxonomy":"product_tag","embeddable":true,"href":"https:\/\/myspainfood.com\/no\/wp-json\/wp\/v2\/product_tag?post=52418"}],"curies":[{"name":"wp","href":"https:\/\/api.w.org\/{rel}","templated":true}]}}