{"id":62828,"date":"2025-10-10T12:25:50","date_gmt":"2025-10-10T10:25:50","guid":{"rendered":"https:\/\/myspainfood.com\/producto\/sardinillas-i-okologisk-olivenolje-20-25-stykker-rias-baixas-115-gr\/"},"modified":"2025-10-10T12:25:50","modified_gmt":"2025-10-10T10:25:50","slug":"sardinillas-i-okologisk-olivenolje-20-25-stykker-rias-baixas-115-gr","status":"publish","type":"product","link":"https:\/\/myspainfood.com\/no\/producto\/sardinillas-i-okologisk-olivenolje-20-25-stykker-rias-baixas-115-gr\/","title":{"rendered":"Sardinillas i \u00f8kologisk olivenolje 20\/25 stykker Rias Baixas 115 gr"},"content":{"rendered":"<p>V\u00e5re hermetiske sardiner er delikate; med sin lukt, intense smak, s\u00f8lvfargede utseende og perfekte plassering og presentasjon i boksen. Utgangspunktet er alltid \u00e5 velge ut de beste, ferskeste og minste sardinene fra fiskemarkedet (du finner mellom 12 og 16 sardiner i hver boks). <\/p>\n<p>P\u00e5 fabrikken v\u00e5r i Moa\u00f1a (Pontevedra) fjerner de kyndige hendene til produksjonsmedarbeiderne v\u00e5re hodet og tar ut hver fisk \u00e9n etter \u00e9n. Deretter dampstekes de og pakkes med omhu og presisjon for at de skal se s\u00e5 attraktive ut som mulig n\u00e5r du \u00e5pner boksen. Prikken over i-en er tilsetningen av <strong>\u00f8kologisk ekstra jomfruolivenolje*<\/strong>. Resultatet er spektakul\u00e6rt, og n\u00e5 kan du se det selv.  <\/p>\n<p>Husk at modningstiden, som kan vare fra noen m\u00e5neder til flere \u00e5r, er avgj\u00f8rende, fordi sardinene f\u00e5r bedre smak etter hvert som oljen trenger inn i fisken. Ved \u00e5 snu boksene jevnlig oppn\u00e5r man en uts\u00f8kt og jevn smak som vil tilfredsstille selv de mest kresne ganer. <\/p>\n<p>De siste \u00e5rene har hermetiske sardiner f\u00e5tt stor ber\u00f8mmelse som en matvare med h\u00f8y n\u00e6ringsverdi. Vi kan si at sardiner tar gullmedaljen ern\u00e6ringsmessig sett. De inneholder en h\u00f8y konsentrasjon av vitamin B12, i tillegg til vitamin A, D, K og E. De er ogs\u00e5 en viktig kilde til protein, natrium, fosfor, jod og kalsium. Og s\u00e5 er de rike p\u00e5 omega 3 og oljesyre, hva mer kan man \u00f8nske seg?    <\/p>\n","protected":false},"excerpt":{"rendered":"<p>V\u00e5re hermetiske sardiner er delikate; med sin lukt, intense smak, s\u00f8lvfargede utseende og perfekte plassering og presentasjon i boksen. Utgangspunktet er alltid \u00e5 velge ut de beste, ferskeste og minste sardinene fra fiskemarkedet (du finner mellom 12 og 16 sardiner i hver boks). P\u00e5 fabrikken v\u00e5r i Moa\u00f1a (Pontevedra) fjerner de kyndige hendene til produksjonsmedarbeiderne [&hellip;]<\/p>\n","protected":false},"featured_media":59423,"template":"","meta":{"_et_pb_use_builder":"","_et_pb_old_content":"","_et_gb_content_width":""},"product_brand":[11014],"product_cat":[1972,11034,3770],"product_tag":[],"class_list":{"0":"post-62828","1":"product","2":"type-product","3":"status-publish","4":"has-post-thumbnail","6":"product_brand-rias-baixas","7":"product_cat-konserver","8":"product_cat-ny-no","9":"product_cat-sardinillas-no","11":"first","12":"instock","13":"featured","14":"taxable","15":"shipping-taxable","16":"purchasable","17":"product-type-variable"},"_links":{"self":[{"href":"https:\/\/myspainfood.com\/no\/wp-json\/wp\/v2\/product\/62828","targetHints":{"allow":["GET"]}}],"collection":[{"href":"https:\/\/myspainfood.com\/no\/wp-json\/wp\/v2\/product"}],"about":[{"href":"https:\/\/myspainfood.com\/no\/wp-json\/wp\/v2\/types\/product"}],"wp:featuredmedia":[{"embeddable":true,"href":"https:\/\/myspainfood.com\/no\/wp-json\/wp\/v2\/media\/59423"}],"wp:attachment":[{"href":"https:\/\/myspainfood.com\/no\/wp-json\/wp\/v2\/media?parent=62828"}],"wp:term":[{"taxonomy":"product_brand","embeddable":true,"href":"https:\/\/myspainfood.com\/no\/wp-json\/wp\/v2\/product_brand?post=62828"},{"taxonomy":"product_cat","embeddable":true,"href":"https:\/\/myspainfood.com\/no\/wp-json\/wp\/v2\/product_cat?post=62828"},{"taxonomy":"product_tag","embeddable":true,"href":"https:\/\/myspainfood.com\/no\/wp-json\/wp\/v2\/product_tag?post=62828"}],"curies":[{"name":"wp","href":"https:\/\/api.w.org\/{rel}","templated":true}]}}