{"id":62985,"date":"2025-10-10T12:25:49","date_gmt":"2025-10-10T10:25:49","guid":{"rendered":"https:\/\/myspainfood.com\/producto\/barbermuslinger-fra-finisterre-i-rias-baixas-okologisk-olivenolje-115-g\/"},"modified":"2025-10-10T12:25:49","modified_gmt":"2025-10-10T10:25:49","slug":"barbermuslinger-fra-finisterre-i-rias-baixas-okologisk-olivenolje-115-g","status":"publish","type":"product","link":"https:\/\/myspainfood.com\/no\/producto\/barbermuslinger-fra-finisterre-i-rias-baixas-okologisk-olivenolje-115-g\/","title":{"rendered":"Barbermuslinger fra Finisterre i Rias Baixas \u00f8kologisk olivenolje 115 g"},"content":{"rendered":"<p>Det finnes mange steder p\u00e5 de vakre R\u00edas-\u00f8yene v\u00e5re hvor det utvinnes knivmuslinger, men av alle er det ett sted hvor knivmuslinger og longueirones er av h\u00f8yeste kvalitet: Finisterre (Fisterra). Og siden det ikke kunne v\u00e6re annerledes, kj\u00f8per vi i CONSERVAS R\u00cdAS BAIXAS 1907 bare knivmuslinger fra disse paradisiske strendene, og bare de som er fanget en etter en av frie dykkere for \u00e5 sikre at det naturlige milj\u00f8et bevares, slik at fremtidige generasjoner ogs\u00e5 kan nyte denne delikatessen. <\/p>\n<p>Den ferske barberh\u00f8velen renses i saltvann for \u00e5 fjerne eventuell gjenv\u00e6rende sand, og deretter pakkes den forsiktig i v\u00e5re lokaler i Moa\u00f1a.<\/p>\n<p>Og selv om Finisterres knivmuslinger er en delikatesse i seg selv, har vi valgt \u00e5 presentere dem i \u00f8kologisk ekstra jomfruolivenolje*. Resultatet er spektakul\u00e6rt, og vi inviterer deg til \u00e5 pr\u00f8ve det. <\/p>\n<p>I tillegg har knivmuslinger et sv\u00e6rt lavt innhold av kalorier og lipider. P\u00e5 den annen side er knivmuslinger rike p\u00e5 flerumettede fettsyrer OMEGA 3, noe som er grunnen til at inntak av dem anbefales p\u00e5 det sterkeste. <\/p>\n","protected":false},"excerpt":{"rendered":"<p>Det finnes mange steder p\u00e5 de vakre R\u00edas-\u00f8yene v\u00e5re hvor det utvinnes knivmuslinger, men av alle er det ett sted hvor knivmuslinger og longueirones er av h\u00f8yeste kvalitet: Finisterre (Fisterra). Og siden det ikke kunne v\u00e6re annerledes, kj\u00f8per vi i CONSERVAS R\u00cdAS BAIXAS 1907 bare knivmuslinger fra disse paradisiske strendene, og bare de som er [&hellip;]<\/p>\n","protected":false},"featured_media":59301,"template":"","meta":{"_et_pb_use_builder":"","_et_pb_old_content":"","_et_gb_content_width":""},"product_brand":[11014],"product_cat":[7538,1972,11034],"product_tag":[],"class_list":{"0":"post-62985","1":"product","2":"type-product","3":"status-publish","4":"has-post-thumbnail","6":"product_brand-rias-baixas","7":"product_cat-barberhovler","8":"product_cat-konserver","9":"product_cat-ny-no","11":"first","12":"instock","13":"taxable","14":"shipping-taxable","15":"purchasable","16":"product-type-variable"},"_links":{"self":[{"href":"https:\/\/myspainfood.com\/no\/wp-json\/wp\/v2\/product\/62985","targetHints":{"allow":["GET"]}}],"collection":[{"href":"https:\/\/myspainfood.com\/no\/wp-json\/wp\/v2\/product"}],"about":[{"href":"https:\/\/myspainfood.com\/no\/wp-json\/wp\/v2\/types\/product"}],"wp:featuredmedia":[{"embeddable":true,"href":"https:\/\/myspainfood.com\/no\/wp-json\/wp\/v2\/media\/59301"}],"wp:attachment":[{"href":"https:\/\/myspainfood.com\/no\/wp-json\/wp\/v2\/media?parent=62985"}],"wp:term":[{"taxonomy":"product_brand","embeddable":true,"href":"https:\/\/myspainfood.com\/no\/wp-json\/wp\/v2\/product_brand?post=62985"},{"taxonomy":"product_cat","embeddable":true,"href":"https:\/\/myspainfood.com\/no\/wp-json\/wp\/v2\/product_cat?post=62985"},{"taxonomy":"product_tag","embeddable":true,"href":"https:\/\/myspainfood.com\/no\/wp-json\/wp\/v2\/product_tag?post=62985"}],"curies":[{"name":"wp","href":"https:\/\/api.w.org\/{rel}","templated":true}]}}