{"id":64388,"date":"2025-10-10T12:25:50","date_gmt":"2025-10-10T10:25:50","guid":{"rendered":"https:\/\/myspainfood.com\/producto\/det-er-ikke-noe-a-si-pa-det\/"},"modified":"2025-10-10T12:25:50","modified_gmt":"2025-10-10T10:25:50","slug":"det-er-ikke-noe-a-si-pa-det","status":"publish","type":"product","link":"https:\/\/myspainfood.com\/no\/producto\/det-er-ikke-noe-a-si-pa-det\/","title":{"rendered":"DET ER IKKE NOE \u00c5 SI P\u00c5 DET."},"content":{"rendered":"<article class=\"4ever-article\" data-clipboard-cangjie=\"[\" root=\"\" la=\"\" excelencia=\"\" del=\"\" claro=\"\" en=\"\" escabeche=\"\" olympos=\"\" una=\"\" delicia=\"\" gourmet=\"\" que=\"\" eleva=\"\" tus=\"\" comidas=\"\" cotidianas.=\"\" seleccionado=\"\" cuidadosamente=\"\" y=\"\" preparado=\"\" con=\"\" los=\"\" m=\"\" altos=\"\" est=\"\" de=\"\" calidad=\"\" este=\"\" at=\"\" ofrece=\"\" un=\"\" sabor=\"\" aut=\"\" textura=\"\" suave=\"\" deleitar=\"\" a=\"\" tu=\"\" paladar.=\"\" abre=\"\" lata=\"\" disfruta=\"\" su=\"\" delicioso=\"\" directamente=\"\" o=\"\" como=\"\" ingrediente=\"\" principal=\"\" recetas=\"\" favoritas.=\"\" bajo=\"\" grasas=\"\" saturadas=\"\" libre=\"\" conservantes=\"\" artificiales=\"\" es=\"\" opci=\"\" nutritiva=\"\" para=\"\" toda=\"\" familia.=\"\" preparaci=\"\" realza=\"\" el=\"\" natural=\"\" ofreci=\"\" experiencia=\"\" gastron=\"\" comb=\"\" vegetales=\"\" frescos=\"\" aderezo=\"\" ligero=\"\" ensalada=\"\" nutritiva.=\"\" tapas=\"\" espa=\"\" junto=\"\" pimientos=\"\" aceitunas=\"\" pan=\"\" crujiente.=\"\" pastas=\"\" arroces=\"\" guisos=\"\" plato=\"\" lleno=\"\" nutrientes.=\"\" lugar=\"\" fresco=\"\" seco.=\"\" vez=\"\" abierto=\"\" mantener=\"\" refrigerado=\"\" consumir=\"\" pr=\"\" d=\"\" usar:=\"\" uso:=\"\" principales:=\"\">DET ER IKKE NOE \u00c5 SI P\u00c5 AT VI IKKE HAR NOE \u00c5 SI P\u00c5 AT VI IKKE HAR NOE \u00c5 SI P\u00c5 AT VI IKKE HAR NOE \u00c5 SI P\u00c5 AT VI IKKE HAR NOE \u00c5 SI P\u00c5 AT VI IKKE HAR NOE \u00c5 SI P\u00c5 AT VI IKKE HAR NOE \u00c5 SI P\u00c5 AT VI IKKE HAR NOE \u00c5 SI P\u00c5 AT VI IKKE HAR NOE \u00c5 SI P\u00c5 AT VI IKKE HAR NOE \u00c5 SI P\u00c5 AT VI IKKE HAR NOE \u00c5 SI P\u00c5 AT VI IKKE HAR NOE \u00c5 SI P\u00c5 AT VI IKKE HAR NOE \u00c5 SI P\u00c5 AT VI IKKE HAR NOE \u00c5 SI P\u00c5 AT VI IKKE HAR NOE \u00c5 SI P\u00c5 AT VI IKKE HAR NOE \u00c5 SI P\u00c5 AT VI IKKE HAR NOE DET ER IKKE NOE \u00c5 SI P\u00c5 AT DU IKKE HAR NOE \u00c5 SI P\u00c5 AT DU IKKE HAR NOE \u00c5 SI P\u00c5 AT DU IKKE HAR NOE \u00c5 SI P\u00c5 AT DU IKKE HAR NOE \u00c5 SI P\u00c5 AT DU IKKE HAR NOE \u00c5 SI P\u00c5 AT DU IKKE HAR NOE \u00c5 SI P\u00c5 AT DU IKKE HAR NOE \u00c5 SI P\u00c5 AT DU IKKE HAR NOE \u00c5 SI P\u00c5 AT DU IKKE HAR NOE \u00c5 SI P\u00c5 AT DU IKKE HAR NOE \u00c5 SI P\u00c5 AT DU IKKE HAR NOE \u00c5 SI P\u00c5 AT DU IKKE HAR NOE \u00c5 SI P\u00c5 AT DU IKKE HAR NOE \u00c5 SI P\u00c5 DET:   <\/p>\n<ul>\n<li>\n<div>\u0633\u0647\u0644 \u0627\u0644\u0627\u0633\u062a\u062e\u062f\u0627\u0645: \u0627\u0641\u062a\u062d \u0627\u0644\u0639\u0644\u0628\u0629 \u0648\u0627\u0633\u062a\u0645\u062a\u0639 \u0628\u0627\u0644\u0645\u0630\u0627\u0642 \u0627\u0644\u0644\u0630\u064a\u0630 \u0645\u0628\u0627\u0634\u0631\u0629 \u0623\u0648 \u0643\u0645\u0643\u0648\u0646 \u0631\u0626\u064a\u0633\u064a \u0641\u064a \u0648\u0635\u0641\u0627\u062a\u0643 \u0627\u0644\u0645\u0641\u0636\u0644\u0629.<\/div>\n<\/li>\n<li>\n<div>DET ER IKKE NOE \u00c5 SI P\u00c5 AT DET ER EN DEL AV DET SOM SKJER.<\/div>\n<\/li>\n<li>\n<div>DET ER IKKE NOE \u00c5 SI P\u00c5 AT VI IKKE HAR NOE \u00c5 SI P\u00c5 AT VI IKKE HAR NOE \u00c5 SI P\u00c5 AT VI IKKE HAR NOE \u00c5 SI P\u00c5 AT VI IKKE HAR NOE \u00c5 SI P\u00c5 AT VI IKKE HAR NOE \u00c5 SI P\u00c5 AT VI IKKE HAR NOE \u00c5 SI P\u00c5 AT VI IKKE HAR NOE \u00c5 SI P\u00c5 AT VI IKKE HAR NOE \u00c5 SI P\u00c5 AT VI IKKE HAR NOE \u00c5 SI P\u00c5 AT VI IKKE HAR NOE \u00c5 SI P\u00c5 AT VI IKKE HAR NOE \u00c5 SI P\u00c5 AT VI IKKE HAR NOE \u00c5 SI P\u00c5 AT VI IKKE HAR NOE \u00c5 SI P\u00c5 AT VI IKKE HAR NOE \u00c5 SI P\u00c5 AT VI IKKE HAR NOE \u00c5 SI P\u00c5 DET.<\/div>\n<\/li>\n<\/ul>\n<p>&nbsp;<\/p>\n<p>DET ER IKKE NOE \u00c5 SI:<\/p>\n<ul>\n<li>\n<div>\u0627\u0644\u0633\u0644\u0637\u0627\u062a: \u0627\u0645\u0632\u062c\u064a\u0647\u0627 \u0645\u0639 \u0627\u0644\u062e\u0636\u0631\u0627\u0648\u0627\u062a \u0627\u0644\u0637\u0627\u0632\u062c\u0629 \u0627\u0644\u0637\u0627\u0632\u062c\u0629 \u0648\u0627\u0644\u0635\u0644\u0635\u0629 \u0627\u0644\u062e\u0641\u064a\u0641\u0629 \u0644\u0644\u062d\u0635\u0648\u0644 \u0639\u0644\u0649 \u0633\u0644\u0637\u0629 \u0645\u063a\u0630\u064a\u0629.<\/div>\n<\/li>\n<li>\n<div>\u0627\u0644\u0645\u0642\u0628\u0644\u0627\u062a: \u0627\u0633\u062a\u062e\u062f\u0645\u0647 \u0643\u0645\u0643\u0648\u0646 \u0631\u0626\u064a\u0633\u064a \u0641\u064a \u0627\u0644\u0645\u0642\u0628\u0644\u0627\u062a \u0627\u0644\u0625\u0633\u0628\u0627\u0646\u064a\u0629\u060c \u0645\u0639 \u0627\u0644\u0641\u0644\u0641\u0644 \u0648\u0627\u0644\u0632\u064a\u062a\u0648\u0646 \u0648\u0627\u0644\u062e\u0628\u0632 \u0627\u0644\u0645\u0642\u0631\u0645\u0634.<\/div>\n<\/li>\n<li>\n<div>DET ER IKKE NOE \u00c5 SI P\u00c5 DET.<\/div>\n<\/li>\n<\/ul>\n<p>&nbsp;<\/p>\n<p>\u0627\u0644\u062d\u0641\u0638:<\/p>\n<ul>\n<li>\n<div>DET ER IKKE NOE \u00c5 SI P\u00c5 DET.<\/div>\n<\/li>\n<li>\n<div>DET ER IKKE MULIG \u00c5 FINNE UT AV OM DET ER NOE GALT MED DET, MEN DET ER MULIG \u00c5 FINNE UT AV OM DET ER NOE GALT MED DET.<\/div>\n<\/li>\n<\/ul>\n<\/article>\n","protected":false},"excerpt":{"rendered":"<p>DET ER IKKE NOE \u00c5 SI P\u00c5 AT VI IKKE HAR NOE \u00c5 SI P\u00c5 AT VI IKKE HAR NOE \u00c5 SI P\u00c5 AT VI IKKE HAR NOE \u00c5 SI P\u00c5 AT VI IKKE HAR NOE \u00c5 SI P\u00c5 AT VI IKKE HAR NOE \u00c5 SI P\u00c5 AT VI IKKE HAR NOE \u00c5 SI P\u00c5 [&hellip;]<\/p>\n","protected":false},"featured_media":0,"template":"","meta":{"_et_pb_use_builder":"","_et_pb_old_content":"","_et_gb_content_width":""},"product_brand":[],"product_cat":[1972,11034,4233],"product_tag":[],"class_list":{"0":"post-64388","1":"product","2":"type-product","3":"status-publish","5":"product_cat-konserver","6":"product_cat-ny-no","7":"product_cat-tunfisk-og-bonito","9":"first","10":"instock","11":"taxable","12":"shipping-taxable","13":"purchasable","14":"product-type-variable"},"_links":{"self":[{"href":"https:\/\/myspainfood.com\/no\/wp-json\/wp\/v2\/product\/64388","targetHints":{"allow":["GET"]}}],"collection":[{"href":"https:\/\/myspainfood.com\/no\/wp-json\/wp\/v2\/product"}],"about":[{"href":"https:\/\/myspainfood.com\/no\/wp-json\/wp\/v2\/types\/product"}],"wp:attachment":[{"href":"https:\/\/myspainfood.com\/no\/wp-json\/wp\/v2\/media?parent=64388"}],"wp:term":[{"taxonomy":"product_brand","embeddable":true,"href":"https:\/\/myspainfood.com\/no\/wp-json\/wp\/v2\/product_brand?post=64388"},{"taxonomy":"product_cat","embeddable":true,"href":"https:\/\/myspainfood.com\/no\/wp-json\/wp\/v2\/product_cat?post=64388"},{"taxonomy":"product_tag","embeddable":true,"href":"https:\/\/myspainfood.com\/no\/wp-json\/wp\/v2\/product_tag?post=64388"}],"curies":[{"name":"wp","href":"https:\/\/api.w.org\/{rel}","templated":true}]}}