{"id":16202,"date":"2025-04-08T08:43:07","date_gmt":"2025-04-08T06:43:07","guid":{"rendered":"https:\/\/myspainfood.com\/polityka-prywatnosci\/"},"modified":"2025-05-05T11:16:57","modified_gmt":"2025-05-05T09:16:57","slug":"polityka-prywatnosci","status":"publish","type":"page","link":"https:\/\/myspainfood.com\/pl\/polityka-prywatnosci\/","title":{"rendered":"Polityka prywatno\u015bci"},"content":{"rendered":"\n<p>Witamy na stronie https:\/\/myspainfood.com (&#8222;Strona&#8221;). Rozumiemy, \u017ce prywatno\u015b\u0107 online jest wa\u017cna dla u\u017cytkownik\u00f3w naszej Witryny, zw\u0142aszcza w przypadku transakcji biznesowych. Niniejsze o\u015bwiadczenie reguluje nasz\u0105 polityk\u0119 prywatno\u015bci w odniesieniu do tych u\u017cytkownik\u00f3w Witryny (&#8222;Odwiedzaj\u0105cy&#8221;), kt\u00f3rzy odwiedzaj\u0105 Witryn\u0119 bez zawierania transakcji biznesowych oraz Odwiedzaj\u0105cych, kt\u00f3rzy rejestruj\u0105 si\u0119 w celu zawierania transakcji biznesowych w Witrynie i korzystaj\u0105 z r\u00f3\u017cnych us\u0142ug oferowanych przez SUMINISTROS HOSTELEROS, S. L. (\u0142\u0105cznie &#8222;Us\u0142ugi&#8221;) (&#8222;Upowa\u017cnieni klienci&#8221;).  <\/p>\n\n<p><strong>&#8222;Informacje umo\u017cliwiaj\u0105ce identyfikacj\u0119 osoby<\/strong><\/p>\n\n<p>oznacza wszelkie informacje, kt\u00f3re identyfikuj\u0105 lub mog\u0105 by\u0107 wykorzystane do zidentyfikowania, skontaktowania si\u0119 lub zlokalizowania osoby fizycznej, do kt\u00f3rej odnosz\u0105 si\u0119 takie informacje, w tym mi\u0119dzy innymi imi\u0119 i nazwisko, adres, numer telefonu, numer faksu, adres e-mail, profile finansowe, numer ubezpieczenia spo\u0142ecznego i informacje o karcie kredytowej. Informacje umo\u017cliwiaj\u0105ce identyfikacj\u0119 osoby nie obejmuj\u0105 informacji gromadzonych anonimowo (tj. bez identyfikacji indywidualnego u\u017cytkownika) ani informacji demograficznych niepowi\u0105zanych ze zidentyfikowan\u0105 osob\u0105. <\/p>\n\n<p><strong>Jakie dane osobowe s\u0105 gromadzone?<\/strong><\/p>\n\n<p>Mo\u017cemy zbiera\u0107 podstawowe informacje o profilu u\u017cytkownika od wszystkich odwiedzaj\u0105cych nasz\u0105 witryn\u0119. Zbieramy nast\u0119puj\u0105ce dodatkowe informacje od naszych Autoryzowanych Klient\u00f3w: imiona i nazwiska, adresy, numery telefon\u00f3w i adresy e-mail Autoryzowanych Klient\u00f3w, charakter i wielko\u015b\u0107 firmy oraz charakter i wielko\u015b\u0107 zasob\u00f3w reklamowych, kt\u00f3re Autoryzowany Klient zamierza kupi\u0107 lub sprzeda\u0107. <\/p>\n\n<p><strong>Kt\u00f3re organizacje zbieraj\u0105 informacje?<\/strong><\/p>\n\n<p>Opr\u00f3cz bezpo\u015bredniego gromadzenia informacji przez nas, nasi zewn\u0119trzni dostawcy us\u0142ug (tacy jak firmy obs\u0142uguj\u0105ce karty kredytowe, izby rozliczeniowe i banki), kt\u00f3rzy mog\u0105 \u015bwiadczy\u0107 us\u0142ugi takie jak us\u0142ugi kredytowe, ubezpieczeniowe i powiernicze, mog\u0105 gromadzi\u0107 te informacje od naszych Odwiedzaj\u0105cych i Upowa\u017cnionych Klient\u00f3w. Nie kontrolujemy sposobu, w jaki te osoby trzecie wykorzystuj\u0105 takie informacje, ale prosimy je o ujawnienie, w jaki spos\u00f3b wykorzystuj\u0105 dane osobowe przekazane im przez Odwiedzaj\u0105cych i Upowa\u017cnionych Klient\u00f3w. Niekt\u00f3re z tych stron trzecich mog\u0105 by\u0107 po\u015brednikami, kt\u00f3rzy dzia\u0142aj\u0105 jedynie jako ogniwa w \u0142a\u0144cuchu dystrybucji i nie przechowuj\u0105, nie zachowuj\u0105 ani nie wykorzystuj\u0105 przekazanych im informacji.  <\/p>\n\n<p><strong>W jaki spos\u00f3b witryna wykorzystuje informacje umo\u017cliwiaj\u0105ce identyfikacj\u0119 u\u017cytkownika?<\/strong><\/p>\n\n<p>U\u017cywamy Danych Osobowych w celu personalizacji Witryny, \u015bwiadczenia odpowiednich us\u0142ug i spe\u0142niania \u017c\u0105da\u0144 kupna i sprzeda\u017cy w Witrynie. Mo\u017cemy wysy\u0142a\u0107 wiadomo\u015bci e-mail do Odwiedzaj\u0105cych i Upowa\u017cnionych Klient\u00f3w dotycz\u0105ce bada\u0144 lub mo\u017cliwo\u015bci kupna i sprzeda\u017cy w Witrynie lub informacji zwi\u0105zanych z tematyk\u0105 Witryny. Mo\u017cemy r\u00f3wnie\u017c wykorzystywa\u0107 Dane Osobowe do kontaktowania si\u0119 z Odwiedzaj\u0105cymi i Upowa\u017cnionymi Klientami w odpowiedzi na konkretne zapytania lub w celu dostarczenia \u017c\u0105danych informacji.  <\/p>\n\n<p><strong>Komu mo\u017cna udost\u0119pnia\u0107 informacje?<\/strong><\/p>\n\n<p>Dane osobowe Autoryzowanych Klient\u00f3w mog\u0105 by\u0107 udost\u0119pniane innym Autoryzowanym Klientom, kt\u00f3rzy chc\u0105 oceni\u0107 potencjalne transakcje z innymi Autoryzowanymi Klientami. Mo\u017cemy udost\u0119pnia\u0107 zagregowane informacje o naszych odwiedzaj\u0105cych, w tym dane demograficzne naszych odwiedzaj\u0105cych i autoryzowanych klient\u00f3w, naszym agencjom stowarzyszonym i dostawcom zewn\u0119trznym. Oferujemy r\u00f3wnie\u017c mo\u017cliwo\u015b\u0107 &#8222;rezygnacji&#8221; z otrzymywania informacji lub kontaktowania si\u0119 z nami lub jak\u0105kolwiek agencj\u0105 dzia\u0142aj\u0105c\u0105 w naszym imieniu.  <\/p>\n\n<p><strong>W jaki spos\u00f3b przechowywane s\u0105 dane osobowe?<\/strong><\/p>\n\n<p>Dane osobowe gromadzone przez SUMINISTROS HOSTELEROS, S. L. s\u0105 przechowywane w bezpieczny spos\u00f3b i nie s\u0105 dost\u0119pne dla os\u00f3b trzecich ani pracownik\u00f3w SUMINISTROS HOSTELEROS, S. L., z wyj\u0105tkiem przypadk\u00f3w u\u017cycia wskazanych powy\u017cej.<\/p>\n\n<p><strong>Jakie wybory maj\u0105 odwiedzaj\u0105cy w odniesieniu do gromadzenia, wykorzystywania i rozpowszechniania informacji?<\/strong><\/p>\n\n<p>Odwiedzaj\u0105cy i autoryzowani klienci mog\u0105 zrezygnowa\u0107 z otrzymywania niezam\u00f3wionych informacji lub kontaktowania si\u0119 z nami i\/lub naszymi dostawcami i powi\u0105zanymi agencjami, odpowiadaj\u0105c na wiadomo\u015bci e-mail zgodnie z instrukcjami lub kontaktuj\u0105c si\u0119 z nami pod adresem<\/p>\n\n<p><strong>Czy na stronie s\u0105 u\u017cywane pliki cookie?<\/strong><\/p>\n\n<p>Pliki cookie s\u0105 u\u017cywane z r\u00f3\u017cnych powod\u00f3w. U\u017cywamy plik\u00f3w cookie w celu uzyskania informacji o preferencjach odwiedzaj\u0105cych i wybieranych przez nich us\u0142ugach. U\u017cywamy r\u00f3wnie\u017c plik\u00f3w cookie do cel\u00f3w bezpiecze\u0144stwa, aby chroni\u0107 naszych Autoryzowanych Klient\u00f3w. Na przyk\u0142ad, je\u015bli Autoryzowany Klient jest zalogowany, a strona nie jest u\u017cywana przez ponad 10 minut, automatycznie wylogujemy Autoryzowanego Klienta.   <\/p>\n\n<p><strong>W jaki spos\u00f3b SUMINISTROS HOSTELEROS, S. L. wykorzystuje dane dost\u0119powe?<\/strong><\/p>\n\n<p>SUMINISTROS HOSTELEROS, S. L. wykorzystuje informacje o dost\u0119pie, w tym mi\u0119dzy innymi adresy IP, dostawc\u00f3w us\u0142ug internetowych i typy przegl\u0105darek, do analizowania trend\u00f3w, administrowania Witryn\u0105, \u015bledzenia ruchu i u\u017cytkowania u\u017cytkownika oraz gromadzenia szerokich informacji demograficznych.<\/p>\n\n<p><strong>Kt\u00f3rzy partnerzy lub us\u0142ugodawcy maj\u0105 dost\u0119p do danych osobowych odwiedzaj\u0105cych i\/lub autoryzowanych klient\u00f3w w Witrynie?<\/strong><\/p>\n\n<p>SUMINISTROS HOSTELEROS, S. L. zawar\u0142a i b\u0119dzie nadal zawiera\u0107 umowy o wsp\u00f3\u0142pracy i inne powi\u0105zania z wieloma dostawcami, kt\u00f3rzy mog\u0105 mie\u0107 dost\u0119p do niekt\u00f3rych Danych osobowych w celu oceny przydatno\u015bci Autoryzowanych klient\u00f3w do korzystania z us\u0142ugi. Nasza polityka prywatno\u015bci nie obejmuje gromadzenia ani wykorzystywania tych informacji. Ujawnianie danych osobowych w celu zapewnienia zgodno\u015bci z prawem. Ujawnimy informacje umo\u017cliwiaj\u0105ce identyfikacj\u0119 osoby w celu zastosowania si\u0119 do nakazu s\u0105dowego lub wezwania do s\u0105du lub wniosku organu \u015bcigania o ujawnienie informacji. Ujawnimy r\u00f3wnie\u017c dane osobowe, gdy b\u0119dzie to konieczne w celu ochrony bezpiecze\u0144stwa naszych go\u015bci i autoryzowanych klient\u00f3w.    <\/p>\n\n<p><strong>W jaki spos\u00f3b witryna chroni dane osobowe?<\/strong><\/p>\n\n<p>Wszyscy nasi pracownicy s\u0105 \u015bwiadomi naszej polityki bezpiecze\u0144stwa i praktyk. Dane osobowe naszych go\u015bci i autoryzowanych klient\u00f3w s\u0105 dost\u0119pne tylko dla ograniczonej liczby wykwalifikowanych pracownik\u00f3w, kt\u00f3rzy otrzymuj\u0105 has\u0142o dost\u0119pu do tych informacji. Przeprowadzamy regularne audyty naszych system\u00f3w i proces\u00f3w bezpiecze\u0144stwa. Wra\u017cliwe informacje, takie jak numery kart kredytowych lub numery ubezpieczenia spo\u0142ecznego, s\u0105 chronione za pomoc\u0105 protoko\u0142\u00f3w szyfrowania ustanowionych w celu ochrony informacji przesy\u0142anych przez Internet. Chocia\u017c podejmujemy komercyjnie uzasadnione kroki w celu utrzymania bezpiecznej witryny, komunikacja elektroniczna i bazy danych s\u0105 nara\u017cone na b\u0142\u0119dy, manipulacje i w\u0142amania, a my nie mo\u017cemy zagwarantowa\u0107 ani zapewni\u0107, \u017ce takie zdarzenia nie wyst\u0105pi\u0105 i nie b\u0119dziemy ponosi\u0107 odpowiedzialno\u015bci wobec Odwiedzaj\u0105cych lub Upowa\u017cnionych Klient\u00f3w za takie zdarzenia.    <\/p>\n\n<p><strong>W jaki spos\u00f3b odwiedzaj\u0105cy mog\u0105 poprawi\u0107 wszelkie nie\u015bcis\u0142o\u015bci w danych osobowych?<\/strong><\/p>\n\n<p>Odwiedzaj\u0105cy i upowa\u017cnieni klienci mog\u0105 skontaktowa\u0107 si\u0119 z nami w celu aktualizacji swoich danych osobowych lub poprawienia wszelkich nie\u015bcis\u0142o\u015bci, wysy\u0142aj\u0105c wiadomo\u015b\u0107 e-mail na adres hola@myspainfood.com.<\/p>\n\n<p><strong>Czy odwiedzaj\u0105cy mo\u017ce usun\u0105\u0107 lub dezaktywowa\u0107 dane osobowe zebrane przez witryn\u0119?<\/strong><\/p>\n\n<p>Zapewniamy Odwiedzaj\u0105cym i Upowa\u017cnionym Klientom mechanizm usuwania\/dezaktywacji Danych Osobowych z bazy danych Witryny, kontaktuj\u0105c si\u0119 z . Jednak\u017ce, ze wzgl\u0119du na kopie zapasowe i rejestry usuni\u0119\u0107, usuni\u0119cie wpisu Odwiedzaj\u0105cego bez zachowania pewnych szcz\u0105tkowych informacji mo\u017ce by\u0107 niemo\u017cliwe. Je\u015bli dana osoba za\u017c\u0105da dezaktywacji swoich Danych Osobowych, zostan\u0105 one funkcjonalnie usuni\u0119te, a my nie b\u0119dziemy sprzedawa\u0107, przekazywa\u0107 ani wykorzystywa\u0107 Danych Osobowych dotycz\u0105cych tej osoby w \u017caden spos\u00f3b w przysz\u0142o\u015bci.  <\/p>\n\n<p><strong>Co si\u0119 stanie, je\u015bli polityka prywatno\u015bci ulegnie zmianie?<\/strong><\/p>\n\n<p>B\u0119dziemy informowa\u0107 Odwiedzaj\u0105cych i Upowa\u017cnionych Klient\u00f3w o zmianach w naszej polityce prywatno\u015bci, publikuj\u0105c takie zmiany w Witrynie. Je\u015bli jednak zmienimy nasz\u0105 polityk\u0119 prywatno\u015bci w spos\u00f3b, kt\u00f3ry mo\u017ce spowodowa\u0107 ujawnienie Informacji umo\u017cliwiaj\u0105cych identyfikacj\u0119 osoby, o kt\u00f3rych ujawnienie wcze\u015bniej poprosi\u0142 Odwiedzaj\u0105cy lub Upowa\u017cniony klient, skontaktujemy si\u0119 z takim Odwiedzaj\u0105cym lub Upowa\u017cnionym klientem, aby umo\u017cliwi\u0107 mu zapobie\u017cenie takiemu ujawnieniu. <\/p>\n\n<p><strong>Polityka zwrot\u00f3w?<\/strong><\/p>\n\n<p>Poni\u017csze warunki zwrotu naszych produkt\u00f3w nie maj\u0105 zastosowania w przypadku korzystania z prawa do odst\u0105pienia od umowy. Zwroty lub wymiany produkt\u00f3w b\u0119d\u0105 przyjmowane wy\u0142\u0105cznie w przypadku wad produkcyjnych, uszkodze\u0144 transportowych lub b\u0142\u0119d\u00f3w w dostawie. W ka\u017cdym przypadku od otrzymania produktu nie mo\u017ce up\u0142yn\u0105\u0107 wi\u0119cej ni\u017c 14 dni, a opakowanie i akcesoria musz\u0105 by\u0107 do\u0142\u0105czone. Nale\u017cy wcze\u015bniej sprawdzi\u0107, czy jest to wada produkcyjna, wada opakowania lub anomalia, a nie spowodowane niew\u0142a\u015bciwym lub niedba\u0142ym u\u017cytkowaniem, obs\u0142ug\u0105 lub przechowywaniem. Zawsze nale\u017cy do\u0142\u0105czy\u0107 odpowiedni dow\u00f3d dostawy lub faktur\u0119. Zar\u00f3wno w przypadku zwrotu z powodu wady produkcyjnej lub wady opakowania, jak i w przypadku b\u0142\u0119du w zam\u00f3wieniu, KLIENTOWI zostanie zaoferowana, je\u015bli to mo\u017cliwe, jego wymiana na inn\u0105 alternatyw\u0119 bez dodatkowych koszt\u00f3w i bez prawa ze strony KLIENTA do jakiegokolwiek odszkodowania. MySpainFood ponosi odpowiedzialno\u015b\u0107 za koszty poniesione w zwi\u0105zku z wys\u0142aniem zam\u00f3wienia. W ka\u017cdym przypadku zwrot jest zawsze uzale\u017cniony od uprzedniego zbadania przez MySpainFood stanu zwracanego produktu i sprawdzenia, czy zosta\u0142y spe\u0142nione wymogi niniejszych warunk\u00f3w sprzeda\u017cy. Po otrzymaniu zwrotu i w stosownych przypadkach, MySpainFood zwr\u00f3ci pobran\u0105 kwot\u0119 w ci\u0105gu maksymalnie 30 dni i na tych samych warunkach, na jakich dokonano p\u0142atno\u015bci. MySpainFood zastrzega sobie prawo do odrzucenia zwrot\u00f3w przekazanych lub wys\u0142anych po terminie lub produkt\u00f3w, kt\u00f3re nie s\u0105 w takim samym stanie, w jakim zosta\u0142y otrzymane. Zwrotami zarz\u0105dza si\u0119 poprzez wys\u0142anie wiadomo\u015bci e-mail na adres info@latiendadesami.com z opisem przyczyn i powod\u00f3w zwrotu. Konieczne b\u0119dzie r\u00f3wnie\u017c podanie imienia i nazwiska oraz numeru referencyjnego zam\u00f3wienia. Po otrzymaniu wniosku zostanie on przetworzony w odpowiednim czasie.            <\/p>\n\n<p><strong>Linki:<\/strong><\/p>\n\n<p>Strona https:\/\/myspainfood.com zawiera \u0142\u0105cza do innych stron internetowych. Nale\u017cy pami\u0119ta\u0107, \u017ce klikni\u0119cie jednego z tych \u0142\u0105czy powoduje przej\u015bcie do innej witryny. Zach\u0119camy do zapoznania si\u0119 z o\u015bwiadczeniami o ochronie prywatno\u015bci tych witryn, poniewa\u017c ich polityka prywatno\u015bci mo\u017ce r\u00f3\u017cni\u0107 si\u0119 od naszej.  <\/p>\n","protected":false},"excerpt":{"rendered":"<p>Witamy na stronie https:\/\/myspainfood.com (&#8222;Strona&#8221;). Rozumiemy, \u017ce prywatno\u015b\u0107 online jest wa\u017cna dla u\u017cytkownik\u00f3w naszej Witryny, zw\u0142aszcza w przypadku transakcji biznesowych. Niniejsze o\u015bwiadczenie reguluje nasz\u0105 polityk\u0119 prywatno\u015bci w odniesieniu do tych u\u017cytkownik\u00f3w Witryny (&#8222;Odwiedzaj\u0105cy&#8221;), kt\u00f3rzy odwiedzaj\u0105 Witryn\u0119 bez zawierania transakcji biznesowych oraz Odwiedzaj\u0105cych, kt\u00f3rzy rejestruj\u0105 si\u0119 w celu zawierania transakcji biznesowych w Witrynie i korzystaj\u0105 z [&hellip;]<\/p>\n","protected":false},"author":1,"featured_media":0,"parent":0,"menu_order":0,"comment_status":"closed","ping_status":"closed","template":"","meta":{"_et_pb_use_builder":"","_et_pb_old_content":"","_et_gb_content_width":"","footnotes":""},"class_list":["post-16202","page","type-page","status-publish","hentry"],"_links":{"self":[{"href":"https:\/\/myspainfood.com\/pl\/wp-json\/wp\/v2\/pages\/16202","targetHints":{"allow":["GET"]}}],"collection":[{"href":"https:\/\/myspainfood.com\/pl\/wp-json\/wp\/v2\/pages"}],"about":[{"href":"https:\/\/myspainfood.com\/pl\/wp-json\/wp\/v2\/types\/page"}],"author":[{"embeddable":true,"href":"https:\/\/myspainfood.com\/pl\/wp-json\/wp\/v2\/users\/1"}],"replies":[{"embeddable":true,"href":"https:\/\/myspainfood.com\/pl\/wp-json\/wp\/v2\/comments?post=16202"}],"version-history":[{"count":1,"href":"https:\/\/myspainfood.com\/pl\/wp-json\/wp\/v2\/pages\/16202\/revisions"}],"predecessor-version":[{"id":16204,"href":"https:\/\/myspainfood.com\/pl\/wp-json\/wp\/v2\/pages\/16202\/revisions\/16204"}],"wp:attachment":[{"href":"https:\/\/myspainfood.com\/pl\/wp-json\/wp\/v2\/media?parent=16202"}],"curies":[{"name":"wp","href":"https:\/\/api.w.org\/{rel}","templated":true}]}}