{"id":16504,"date":"2025-04-10T15:12:12","date_gmt":"2025-04-10T13:12:12","guid":{"rendered":"https:\/\/myspainfood.com\/zakupy-zwroty-i-wysylka\/"},"modified":"2025-05-05T11:17:53","modified_gmt":"2025-05-05T09:17:53","slug":"zakupy-zwroty-i-wysylka","status":"publish","type":"page","link":"https:\/\/myspainfood.com\/pl\/zakupy-zwroty-i-wysylka\/","title":{"rendered":"Zakupy, zwroty i wysy\u0142ka"},"content":{"rendered":"\n<p>Niniejsza umowa reguluje og\u00f3lne warunki zakupu r\u00f3\u017cnych produkt\u00f3w i us\u0142ug oferowanych na tej stronie internetowej przez SAMI SUMINISTROS HOSTELEROS, S. L. (dalej MY SPAIN FOOD) z NIF B84614064 i adresem c \/ Luis i 60, sotano, nave 27. 28031 Madryt, Hiszpania. Madryt, Hiszpania.<br\/>Kiedy KLIENT ko\u0144czy proces rejestracji i kupuje kt\u00f3rykolwiek z naszych produkt\u00f3w, wyra\u017anie akceptuje klauzule okre\u015blone poni\u017cej, a tak\u017ce warunki dost\u0119pu i korzystania z naszej strony internetowej oraz jej polityk\u0119 prywatno\u015bci, dost\u0119pn\u0105 za po\u015brednictwem linku Polityka prywatno\u015bci.<br\/>KLIENT potwierdza, \u017ce ma wystarczaj\u0105c\u0105 zdolno\u015b\u0107 prawn\u0105 do zaci\u0105gni\u0119cia zobowi\u0105zania umownego.<br\/>Niniejsza umowa jest stale dost\u0119pna w informacjach prawnych na naszej stronie internetowej.  <\/p>\n\n<p>1. CENY I PODATKI<br\/>W zamian za zakupiony produkt KLIENT wyra\u017anie zgadza si\u0119 zap\u0142aci\u0107 MY SPAIN FOOD kwoty okre\u015blone w momencie zakupu w cenniku ustalonym na stronie internetowej https:\/\/www.myspainfood.es dla wybranych produkt\u00f3w.<br\/>Produkty oferowane na tej stronie podlegaj\u0105 krajowemu podatkowi konsumpcyjnemu, kt\u00f3ry JEST W\u0141\u0104CZONY w ceny wyszczeg\u00f3lnione dla ka\u017cdego produktu.<br\/>Koszty transportu NIE s\u0105 wliczone w cen\u0119 produkt\u00f3w.<br\/>Po zako\u0144czeniu wyboru produkt\u00f3w, przed potwierdzeniem zam\u00f3wienia i przed przyst\u0105pieniem do jego op\u0142acenia, na ekranie pojawi si\u0119 ostateczna cena zakupu, kt\u00f3ra b\u0119dzie zawiera\u0107 podatki, koszty obs\u0142ugi, pakowania i wysy\u0142ki, je\u015bli dotyczy, kt\u00f3re zostan\u0105 odzwierciedlone w formularzu zam\u00f3wienia w momencie zakupu i na fakturze.<br\/>Wszystko, co nie zosta\u0142o okre\u015blone w opisie jako wliczone w cen\u0119, nie jest wliczone w cen\u0119.<\/p>\n\n<p>2. PROCEDURA ZAKUPU<br\/>Tylko osoby powy\u017cej 14 roku \u017cycia (bez alkoholu) i powy\u017cej 18 roku \u017cycia (z alkoholem) oraz firmy mog\u0105 sk\u0142ada\u0107 zam\u00f3wienia za po\u015brednictwem tej strony internetowej.<br\/>Wszystkie nasze produkty s\u0105 wymienione indywidualnie na stronie internetowej. Procedura dokonywania zakup\u00f3w i zarz\u0105dzania nimi jest wskazana na stronie internetowej i nale\u017cy wykona\u0107 nast\u0119puj\u0105ce kroki:<br\/>a. Wybierz produkt, kt\u00f3ry chcesz kupi\u0107.<br\/>b. Po wybraniu produktu mo\u017cna doda\u0107 go do koszyka i wybra\u0107, czy chce si\u0119 kontynuowa\u0107 zakupy, czy przetworzy\u0107 zam\u00f3wienie.<br\/>c. Aby przetworzy\u0107 zam\u00f3wienie, nale\u017cy wype\u0142ni\u0107 formularz z danymi osobowymi w celu sformalizowania procedury zakupu.<br\/>d. Nast\u0119pnie zam\u00f3wienie zostanie sprawdzone. Nast\u0119pnie zam\u00f3wienie zostanie sprawdzone, a wybrane pozycje zostan\u0105 wyszczeg\u00f3lnione jedna po drugiej i zostanie obliczona \u0142\u0105czna cena.<br\/>e. Konieczne b\u0119dzie r\u00f3wnie\u017c wskazanie adresu rozliczeniowego i adresu dostawy zakupu. Mo\u017cna wskaza\u0107 jeden adres do fakturowania i dostawy.<br\/>f. Po zako\u0144czeniu procesu nale\u017cy zaznaczy\u0107 pole, aby zweryfikowa\u0107, czy u\u017cytkownik zapozna\u0142 si\u0119 z warunkami sprzeda\u017cy i je zaakceptowa\u0142.<br\/>g. Strona internetowa udost\u0119pni mechanizmy p\u0142atno\u015bci w zale\u017cno\u015bci od wybranego systemu.<br\/>h. Po wprowadzeniu szczeg\u00f3\u0142\u00f3w p\u0142atno\u015bci nale\u017cy potwierdzi\u0107 zam\u00f3wienie, klikaj\u0105c przycisk &#8222;Kup&#8221;.<br\/>i. Po klikni\u0119ciu przycisku &#8222;Kup&#8221; p\u0142atno\u015b\u0107 zostanie dokonana, a produkty b\u0119d\u0105 do dyspozycji klienta.<br\/>Klient jest informowany, \u017ce zdj\u0119cia i opisy produkt\u00f3w na stronie internetowej s\u0105 przybli\u017conym obrazem oferowanych produkt\u00f3w i us\u0142ug i dlatego mog\u0105 r\u00f3\u017cni\u0107 si\u0119 od orygina\u0142u. Opisy i ilustracje produkt\u00f3w oferowanych za po\u015brednictwem tej strony internetowej maj\u0105 jedynie charakter informacyjny.          <\/p>\n\n<p>3. DOST\u0118PNO\u015a\u0106 I DOSTAWA<br\/>Produkty oferowane przez MY SPAIN FOOD s\u0105 dost\u0119pne wy\u0142\u0105cznie do dystrybucji w Hiszpanii kontynentalnej.<br\/>Zam\u00f3wienia b\u0119d\u0105 realizowane po prawid\u0142owym otrzymaniu p\u0142atno\u015bci. Produkty oferowane przez MY SPAIN FOOD b\u0119d\u0105 zawsze podlega\u0107 dost\u0119pno\u015bci, kt\u00f3ra zostanie wyra\u017anie wskazana na naszej stronie internetowej dla ka\u017cdego produktu, tak aby w przypadku niedost\u0119pno\u015bci jakiegokolwiek produktu klient zosta\u0142 nale\u017cycie poinformowany o braku dost\u0119pno\u015bci. W normalnych warunkach wszystkie produkty, kt\u00f3re pojawiaj\u0105 si\u0119 na naszej stronie internetowej, s\u0105 dost\u0119pne do dostawy we wskazanych terminach. W przypadku, gdy po z\u0142o\u017ceniu zam\u00f3wienia produkt zam\u00f3wiony przez KLIENTA jest niedost\u0119pny, KLIENT zostanie o tym nale\u017cycie poinformowany i zostanie mu zaoferowany alternatywny produkt o podobnych cechach w tej samej cenie i jako\u015bci. Je\u015bli mimo to KLIENT nie b\u0119dzie zainteresowany przyj\u0119ciem proponowanej alternatywy, MY SPAIN FOOD przyst\u0105pi do zwrotu ju\u017c zap\u0142aconej kwoty i poinformuje KLIENTA o procedurach i terminach zwrotu. Zasadniczo maksymalny czas dostawy do domu wynosi od 5 do 10 dni od momentu zakupu i od momentu potwierdzenia p\u0142atno\u015bci, przy czym zam\u00f3wienia otrzymane przed godzin\u0105 14:00 s\u0105 realizowane tego samego dnia i zawsze w dni robocze dla miasta Madryt (HISZPANIA). Te czasy dostawy s\u0105 przybli\u017cone i w \u017cadnym wypadku nie s\u0105 wi\u0105\u017c\u0105ce dla MY SPAIN FOOD. Dostawy b\u0119d\u0105 realizowane w dni robocze (od poniedzia\u0142ku do pi\u0105tku). Dostawa produktu zakupionego do domu zostanie zrealizowana przez przewo\u017anika wraz z dowodem dostawy na adres wskazany w formularzu zam\u00f3wienia, kt\u00f3ry klient musi podpisa\u0107 jako dokument odbioru. Podobnie, KLIENT zostanie nale\u017cycie poinformowany w przypadku jakiegokolwiek incydentu lub op\u00f3\u017anienia w dostawie z jakiegokolwiek powodu. Je\u015bli dostawa nie jest mo\u017cliwa pod wskazanym adresem z powodu nieobecno\u015bci adresata, przewo\u017anik skontaktuje si\u0119 bezpo\u015brednio z KLIENTEM w celu ustalenia czasu dostawy lub odbioru paczki w odpowiednim oddziale lub, w ka\u017cdym przypadku, w celu wskazania krok\u00f3w, kt\u00f3re nale\u017cy podj\u0105\u0107 w celu uzyskania produkt\u00f3w.<br\/>Po up\u0142ywie terminu, je\u015bli zam\u00f3wienie nie zostanie odebrane, zostanie ono zwr\u00f3cone do naszych magazyn\u00f3w i zostanie wys\u0142any e-mail wskazuj\u0105cy, w jaki spos\u00f3b dostawa zostanie ostatecznie zrealizowana. W tym ostatnim przypadku koszty wysy\u0142ki ponosi KLIENT. Istnieje r\u00f3wnie\u017c mo\u017cliwo\u015b\u0107 odbioru zam\u00f3wienia w sklepie; je\u015bli KLIENT wybierze t\u0119 opcj\u0119, po dokonaniu p\u0142atno\u015bci zam\u00f3wienie zostanie przygotowane. Po przygotowaniu zam\u00f3wienia, w ci\u0105gu 24 do 48 godzin od potwierdzenia zam\u00f3wienia, KLIENT otrzyma wiadomo\u015b\u0107 e-mail z informacj\u0105, \u017ce zam\u00f3wienie jest gotowe do odbioru oraz pozosta\u0142e istotne informacje. Je\u015bli KLIENT wybierze t\u0119 metod\u0119 dostawy, nie poniesie \u017cadnych koszt\u00f3w wysy\u0142ki ani transportu. Je\u015bli KLIENT, po wybraniu odbioru zam\u00f3wienia w sklepie i po wys\u0142aniu wiadomo\u015bci e-mail wskazuj\u0105cej, \u017ce zam\u00f3wienie jest gotowe do odbioru, nie przyjdzie w ci\u0105gu 48-72 godzin, w zale\u017cno\u015bci od charakteru zam\u00f3wienia (\u0142atwo psuj\u0105ce si\u0119 produkty fizyczne), KLIENT utraci wszelkie prawa do dokonanego zakupu. Je\u015bli produkty nie maj\u0105 takiego charakteru, termin odbioru w sklepie wyniesie 7 dni, aw przypadku nieodebrania skontaktujemy si\u0119 z KLIENTEM, aby ostatecznie przyst\u0105pi\u0107 do dostawy zam\u00f3wienia.                 Aby by\u0107 informowanym przez ca\u0142y czas o zarz\u0105dzaniu zakupem, otrzymasz powiadomienie e-mail o potwierdzeniu zam\u00f3wienia i p\u0142atno\u015bci. KLIENT mo\u017ce r\u00f3wnie\u017c sprawdzi\u0107 status swojego zam\u00f3wienia, wysy\u0142aj\u0105c wiadomo\u015b\u0107 e-mail na adres hola@myspainfood.com. <\/p>\n\n<p>4. P\u0141ATNO\u015aCI I WARUNKI P\u0141ATNO\u015aCI<br\/>Akceptowane s\u0105 nast\u0119puj\u0105ce metody p\u0142atno\u015bci:<br\/>- Karta kredytowa i debetowa. Transakcja odbywa si\u0119 poprzez bezpo\u015brednie po\u0142\u0105czenie ze Stripe. <br\/>- GOOGLE PAY. Transakcja odbywa si\u0119 poprzez bezpo\u015brednie po\u0142\u0105czenie ze Stripe. <br\/>- APPLE PAY. Transakcja odbywa si\u0119 poprzez bezpo\u015brednie po\u0142\u0105czenie ze Stripe. <br\/>- Paypal. Bezpo\u015brednie po\u0142\u0105czenie z Paypal. <br\/>- Przelew bankowy. Wp\u0142acaj\u0105c ca\u0142kowit\u0105 kwot\u0119 zakupu na wskazany rachunek bie\u017c\u0105cy. Po dokonaniu p\u0142atno\u015bci otrzymasz wiadomo\u015b\u0107 e-mail z potwierdzeniem.<br\/>MY SPAIN FOOD nie ma dost\u0119pu do danych Twojej karty kredytowej. Wszystkie nasze systemy p\u0142atno\u015bci s\u0105 ca\u0142kowicie bezpieczne. P\u0142atno\u015bci s\u0105 dokonywane przed dostaw\u0105 produktu lub \u015bwiadczeniem us\u0142ugi, wi\u0119c MY SPAIN FOOD nie dostarczy \u017c\u0105danego produktu do momentu otrzymania p\u0142atno\u015bci. MY SPAIN FOOD zastrzega sobie prawo do tymczasowego lub sta\u0142ego anulowania \u015bwiadczonych us\u0142ug w przypadku jakiegokolwiek incydentu zwi\u0105zanego z p\u0142atno\u015bci\u0105. KLIENT jest informowany, \u017ce w odniesieniu do p\u0142atno\u015bci kart\u0105, osob\u0105 odpowiedzialn\u0105 za operacje b\u0119dzie posiadacz u\u017cytej karty kredytowej lub debetowej.      <\/p>\n\n<p>5. FAKTURY<br\/>U\u017cytkownik otrzyma potwierdzenie zakupu poczt\u0105 elektroniczn\u0105 w momencie zakupu. Aby otrzyma\u0107 faktur\u0119, nale\u017cy skontaktowa\u0107 si\u0119 z Biurem Obs\u0142ugi Klienta (hola@myspainfood.com) w celu podania niezb\u0119dnych danych fiskalnych. KLIENT jest odpowiedzialny za potwierdzenie otrzymania powiadomie\u0144 i powiadomienie nas o wszelkich zmianach swoich danych, a LA MY SPAIN FOOD jest zwolniony z wszelkiej odpowiedzialno\u015bci wynikaj\u0105cej z tej okoliczno\u015bci.  <\/p>\n\n<p>6. GWARANCJA<br\/>W MY SPAIN FOOD staramy si\u0119 oferowa\u0107 us\u0142ugi najwy\u017cszej jako\u015bci, jednak bior\u0105c pod uwag\u0119 ich charakter (produkty \u0142atwo psuj\u0105ce si\u0119), oferujemy gwarancj\u0119 satysfakcji na wi\u0119kszo\u015b\u0107 naszych produkt\u00f3w. W przypadku, gdy z jakiegokolwiek powodu nie otrzymasz prawid\u0142owo produktu lub us\u0142ugi, powiniene\u015b jak najszybciej poinformowa\u0107 nas o tym incydencie, a my postaramy si\u0119, je\u015bli b\u0142\u0105d zostanie zweryfikowany, naprawi\u0107 go tak szybko, jak to mo\u017cliwe.<br\/>Wszystkie nasze produkty niepsuj\u0105ce si\u0119 podlegaj\u0105 kontroli jako\u015bci i s\u0105 obj\u0119te gwarancj\u0105 na wady produkcyjne przez okres 2 lat od daty zakupu lub, w przypadku jej braku, od daty wyga\u015bni\u0119cia. Gwarancja obejmuje wszelkie wady produkcyjne, projektowe lub materia\u0142owe, przy czym niezgodno\u015b\u0107 musi zosta\u0107 zg\u0142oszona w ci\u0105gu 14 dni od jej wykrycia. Gwarancja obejmuje wy\u0142\u0105cznie wadliwe produkty. Nie obejmuje ona uderze\u0144, niew\u0142a\u015bciwego u\u017cytkowania lub innych, kt\u00f3re nie wynikaj\u0105 z wady po stronie dostawcy lub wady produktu. W okresie gwarancyjnym KLIENT mo\u017ce zwr\u00f3ci\u0107 produkt, a my go naprawimy lub wymienimy. Koszty transportu zwi\u0105zane ze zwrotem w ramach gwarancji NIE b\u0119d\u0105 ponoszone przez KLIENTA. Dokumentem gwarancyjnym jest faktura zakupu.       <\/p>\n\n<p>7. ZWROTY<br\/>Poni\u017csze warunki zwrotu naszych produkt\u00f3w nie maj\u0105 zastosowania w przypadku skorzystania z prawa do odst\u0105pienia od umowy. Zwroty lub wymiany produkt\u00f3w b\u0119d\u0105 przyjmowane wy\u0142\u0105cznie w przypadku wad produkcyjnych, uszkodze\u0144 transportowych lub b\u0142\u0119d\u00f3w w dostawie. W ka\u017cdym przypadku od otrzymania produktu nie mo\u017ce up\u0142yn\u0105\u0107 wi\u0119cej ni\u017c 14 dni, a opakowanie i akcesoria musz\u0105 by\u0107 do\u0142\u0105czone. Nale\u017cy wcze\u015bniej sprawdzi\u0107, czy jest to wada produkcyjna, wada opakowania lub anomalia, a nie spowodowane niew\u0142a\u015bciwym lub niedba\u0142ym u\u017cytkowaniem, obs\u0142ug\u0105 lub przechowywaniem. Zawsze nale\u017cy do\u0142\u0105czy\u0107 odpowiedni dow\u00f3d dostawy lub faktur\u0119. Zar\u00f3wno w przypadku zwrotu z powodu wady produkcyjnej lub wady opakowania, jak i w przypadku b\u0142\u0119du w zam\u00f3wieniu, KLIENTOWI zostanie zaoferowana, je\u015bli to mo\u017cliwe, jego wymiana na inn\u0105 alternatyw\u0119 bez dodatkowych koszt\u00f3w i bez prawa ze strony KLIENTA do jakiegokolwiek rodzaju odszkodowania. Koszty zwi\u0105zane z wysy\u0142k\u0105 zam\u00f3wienia ponosi MY SPAIN FOOD. W ka\u017cdym przypadku zwrot b\u0119dzie zawsze podlega\u0142 uprzedniemu sprawdzeniu przez MY SPAIN FOOD stanu zwracanego produktu i weryfikacji zgodno\u015bci z wymogami niniejszych warunk\u00f3w sprzeda\u017cy. Po otrzymaniu zwrotu i w stosownych przypadkach przyst\u0105pimy do zwrotu pobranej kwoty w ci\u0105gu maksymalnie 30 dni i w tych samych terminach, w jakich dokonano p\u0142atno\u015bci. MY SPAIN FOOD zastrzega sobie prawo do odrzucenia zwrot\u00f3w przekazanych lub wys\u0142anych po terminie lub produkt\u00f3w, kt\u00f3re nie s\u0105 w takim samym stanie, w jakim zosta\u0142y otrzymane. Zwroty b\u0119d\u0105 zarz\u0105dzane poprzez wys\u0142anie wiadomo\u015bci e-mail na adres hola@myspainfood.es z opisem przyczyn i powod\u00f3w zwrotu. Konieczne b\u0119dzie r\u00f3wnie\u017c podanie imienia i nazwiska oraz numeru referencyjnego zam\u00f3wienia. Po otrzymaniu wniosku zostanie on rozpatrzony w odpowiednim czasie.            <\/p>\n\n<p>8. PRAWO DO ODST\u0104PIENIA OD UMOWY<br\/>Bior\u0105c pod uwag\u0119 charakter produktu (produkt \u0142atwo psuj\u0105cy si\u0119) i warunki jego przechowywania oraz zgodnie z art. 103 lit. d i e Kr\u00f3lewskiego Dekretu Ustawodawczego 1\/2007 z dnia 16 listopada w sprawie ochrony konsument\u00f3w i u\u017cytkownik\u00f3w, prawo do odst\u0105pienia od umowy nie ma zastosowania do niniejszej umowy. W przypadku ka\u017cdego produktu, kt\u00f3ry nie jest uwa\u017cany za \u0142atwo psuj\u0105cy si\u0119 (art. 103.d) i pod warunkiem, \u017ce nie zosta\u0142 rozpiecz\u0119towany (art. 103.e), u\u017cytkownik ma prawo odst\u0105pi\u0107 od niniejszej umowy w ci\u0105gu 14 dni kalendarzowych bez konieczno\u015bci podawania uzasadnienia. Termin do odst\u0105pienia od umowy wygasa po up\u0142ywie 14 dni kalendarzowych od dnia zawarcia umowy. Aby skorzysta\u0107 z prawa odst\u0105pienia od umowy, musz\u0105 Pa\u0144stwo poinformowa\u0107 nas na adres MY SPAIN FOOD c\/ Luis I 60, s\u00f3tano, nave 27 , 28031, Madryt, Hiszpania e-mail: hola@myspainfood.com, o swojej decyzji o odst\u0105pieniu od niniejszej umowy w drodze jednoznacznego o\u015bwiadczenia (na przyk\u0142ad pismo wys\u0142ane poczt\u0105, faksem lub poczt\u0105 elektroniczn\u0105). Mog\u0105 Pa\u0144stwo skorzysta\u0107 z poni\u017cszego wzoru formularza odst\u0105pienia od umowy, jednak nie jest to obowi\u0105zkowe. Wz\u00f3r formularza odst\u0105pienia od umowy Do wiadomo\u015bci MY SPAIN FOOD c\/ Luis I 60, s\u00f3tano, nave 27 MADRID (28031) Hiszpania hola@myspainfood.com Niniejszym informuj\u0119, \u017ce odst\u0119puj\u0119 od umowy sprzeda\u017cy nast\u0119puj\u0105cych towar\u00f3w: Otrzymano\/Zam\u00f3wiono dnia: Imi\u0119 i nazwisko konsumenta: Podpis konsumenta Data Aby zachowa\u0107 termin do odst\u0105pienia od umowy, wystarczy, aby wiadomo\u015b\u0107 dotycz\u0105ca wykonania przys\u0142uguj\u0105cego Pa\u0144stwu prawa zosta\u0142a wys\u0142ana przed up\u0142ywem terminu do odst\u0105pienia od umowy.     <br\/>Konsekwencje odst\u0105pienia od umowy:<br\/>W przypadku odst\u0105pienia od umowy przez KLIENTA, zwr\u00f3cimy mu wszystkie otrzymane od niego p\u0142atno\u015bci bez zb\u0119dnej zw\u0142oki, a w ka\u017cdym razie nie p\u00f3\u017aniej ni\u017c 14 dni kalendarzowych od dnia, w kt\u00f3rym zostali\u015bmy poinformowani o decyzji o odst\u0105pieniu od niniejszej umowy. KLIENT ponosi bezpo\u015bredni koszt zwrotu towar\u00f3w, przy czym koszt odbioru zostanie odliczony od kwoty zwrotu, z wyj\u0105tkiem przypadku wadliwej jako\u015bci lub b\u0142\u0119du wysy\u0142ki z naszej strony. Dokonamy takiego zwrotu przy u\u017cyciu tych samych \u015brodk\u00f3w p\u0142atno\u015bci, kt\u00f3re zosta\u0142y u\u017cyte przez u\u017cytkownika w pierwotnej transakcji, chyba \u017ce u\u017cytkownik wyra\u017anie okre\u015bli\u0142 inaczej; w ka\u017cdym przypadku u\u017cytkownik nie poniesie \u017cadnych koszt\u00f3w w wyniku zwrotu. Po otrzymaniu powiadomienia o odst\u0105pieniu od umowy, u\u017cytkownik musi zwr\u00f3ci\u0107 lub przekaza\u0107 towary bezpo\u015brednio nam bez zb\u0119dnej zw\u0142oki, a w ka\u017cdym razie nie p\u00f3\u017aniej ni\u017c 14 dni kalendarzowych od dnia, w kt\u00f3rym poinformowa\u0142 nas o swojej decyzji o odst\u0105pieniu od umowy. Termin uwa\u017ca si\u0119 za dotrzymany, je\u017celi towary zostan\u0105 zwr\u00f3cone przed jego up\u0142ywem. Zwracane towary musz\u0105 by\u0107 w idealnym stanie, nie mog\u0105 by\u0107 uszkodzone, zdeformowane ani nosi\u0107 \u015blad\u00f3w zu\u017cycia, zadrapa\u0144 lub plam. U\u017cytkownik ponosi odpowiedzialno\u015b\u0107 za zmniejszenie warto\u015bci towar\u00f3w wynikaj\u0105ce z obchodzenia si\u0119 z nimi w spos\u00f3b inny ni\u017c konieczny do stwierdzenia charakteru, cech i funkcjonowania towar\u00f3w.      <\/p>\n\n<p>9. REALIZACJA UMOWY I MODYFIKACJE US\u0141UG<br\/>Niniejsza umowa zostanie zrealizowana wraz z zap\u0142at\u0105 za produkt i wys\u0142aniem do KLIENTA wiadomo\u015bci e-mail z potwierdzeniem i opisem dokonanego zakupu.<br\/>MY SPAIN FOOD zastrzega sobie prawo do modyfikowania w dowolny spos\u00f3b cech i warunk\u00f3w swoich us\u0142ug, zawsze w celu ich ulepszenia i z korzy\u015bci\u0105 dla KLIENTA.<\/p>\n\n<p>10. OBOWI\u0104ZKI STRON<br\/>MY SPAIN FOOD zobowi\u0105zuje si\u0119 dostarczy\u0107 KLIENTOWI produkty i us\u0142ugi, kt\u00f3re zosta\u0142y zakontraktowane, stosuj\u0105c maksymaln\u0105 staranno\u015b\u0107 w \u015bwiadczeniu us\u0142ugi, a tak\u017ce dba\u0107 o utrzymanie instalacji niezb\u0119dnych do dzia\u0142ania sieci, posiadaj\u0105c w tym celu odpowiedni sprz\u0119t techniczny i komputerowy oraz zarz\u0105dza\u0107 operacjami logistycznymi, wysy\u0142k\u0105 i dostaw\u0105 zakup\u00f3w dokonanych za po\u015brednictwem przewo\u017anika.<br\/>KLIENT zobowi\u0105zuje si\u0119 do korzystania z udost\u0119pnionych us\u0142ug w dobrej wierze, bez naruszania prawa w jakiejkolwiek kwestii lub naruszania praw os\u00f3b trzecich, jak r\u00f3wnie\u017c do zap\u0142aty za wybrany produkt w terminie i w spos\u00f3b ustalony w niniejszych warunkach sprzeda\u017cy oraz jego odbioru w miejscu wskazanym do dostawy. MY SPAIN FOOD nie gwarantuje, \u017ce dost\u0119pno\u015b\u0107 us\u0142ugi obj\u0119tej niniejsz\u0105 umow\u0105 b\u0119dzie ci\u0105g\u0142a i nieprzerwana, ze wzgl\u0119du na okoliczno\u015bci spowodowane problemami w sieci internetowej, awariami urz\u0105dze\u0144 komputerowych i innymi nieprzewidywalnymi okoliczno\u015bciami. W zwi\u0105zku z tym KLIENT zobowi\u0105zuje si\u0119 do znoszenia tych okoliczno\u015bci w rozs\u0105dnych granicach, a tym samym wyra\u017anie zrzeka si\u0119 wszelkiej odpowiedzialno\u015bci umownej lub pozaumownej wobec LA MY SPAIN FOOD za ewentualne awarie, b\u0142\u0119dy i korzystanie z zakontraktowanej us\u0142ugi.  <\/p>\n\n<p>11. KOMUNIKACJA<br\/>Wszelkie powiadomienia mi\u0119dzy stronami b\u0119d\u0105 dokonywane najlepiej poczt\u0105 elektroniczn\u0105. KLIENT jest odpowiedzialny za potwierdzenie otrzymania powiadomie\u0144 i powiadomienie MY SPAIN FOOD o wszelkich zmianach w swoich danych, b\u0119d\u0105c zwolnionym z wszelkiej odpowiedzialno\u015bci wynikaj\u0105cej z tej okoliczno\u015bci. W przypadku modyfikacji KLIENT musi powiadomi\u0107 MY SPAIN FOOD za po\u015brednictwem poczty elektronicznej lub numer\u00f3w telefon\u00f3w wskazanych na naszej stronie internetowej. Zgodnie z art. 21 ustawy 34\/2002 o us\u0142ugach spo\u0142ecze\u0144stwa informacyjnego i handlu elektronicznego informujemy, \u017ce nasze przesy\u0142ki handlowe i informacje dotycz\u0105ce naszej strony internetowej i oferowanych na niej produkt\u00f3w b\u0119d\u0105 wysy\u0142ane poczt\u0105 elektroniczn\u0105 na podany adres e-mail, kt\u00f3ry zawsze mo\u017cna odwo\u0142a\u0107. W ka\u017cdym przypadku u\u017cytkownik ma mo\u017cliwo\u015b\u0107 odrzucenia naszych informacji handlowych, wysy\u0142aj\u0105c wiadomo\u015b\u0107 e-mail na adres hola@myspainfood.com ze s\u0142owem UNSUBSCRIBE w temacie wiadomo\u015bci.    <\/p>\n\n<p>12. ZOBOWI\u0104ZANIE, AKCEPTACJA I WA\u017bNO\u015a\u0106 UMOWY<br\/>KLIENT potwierdza, \u017ce przeczyta\u0142 i zaakceptowa\u0142 prawne warunki u\u017cytkowania i polityk\u0119 prywatno\u015bci strony internetowej. KLIENT potwierdza, \u017ce zrozumia\u0142 wszystkie informacje dotycz\u0105ce produkt\u00f3w i us\u0142ug, w tym, w stosownych przypadkach, dostawy, oferowanych na naszej stronie internetowej, a tak\u017ce wszystkie warunki i postanowienia zawarte w niniejszej umowie elektronicznej, a zatem o\u015bwiadcza, \u017ce s\u0105 one wystarczaj\u0105ce do wykluczenia b\u0142\u0119du w wyra\u017ceniu zgody na niniejsz\u0105 umow\u0119, a zatem w pe\u0142ni i wyra\u017anie je akceptuje. KLIENT jest w pe\u0142ni \u015bwiadomy, \u017ce akceptacja i wykonanie niniejszej umowy nast\u0105pi poprzez podanie jego danych i klikni\u0119cie przycisku &#8222;Kup&#8221; wskazanego na naszej stronie internetowej i zostanie zako\u0144czone op\u0142aceniem us\u0142ugi.  <\/p>\n\n<p>13. M\u0141ODZIE\u017b PONI\u017bEJ 18 ROKU \u017bYCIA<br\/>MY SPAIN FOOD zobowi\u0105zuje si\u0119 nie zezwala\u0107 na \u017cadne transakcje, kt\u00f3re s\u0105 niezgodne z prawem lub kt\u00f3re s\u0105 uwa\u017cane przez marki kart kredytowych lub bank autoryzuj\u0105cy za mog\u0105ce zaszkodzi\u0107 ich dobremu imieniu lub mie\u0107 na nie negatywny wp\u0142yw. Programy marek kart zabraniaj\u0105 nast\u0119puj\u0105cych dzia\u0142a\u0144: sprzeda\u017cy lub oferowania produktu lub us\u0142ugi, kt\u00f3re nie s\u0105 w pe\u0142ni zgodne ze wszystkimi przepisami maj\u0105cymi zastosowanie do agenta rozliczeniowego, banku wydaj\u0105cego, sprzedawcy, posiadacza karty lub kart. Ponadto, nast\u0119puj\u0105ce dzia\u0142ania s\u0105 r\u00f3wnie\u017c wyra\u017anie zabronione: &#8222;Sprzeda\u017c napoj\u00f3w alkoholowych osobom poni\u017cej 18 roku \u017cycia&#8221;.  <\/p>\n\n<p>14. PRAWO W\u0141A\u015aCIWE<br\/>Niniejsza umowa ma charakter handlowy i b\u0119dzie regulowana i interpretowana zgodnie z prawem hiszpa\u0144skim. W przypadku jakichkolwiek rozbie\u017cno\u015bci lub r\u00f3\u017cnic mi\u0119dzy stronami w odniesieniu do interpretacji, tre\u015bci lub wykonania Umowy, kt\u00f3re nie zostan\u0105 rozwi\u0105zane w drodze wzajemnego porozumienia, Strony poddadz\u0105 si\u0119 s\u0105dom lub trybuna\u0142om w\u0142a\u015bciwym w ka\u017cdym przypadku, a w przypadkach, w kt\u00f3rych przewiduje si\u0119, \u017ce strony mog\u0105 podda\u0107 si\u0119 jurysdykcji, poddadz\u0105 si\u0119 s\u0105dom i trybuna\u0142om w Madrycie, wyra\u017anie zrzekaj\u0105c si\u0119 jakiejkolwiek innej jurysdykcji, kt\u00f3ra mo\u017ce im odpowiada\u0107. Udost\u0119pniamy r\u00f3wnie\u017c naszym klientom nast\u0119puj\u0105cy link, aby uzyska\u0107 dost\u0119p do oficjalnej platformy internetowej Komisji Europejskiej do rozstrzygania spor\u00f3w: https:\/\/ec.europa.eu\/consumers\/odr\/main\/index.cfm?event=main.home2.show&amp;lng=ES  <\/p>\n\n<p>15. DANE OSOBOWE<br\/>Patrz Polityka Prywatno\u015bci. Uwaga: Niniejsze Og\u00f3lne Warunki zosta\u0142y zaktualizowane w dniu 29\/7\/2021. Mo\u017cemy je modyfikowa\u0107 w dowolnym momencie, a tak\u017ce zmienia\u0107 list\u0119 cen i oferowanych produkt\u00f3w. Prosimy o sprawdzanie daty wydania za ka\u017cdym razem, gdy wchodzisz na nasz\u0105 stron\u0119 internetow\u0105, aby upewni\u0107 si\u0119, \u017ce nie nast\u0105pi\u0142y \u017cadne zmiany, kt\u00f3re mog\u0105 Ci\u0119 dotyczy\u0107.   <\/p>\n","protected":false},"excerpt":{"rendered":"<p>Niniejsza umowa reguluje og\u00f3lne warunki zakupu r\u00f3\u017cnych produkt\u00f3w i us\u0142ug oferowanych na tej stronie internetowej przez SAMI SUMINISTROS HOSTELEROS, S. L. (dalej MY SPAIN FOOD) z NIF B84614064 i adresem c \/ Luis i 60, sotano, nave 27. 28031 Madryt, Hiszpania. Madryt, Hiszpania.Kiedy KLIENT ko\u0144czy proces rejestracji i kupuje kt\u00f3rykolwiek z naszych produkt\u00f3w, wyra\u017anie akceptuje [&hellip;]<\/p>\n","protected":false},"author":1,"featured_media":0,"parent":0,"menu_order":0,"comment_status":"closed","ping_status":"closed","template":"","meta":{"_et_pb_use_builder":"","_et_pb_old_content":"","_et_gb_content_width":"","footnotes":""},"class_list":["post-16504","page","type-page","status-publish","hentry"],"_links":{"self":[{"href":"https:\/\/myspainfood.com\/pl\/wp-json\/wp\/v2\/pages\/16504","targetHints":{"allow":["GET"]}}],"collection":[{"href":"https:\/\/myspainfood.com\/pl\/wp-json\/wp\/v2\/pages"}],"about":[{"href":"https:\/\/myspainfood.com\/pl\/wp-json\/wp\/v2\/types\/page"}],"author":[{"embeddable":true,"href":"https:\/\/myspainfood.com\/pl\/wp-json\/wp\/v2\/users\/1"}],"replies":[{"embeddable":true,"href":"https:\/\/myspainfood.com\/pl\/wp-json\/wp\/v2\/comments?post=16504"}],"version-history":[{"count":1,"href":"https:\/\/myspainfood.com\/pl\/wp-json\/wp\/v2\/pages\/16504\/revisions"}],"predecessor-version":[{"id":16506,"href":"https:\/\/myspainfood.com\/pl\/wp-json\/wp\/v2\/pages\/16504\/revisions\/16506"}],"wp:attachment":[{"href":"https:\/\/myspainfood.com\/pl\/wp-json\/wp\/v2\/media?parent=16504"}],"curies":[{"name":"wp","href":"https:\/\/api.w.org\/{rel}","templated":true}]}}