{"id":17039,"date":"2025-04-10T12:05:09","date_gmt":"2025-04-10T10:05:09","guid":{"rendered":"https:\/\/myspainfood.com\/producto\/kimbos-gordal-gordal-oliwka-i-korniszon-900-gr-chicon\/"},"modified":"2025-05-12T23:24:03","modified_gmt":"2025-05-12T21:24:03","slug":"kimbos-gordal-gordal-oliwka-i-korniszon-900-gr-chicon","status":"publish","type":"product","link":"https:\/\/myspainfood.com\/pl\/producto\/kimbos-gordal-gordal-oliwka-i-korniszon-900-gr-chicon\/","title":{"rendered":"Kimbos Gordal - gordal oliwka i korniszon 900 gr Chic\u00f3n"},"content":{"rendered":"<h3>Dlaczego warto u\u017cywa\u0107 oliwek Kimbos Gordal nadziewanych korniszonem?<\/h3>\n<p>Kimbos Gordal to wariant jednej z najpopularniejszych nadziewanych oliwek zar\u00f3wno w Hiszpanii, jak i za granic\u0105.<\/p>\n<p>Jedn\u0105 z jej osobliwo\u015bci jest jej rozmiar, poniewa\u017c zazwyczaj jest wi\u0119ksza ni\u017c inne odmiany.<\/p>\n<p>To sprawia, \u017ce jest to idealna oliwka do serwowania na stole nadziewana r\u00f3\u017cnymi rodzajami \u017cywno\u015bci, takimi jak na przyk\u0142ad anchois, korniszony lub papryka.<\/p>\n<p>Nazwa &#8222;Aceituna Gordal&#8221; zosta\u0142a jej nadana ze wzgl\u0119du na jej rozmiar.<\/p>\n<p>Mo\u017cna powiedzie\u0107, \u017ce wyr\u00f3\u017cnia si\u0119 do\u015b\u0107 atrakcyjnym i przyci\u0105gaj\u0105cym wzrok wygl\u0105dem.<\/p>\n<p>Chocia\u017c pochodzi z <a href=\"https:\/\/aceitunaschiconlebron.com\/catalogo\/aceituna-gordal-rellena-de-pepinillo\/\" target=\"_blank\" rel=\"noopener noreferrer nofollow\">Andaluzji<\/a>, konsumpcja oliwek Gordal nadziewanych korniszonami rozprzestrzeni\u0142a si\u0119 w Stanach Zjednoczonych, gdzie sta\u0142a si\u0119 najbardziej rozpowszechniona poza Hiszpani\u0105.<\/p>\n<p>Je\u015bli chcesz kupi\u0107 oliwki lub inny rodzaj <a href=\"https:\/\/latiendadesami.com\/categoria-producto\/encurtidos\/\" rel=\"noopener noreferrer nofollow\" target=\"_blank\">marynowanej<\/a> \u017cywno\u015bci, nie wahaj si\u0119 zajrze\u0107 do naszego katalogu online, aby zobaczy\u0107 szerok\u0105 gam\u0119 <a href=\"https:\/\/latiendadesami.com\/categoria-producto\/encurtidos\/aceitunas\/\" target=\"_blank\" rel=\"noopener noreferrer nofollow\">oliwek<\/a>, kt\u00f3re mamy.<\/p>\n","protected":false},"excerpt":{"rendered":"<p>Dlaczego warto u\u017cywa\u0107 oliwek Kimbos Gordal nadziewanych korniszonem? Kimbos Gordal to wariant jednej z najpopularniejszych nadziewanych oliwek zar\u00f3wno w Hiszpanii, jak i za granic\u0105. Jedn\u0105 z jej osobliwo\u015bci jest jej rozmiar, poniewa\u017c zazwyczaj jest wi\u0119ksza ni\u017c inne odmiany. To sprawia, \u017ce jest to idealna oliwka do serwowania na stole nadziewana r\u00f3\u017cnymi rodzajami \u017cywno\u015bci, takimi jak [&hellip;]<\/p>\n","protected":false},"featured_media":7105,"template":"","meta":{"_et_pb_use_builder":"","_et_pb_old_content":"","_et_gb_content_width":""},"product_brand":[1036],"product_cat":[1567,1566],"product_tag":[1611,1612],"class_list":{"0":"post-17039","1":"product","2":"type-product","3":"status-publish","4":"has-post-thumbnail","6":"product_brand-chicon","7":"product_cat-oliwki","8":"product_cat-pikle","9":"product_tag-gordal-pl","10":"product_tag-kimbo-pl","12":"first","13":"instock","14":"taxable","15":"shipping-taxable","16":"purchasable","17":"product-type-variable"},"_links":{"self":[{"href":"https:\/\/myspainfood.com\/pl\/wp-json\/wp\/v2\/product\/17039","targetHints":{"allow":["GET"]}}],"collection":[{"href":"https:\/\/myspainfood.com\/pl\/wp-json\/wp\/v2\/product"}],"about":[{"href":"https:\/\/myspainfood.com\/pl\/wp-json\/wp\/v2\/types\/product"}],"wp:featuredmedia":[{"embeddable":true,"href":"https:\/\/myspainfood.com\/pl\/wp-json\/wp\/v2\/media\/7105"}],"wp:attachment":[{"href":"https:\/\/myspainfood.com\/pl\/wp-json\/wp\/v2\/media?parent=17039"}],"wp:term":[{"taxonomy":"product_brand","embeddable":true,"href":"https:\/\/myspainfood.com\/pl\/wp-json\/wp\/v2\/product_brand?post=17039"},{"taxonomy":"product_cat","embeddable":true,"href":"https:\/\/myspainfood.com\/pl\/wp-json\/wp\/v2\/product_cat?post=17039"},{"taxonomy":"product_tag","embeddable":true,"href":"https:\/\/myspainfood.com\/pl\/wp-json\/wp\/v2\/product_tag?post=17039"}],"curies":[{"name":"wp","href":"https:\/\/api.w.org\/{rel}","templated":true}]}}