{"id":17950,"date":"2025-04-10T12:14:40","date_gmt":"2025-04-10T10:14:40","guid":{"rendered":"https:\/\/myspainfood.com\/producto\/almejon-migdal-morski-naturalny-estela-do-mar-111-gr\/"},"modified":"2026-01-20T13:35:35","modified_gmt":"2026-01-20T12:35:35","slug":"almejon-migdal-morski-naturalny-estela-do-mar-111-gr","status":"publish","type":"product","link":"https:\/\/myspainfood.com\/pl\/producto\/almejon-migdal-morski-naturalny-estela-do-mar-111-gr\/","title":{"rendered":"Almej\u00f3n (migda\u0142 morski) naturalny Estela do Mar 111 gr"},"content":{"rendered":"<p>Odkryj autentyczny morski smak z <strong>Estela do Mar Natural Almej\u00f3n<\/strong>. Ten 111-gramowy migda\u0142 morski w puszce oddaje ca\u0142\u0105 \u015bwie\u017co\u015b\u0107 i czysto\u015b\u0107 najlepszych ma\u0142\u017cy, bez dodatk\u00f3w i konserwant\u00f3w. Idealne dla tych, kt\u00f3rzy szukaj\u0105 naturalnych i wysokiej jako\u015bci owoc\u00f3w morza, ma\u0142\u017ce te s\u0105 idealne do spo\u017cywania samodzielnie lub w ulubionych przepisach, zapewniaj\u0105c delikatn\u0105 konsystencj\u0119 i intensywny smak.  <\/p>\n<p>Bogate w bia\u0142ko, kwasy omega-3 i niezb\u0119dne minera\u0142y, <strong>naturalne ma\u0142\u017ce Estela do Mar<\/strong> s\u0105 po\u017cywn\u0105 opcj\u0105 dla ka\u017cdej diety. Prosz\u0119 wzbogaci\u0107 swoje potrawy o zdrowy i wykwintny dodatek, odkrywaj\u0105c wi\u0119cej opcji w naszej <a target=\"_new\" rel=\"noopener\">sekcji owoc\u00f3w morza<\/a> lub sprawdzaj\u0105c korzy\u015bci p\u0142yn\u0105ce ze \u015bwie\u017cych owoc\u00f3w morza w witrynach referencyjnych, takich jak <a href=\"https:\/\/www.fen.org.es\" target=\"_new\" rel=\"noopener noreferrer nofollow\" target=\"_blank\">Spanish Nutrition Foundation<\/a>. <\/p>\n<p>Prosz\u0119 doda\u0107 ma\u0142\u017ce Estela do Mar do swoich posi\u0142k\u00f3w i cieszy\u0107 si\u0119 smakiem!<\/p>\n<p><span class=\"BxUVEf ILfuVd\" lang=\"es\"><span class=\"hgKElc\"> <\/span><\/span><\/p>\n","protected":false},"excerpt":{"rendered":"<p>Odkryj autentyczny morski smak z Estela do Mar Natural Almej\u00f3n. Ten 111-gramowy migda\u0142 morski w puszce oddaje ca\u0142\u0105 \u015bwie\u017co\u015b\u0107 i czysto\u015b\u0107 najlepszych ma\u0142\u017cy, bez dodatk\u00f3w i konserwant\u00f3w. Idealne dla tych, kt\u00f3rzy szukaj\u0105 naturalnych i wysokiej jako\u015bci owoc\u00f3w morza, ma\u0142\u017ce te s\u0105 idealne do spo\u017cywania samodzielnie lub w ulubionych przepisach, zapewniaj\u0105c delikatn\u0105 konsystencj\u0119 i intensywny smak. [&hellip;]<\/p>\n","protected":false},"featured_media":14953,"template":"","meta":{"_et_pb_use_builder":"","_et_pb_old_content":"","_et_gb_content_width":""},"product_brand":[1469],"product_cat":[1969,1970],"product_tag":[],"class_list":{"0":"post-17950","1":"product","2":"type-product","3":"status-publish","4":"has-post-thumbnail","6":"product_brand-estela-do-mar","7":"product_cat-konserwy","8":"product_cat-malze","10":"first","11":"outofstock","12":"taxable","13":"shipping-taxable","14":"product-type-variable"},"_links":{"self":[{"href":"https:\/\/myspainfood.com\/pl\/wp-json\/wp\/v2\/product\/17950","targetHints":{"allow":["GET"]}}],"collection":[{"href":"https:\/\/myspainfood.com\/pl\/wp-json\/wp\/v2\/product"}],"about":[{"href":"https:\/\/myspainfood.com\/pl\/wp-json\/wp\/v2\/types\/product"}],"wp:featuredmedia":[{"embeddable":true,"href":"https:\/\/myspainfood.com\/pl\/wp-json\/wp\/v2\/media\/14953"}],"wp:attachment":[{"href":"https:\/\/myspainfood.com\/pl\/wp-json\/wp\/v2\/media?parent=17950"}],"wp:term":[{"taxonomy":"product_brand","embeddable":true,"href":"https:\/\/myspainfood.com\/pl\/wp-json\/wp\/v2\/product_brand?post=17950"},{"taxonomy":"product_cat","embeddable":true,"href":"https:\/\/myspainfood.com\/pl\/wp-json\/wp\/v2\/product_cat?post=17950"},{"taxonomy":"product_tag","embeddable":true,"href":"https:\/\/myspainfood.com\/pl\/wp-json\/wp\/v2\/product_tag?post=17950"}],"curies":[{"name":"wp","href":"https:\/\/api.w.org\/{rel}","templated":true}]}}