{"id":18020,"date":"2025-04-10T12:05:44","date_gmt":"2025-04-10T10:05:44","guid":{"rendered":"https:\/\/myspainfood.com\/producto\/ogorek-nadziewany-rumiankiem-38-kg-kimbitos\/"},"modified":"2025-04-10T12:05:44","modified_gmt":"2025-04-10T10:05:44","slug":"ogorek-nadziewany-rumiankiem-38-kg-kimbitos","status":"publish","type":"product","link":"https:\/\/myspainfood.com\/pl\/producto\/ogorek-nadziewany-rumiankiem-38-kg-kimbitos\/","title":{"rendered":"Og\u00f3rek nadziewany rumiankiem 3,8 kg Kimbitos"},"content":{"rendered":"<p>Manzanilla Faszerowany Og\u00f3rek 3,8kg Kimbitos to przek\u0105ska, w kt\u00f3rej znajdziemy tradycyjne oliwki <a href=\"https:\/\/www.laencajera.es\/encurtidos-de-almagro\" target=\"_blank\" rel=\"noopener noreferrer nofollow\">manzanilla<\/a> nadziewane korniszonem.<\/p>\n<p>Idealny dodatek do tradycyjnych potraw.<\/p>\n<p>Kimbitos to nazwa, pod kt\u00f3r\u0105 w niekt\u00f3rych cz\u0119\u015bciach Hiszpanii znana jest pestkowa oliwka manzanilla z marynowanym korniszonem.<\/p>\n<p>Jest on wykonany r\u0119cznie, aby stworzy\u0107 to po\u0142\u0105czenie.<\/p>\n<h3>Korzy\u015bci z og\u00f3rka nadziewanego rumiankiem 3,8 kg Kimbitos<\/h3>\n<p>Czy wiedzieli Pa\u0144stwo o licznych zaletach tych oliwek? S\u0105 one bardzo skuteczne w zapobieganiu chorobom serca i uk\u0142adu kr\u0105\u017cenia. <\/p>\n<p>Wynika to z wysokiej zawarto\u015bci t\u0142uszcz\u00f3w nienasyconych. Ponadto jest to \u017cywno\u015b\u0107, kt\u00f3ra zawiera du\u017co \u017celaza i b\u0142onnika i jest bardzo syc\u0105ca, co czyni j\u0105 idealn\u0105 przek\u0105sk\u0105. <\/p>\n<p>Je\u015bli chcesz kupi\u0107 oliwki lub inny rodzaj <a href=\"https:\/\/latiendadesami.com\/categoria-producto\/encurtidos\/\" rel=\"noopener noreferrer nofollow\" target=\"_blank\">marynowanej<\/a> \u017cywno\u015bci, nie wahaj si\u0119 zajrze\u0107 do naszego katalogu online, aby zobaczy\u0107 szerok\u0105 gam\u0119 <a href=\"https:\/\/latiendadesami.com\/categoria-producto\/encurtidos\/aceitunas\/\" target=\"_blank\" rel=\"noopener noreferrer nofollow\">oliwek<\/a>, kt\u00f3re mamy.<\/p>\n<p>Pochodzenie: Castilla la Mancha.<\/p>\n<p>Sk\u0142adniki: Oliwki, korniszony, woda, s\u00f3l, zakwaszacz (E-330), konserwanty (E211, E-202, E-260), wzmacniacz smaku (E-621, E-631, E-627), przeciwutleniacze (E-300) i naturalne aromaty. Mo\u017ce zawiera\u0107 \u015bladowe ilo\u015bci siarczyn\u00f3w. <\/p>\n<h3>Informacje o warto\u015bciach od\u017cywczych<\/h3>\n<p>Warto\u015b\u0107 energetyczna 132 kcal\/ 553 kj T\u0142uszcz 13,4 g w tym nasycone 1,7 g W\u0119glowodany 0,8 g w tym cukier 0,09 g B\u0142onnik 0,5 g Bia\u0142ko 2,6 g S\u00f3l 2,0 g<\/p>\n","protected":false},"excerpt":{"rendered":"<p>Manzanilla Faszerowany Og\u00f3rek 3,8kg Kimbitos to przek\u0105ska, w kt\u00f3rej znajdziemy tradycyjne oliwki manzanilla nadziewane korniszonem. Idealny dodatek do tradycyjnych potraw. Kimbitos to nazwa, pod kt\u00f3r\u0105 w niekt\u00f3rych cz\u0119\u015bciach Hiszpanii znana jest pestkowa oliwka manzanilla z marynowanym korniszonem. Jest on wykonany r\u0119cznie, aby stworzy\u0107 to po\u0142\u0105czenie. Korzy\u015bci z og\u00f3rka nadziewanego rumiankiem 3,8 kg Kimbitos Czy wiedzieli [&hellip;]<\/p>\n","protected":false},"featured_media":7744,"template":"","meta":{"_et_pb_use_builder":"","_et_pb_old_content":"","_et_gb_content_width":""},"product_brand":[],"product_cat":[2003,1567,1566],"product_tag":[1612],"class_list":{"0":"post-18020","1":"product","2":"type-product","3":"status-publish","4":"has-post-thumbnail","6":"product_cat-korniszony","7":"product_cat-oliwki","8":"product_cat-pikle","9":"product_tag-kimbo-pl","11":"first","12":"instock","13":"taxable","14":"shipping-taxable","15":"purchasable","16":"product-type-simple"},"_links":{"self":[{"href":"https:\/\/myspainfood.com\/pl\/wp-json\/wp\/v2\/product\/18020","targetHints":{"allow":["GET"]}}],"collection":[{"href":"https:\/\/myspainfood.com\/pl\/wp-json\/wp\/v2\/product"}],"about":[{"href":"https:\/\/myspainfood.com\/pl\/wp-json\/wp\/v2\/types\/product"}],"wp:featuredmedia":[{"embeddable":true,"href":"https:\/\/myspainfood.com\/pl\/wp-json\/wp\/v2\/media\/7744"}],"wp:attachment":[{"href":"https:\/\/myspainfood.com\/pl\/wp-json\/wp\/v2\/media?parent=18020"}],"wp:term":[{"taxonomy":"product_brand","embeddable":true,"href":"https:\/\/myspainfood.com\/pl\/wp-json\/wp\/v2\/product_brand?post=18020"},{"taxonomy":"product_cat","embeddable":true,"href":"https:\/\/myspainfood.com\/pl\/wp-json\/wp\/v2\/product_cat?post=18020"},{"taxonomy":"product_tag","embeddable":true,"href":"https:\/\/myspainfood.com\/pl\/wp-json\/wp\/v2\/product_tag?post=18020"}],"curies":[{"name":"wp","href":"https:\/\/api.w.org\/{rel}","templated":true}]}}