{"id":18169,"date":"2025-04-10T12:05:43","date_gmt":"2025-04-10T10:05:43","guid":{"rendered":"https:\/\/myspainfood.com\/producto\/pikantny-ogorek-banderillas-38-kg\/"},"modified":"2026-04-21T11:36:24","modified_gmt":"2026-04-21T09:36:24","slug":"pikantny-ogorek-banderillas-38-kg","status":"publish","type":"product","link":"https:\/\/myspainfood.com\/pl\/producto\/pikantny-ogorek-banderillas-38-kg\/","title":{"rendered":"Pikantny og\u00f3rek Banderillas 3,8 kg"},"content":{"rendered":"<p>Dzi\u0119ki Banderillas Picantes Pepino Entero 3,8 kg firmy Almagro mog\u0105 Pa\u0144stwo delektowa\u0107 si\u0119 kilkoma <a href=\"https:\/\/www.laencajera.es\/encurtidos-de-almagro\" target=\"_blank\" rel=\"noopener noreferrer nofollow\">piklami<\/a> jednocze\u015bnie.<\/p>\n<p>Dzi\u0119ki orze\u017awiaj\u0105cemu i lekkiemu smakowi, naszymi banderillami mo\u017cna delektowa\u0107 si\u0119 mi\u0119dzy posi\u0142kami lub w gronie przyjaci\u00f3\u0142.<\/p>\n<p>Ciesz si\u0119 przyprawami w jednym k\u0119sie dzi\u0119ki og\u00f3rkom Banderillas Picantes Whole Cucumber 3,8 kg. Pochodzi z regionu Castilla la Mancha. <\/p>\n<p>Sk\u0142adniki: Cebula 21-23, Papryka czerwona, Oliwka (rozwa\u017cana wielko\u015b\u0107 od 200-320), Korniszon ca\u0142y wielko\u015b\u0107 60-80, Papryka chili, Woda, S\u00f3l, i Szprot plastikowy, Wzmacniacz smaku (E-621, E-627), Zakwaszacz E-330, Przeciwutleniacz E-300, Konserwanty (E-211, E-202, E-270, E-260) Zawiera Siarczyny.<\/p>\n<p>Warunki ochrony:<\/p>\n<p>Przechowywa\u0107 w ch\u0142odnym i suchym miejscu, w temperaturze od 3\u00baC do 10\u00baC. Przechowywa\u0107 z dala od \u015bwiat\u0142a s\u0142onecznego i silnych zapach\u00f3w. <\/p>\n<p>Po otwarciu przechowywa\u0107 w lod\u00f3wce i spo\u017cy\u0107 w ci\u0105gu 30 dni.<\/p>\n<p>Je\u015bli chc\u0105 Pa\u0144stwo kupi\u0107 oliwki lub inny rodzaj <a href=\"https:\/\/latiendadesami.com\/categoria-producto\/encurtidos\/\" rel=\"noopener noreferrer nofollow\" target=\"_blank\">pikli<\/a>, zapraszamy do zapoznania si\u0119 z naszym katalogiem online, w kt\u00f3rym znajd\u0105 Pa\u0144stwo szeroki wyb\u00f3r <a href=\"https:\/\/latiendadesami.com\/categoria-producto\/encurtidos\/berenjenas\/\" target=\"_blank\" rel=\"noopener noreferrer nofollow\">bak\u0142a\u017can\u00f3w<\/a>.<\/p>\n<p>Marka La Encajonera to rodzinna firma za\u0142o\u017cona w 1990 roku, zlokalizowana w samym sercu La Manchy, w mie\u015bcie ALMAGRO, w prowincji Ciudad Real.<\/p>\n<p>Proces wytwarzania produkt\u00f3w rozpoczyna si\u0119 na tym samym obszarze upraw, wybieraj\u0105c produkt najlepszej jako\u015bci.<\/p>\n<p>Fabryka jest wyposa\u017cona w najbardziej zaawansowan\u0105 technologi\u0119, zachowuj\u0105c jednocze\u015bnie tradycj\u0119 i know-how swoich rzemie\u015blnik\u00f3w.<\/p>\n","protected":false},"excerpt":{"rendered":"<p>Dzi\u0119ki Banderillas Picantes Pepino Entero 3,8 kg firmy Almagro mog\u0105 Pa\u0144stwo delektowa\u0107 si\u0119 kilkoma piklami jednocze\u015bnie. Dzi\u0119ki orze\u017awiaj\u0105cemu i lekkiemu smakowi, naszymi banderillami mo\u017cna delektowa\u0107 si\u0119 mi\u0119dzy posi\u0142kami lub w gronie przyjaci\u00f3\u0142. Ciesz si\u0119 przyprawami w jednym k\u0119sie dzi\u0119ki og\u00f3rkom Banderillas Picantes Whole Cucumber 3,8 kg. Pochodzi z regionu Castilla la Mancha. Sk\u0142adniki: Cebula 21-23, [&hellip;]<\/p>\n","protected":false},"featured_media":7726,"template":"","meta":{"_et_pb_use_builder":"","_et_pb_old_content":"","_et_gb_content_width":""},"product_brand":[],"product_cat":[2086,2003,1566],"product_tag":[2031,2087],"class_list":{"0":"post-18169","1":"product","2":"type-product","3":"status-publish","4":"has-post-thumbnail","6":"product_cat-banderillas-pl","7":"product_cat-korniszony","8":"product_cat-pikle","9":"product_tag-korniszon","10":"product_tag-pikantny","12":"first","13":"instock","14":"taxable","15":"shipping-taxable","16":"purchasable","17":"product-type-simple"},"_links":{"self":[{"href":"https:\/\/myspainfood.com\/pl\/wp-json\/wp\/v2\/product\/18169","targetHints":{"allow":["GET"]}}],"collection":[{"href":"https:\/\/myspainfood.com\/pl\/wp-json\/wp\/v2\/product"}],"about":[{"href":"https:\/\/myspainfood.com\/pl\/wp-json\/wp\/v2\/types\/product"}],"wp:featuredmedia":[{"embeddable":true,"href":"https:\/\/myspainfood.com\/pl\/wp-json\/wp\/v2\/media\/7726"}],"wp:attachment":[{"href":"https:\/\/myspainfood.com\/pl\/wp-json\/wp\/v2\/media?parent=18169"}],"wp:term":[{"taxonomy":"product_brand","embeddable":true,"href":"https:\/\/myspainfood.com\/pl\/wp-json\/wp\/v2\/product_brand?post=18169"},{"taxonomy":"product_cat","embeddable":true,"href":"https:\/\/myspainfood.com\/pl\/wp-json\/wp\/v2\/product_cat?post=18169"},{"taxonomy":"product_tag","embeddable":true,"href":"https:\/\/myspainfood.com\/pl\/wp-json\/wp\/v2\/product_tag?post=18169"}],"curies":[{"name":"wp","href":"https:\/\/api.w.org\/{rel}","templated":true}]}}