{"id":18265,"date":"2025-04-10T12:05:35","date_gmt":"2025-04-10T10:05:35","guid":{"rendered":"https:\/\/myspainfood.com\/producto\/oliwki-gordal-nadziewane-baklazanem-45-kg\/"},"modified":"2026-04-17T13:14:54","modified_gmt":"2026-04-17T11:14:54","slug":"oliwki-gordal-nadziewane-baklazanem-45-kg","status":"publish","type":"product","link":"https:\/\/myspainfood.com\/pl\/producto\/oliwki-gordal-nadziewane-baklazanem-45-kg\/","title":{"rendered":"Oliwki Gordal nadziewane bak\u0142a\u017canem 4,5 kg"},"content":{"rendered":"<p>Oliwki Gordal nadziewane bak\u0142a\u017canami odmiany Gordal nadziewane naszymi tradycyjnymi <a href=\"https:\/\/www.laencajera.es\/aceitunas\" target=\"_blank\" rel=\"noopener noreferrer nofollow\">bak\u0142a\u017canami<\/a> Almagro.<\/p>\n<p>Jedna z najpopularniejszych odmian. Idealnie nadaj\u0105 si\u0119 jako aperitif. <\/p>\n<p>Sk\u0142adniki: NTES: Pitted Gordal Olives, Bak\u0142a\u017can &#8222;De Almagro&#8221;, Woda, S\u00f3l, Ocet winny, Mielony kminek, Papryka de la Vera, Oregano, Wzmacniacz smaku (E-621, E-631, E-627) Zakwaszacz (E-330), Konserwanty (E-260, E-211, E-202), Przeciwutleniacz (E-300) i Naturalne esencje, (Esencja pieprzu, Esencja czosnku, Esencja kminku). Mo\u017ce zawiera\u0107 siarczyny. <\/p>\n<p>Przechowywa\u0107 w ch\u0142odnym, suchym miejscu, w temperaturze od 3\u00baC do 10\u00baC.<\/p>\n<p>Chroni\u0107 przed \u015bwiat\u0142em s\u0142onecznym i silnymi zapachami.<\/p>\n<p>Oliwki Gordal nadziewane bak\u0142a\u017canem. Po otwarciu przechowywa\u0107 w lod\u00f3wce i spo\u017cy\u0107 w ci\u0105gu 30 dni.<\/p>\n<p>Je\u015bli chc\u0105 Pa\u0144stwo kupi\u0107 oliwki lub inny rodzaj <a href=\"https:\/\/latiendadesami.com\/categoria-producto\/encurtidos\/\" rel=\"noopener noreferrer nofollow\" target=\"_blank\">pikli<\/a>, zapraszamy do zapoznania si\u0119 z naszym katalogiem online, w kt\u00f3rym znajd\u0105 Pa\u0144stwo szeroki wyb\u00f3r <a href=\"https:\/\/latiendadesami.com\/categoria-producto\/encurtidos\/berenjenas\/\" target=\"_blank\" rel=\"noopener noreferrer nofollow\">bak\u0142a\u017can\u00f3w<\/a>.<\/p>\n<p>Marka La Encajonera to rodzinna firma za\u0142o\u017cona w 1990 roku, zlokalizowana w samym sercu La Manchy, w mie\u015bcie ALMAGRO, w prowincji Ciudad Real.<\/p>\n<p>Proces wytwarzania produkt\u00f3w rozpoczyna si\u0119 na tym samym obszarze upraw, wybieraj\u0105c produkt najlepszej jako\u015bci.<\/p>\n<p>Fabryka jest wyposa\u017cona w najbardziej zaawansowan\u0105 technologi\u0119, zachowuj\u0105c jednocze\u015bnie tradycj\u0119 i know-how swoich rzemie\u015blnik\u00f3w.<\/p>\n","protected":false},"excerpt":{"rendered":"<p>Oliwki Gordal nadziewane bak\u0142a\u017canami odmiany Gordal nadziewane naszymi tradycyjnymi bak\u0142a\u017canami Almagro. Jedna z najpopularniejszych odmian. Idealnie nadaj\u0105 si\u0119 jako aperitif. Sk\u0142adniki: NTES: Pitted Gordal Olives, Bak\u0142a\u017can &#8222;De Almagro&#8221;, Woda, S\u00f3l, Ocet winny, Mielony kminek, Papryka de la Vera, Oregano, Wzmacniacz smaku (E-621, E-631, E-627) Zakwaszacz (E-330), Konserwanty (E-260, E-211, E-202), Przeciwutleniacz (E-300) i Naturalne esencje, [&hellip;]<\/p>\n","protected":false},"featured_media":7521,"template":"","meta":{"_et_pb_use_builder":"","_et_pb_old_content":"","_et_gb_content_width":""},"product_brand":[],"product_cat":[1567,1566],"product_tag":[2170,2171],"class_list":{"0":"post-18265","1":"product","2":"type-product","3":"status-publish","4":"has-post-thumbnail","6":"product_cat-oliwki","7":"product_cat-pikle","8":"product_tag-baklazan","9":"product_tag-prosze-wypelnic","11":"first","12":"instock","13":"taxable","14":"shipping-taxable","15":"purchasable","16":"product-type-simple"},"_links":{"self":[{"href":"https:\/\/myspainfood.com\/pl\/wp-json\/wp\/v2\/product\/18265","targetHints":{"allow":["GET"]}}],"collection":[{"href":"https:\/\/myspainfood.com\/pl\/wp-json\/wp\/v2\/product"}],"about":[{"href":"https:\/\/myspainfood.com\/pl\/wp-json\/wp\/v2\/types\/product"}],"wp:featuredmedia":[{"embeddable":true,"href":"https:\/\/myspainfood.com\/pl\/wp-json\/wp\/v2\/media\/7521"}],"wp:attachment":[{"href":"https:\/\/myspainfood.com\/pl\/wp-json\/wp\/v2\/media?parent=18265"}],"wp:term":[{"taxonomy":"product_brand","embeddable":true,"href":"https:\/\/myspainfood.com\/pl\/wp-json\/wp\/v2\/product_brand?post=18265"},{"taxonomy":"product_cat","embeddable":true,"href":"https:\/\/myspainfood.com\/pl\/wp-json\/wp\/v2\/product_cat?post=18265"},{"taxonomy":"product_tag","embeddable":true,"href":"https:\/\/myspainfood.com\/pl\/wp-json\/wp\/v2\/product_tag?post=18265"}],"curies":[{"name":"wp","href":"https:\/\/api.w.org\/{rel}","templated":true}]}}