{"id":18299,"date":"2025-04-10T12:09:16","date_gmt":"2025-04-10T10:09:16","guid":{"rendered":"https:\/\/myspainfood.com\/producto\/manzanilla-olive-anchovy-flavour-140-160-5-kg-odsaczone\/"},"modified":"2025-04-10T12:09:16","modified_gmt":"2025-04-10T10:09:16","slug":"manzanilla-olive-anchovy-flavour-140-160-5-kg-odsaczone","status":"publish","type":"product","link":"https:\/\/myspainfood.com\/pl\/producto\/manzanilla-olive-anchovy-flavour-140-160-5-kg-odsaczone\/","title":{"rendered":"Manzanilla Olive Anchovy Flavour 140-160 5 kg ods\u0105czone"},"content":{"rendered":"<p>Oliwka manzanilla o smaku sardeli jest najpopularniejsz\u0105 oliwk\u0105 na rynku. Jest bardzo ceniona za sw\u00f3j delikatny smak. U\u017cywana jest g\u0142\u00f3wnie jako oliwka sto\u0142owa. \u017b\u00f3\u0142tawo-zielony kolor, pestki i \u0142agodny smak. Powszechnie stosowana jako aperitif i przystawka. Stanowi cz\u0119\u015b\u0107 przepis\u00f3w kulinarnych, takich jak pizze, sa\u0142atki lub bardziej wyszukane dania.     <\/p>\n<p>Sk\u0142adniki: Oliwki, Woda, S\u00f3l, Zakwaszacz (E-330), Konserwanty<\/p>\n<p>(E-211, E-202, E-270) Przeciwutleniacz (E-300)<\/p>\n<p>Mo\u017ce zawiera\u0107 siarczyny.<\/p>\n<p>Przechowywa\u0107 w ch\u0142odnym, suchym miejscu, w temperaturze od 3\u00baC do 10\u00baC.<\/p>\n<p>Chroni\u0107 przed \u015bwiat\u0142em s\u0142onecznym i silnymi zapachami.<\/p>\n<p>Je\u015bli chc\u0105 Pa\u0144stwo kupi\u0107 oliwki lub inny rodzaj <a href=\"https:\/\/latiendadesami.com\/categoria-producto\/encurtidos\/\" rel=\"noopener noreferrer nofollow\" target=\"_blank\">pikli<\/a>, zapraszamy do zapoznania si\u0119 z naszym katalogiem online, w kt\u00f3rym znajd\u0105 Pa\u0144stwo szeroki wyb\u00f3r <a href=\"https:\/\/latiendadesami.com\/categoria-producto\/encurtidos\/berenjenas\/\" target=\"_blank\" rel=\"noopener noreferrer nofollow\">bak\u0142a\u017can\u00f3w<\/a>.<\/p>\n<p>Marka La Encajera to rodzinna firma za\u0142o\u017cona w 1990 roku, zlokalizowana w samym sercu La Manchy, w mie\u015bcie ALMAGRO, w prowincji Ciudad Real.<\/p>\n<p>Proces wytwarzania produkt\u00f3w rozpoczyna si\u0119 na tym samym obszarze upraw, wybieraj\u0105c produkt najlepszej jako\u015bci.<\/p>\n<p>Fabryka jest wyposa\u017cona w najbardziej zaawansowan\u0105 technologi\u0119, zachowuj\u0105c jednocze\u015bnie tradycj\u0119 i know-how swoich rzemie\u015blnik\u00f3w.<\/p>\n","protected":false},"excerpt":{"rendered":"<p>Oliwka manzanilla o smaku sardeli jest najpopularniejsz\u0105 oliwk\u0105 na rynku. Jest bardzo ceniona za sw\u00f3j delikatny smak. U\u017cywana jest g\u0142\u00f3wnie jako oliwka sto\u0142owa. \u017b\u00f3\u0142tawo-zielony kolor, pestki i \u0142agodny smak. Powszechnie stosowana jako aperitif i przystawka. Stanowi cz\u0119\u015b\u0107 przepis\u00f3w kulinarnych, takich jak pizze, sa\u0142atki lub bardziej wyszukane dania. Sk\u0142adniki: Oliwki, Woda, S\u00f3l, Zakwaszacz (E-330), Konserwanty (E-211, [&hellip;]<\/p>\n","protected":false},"featured_media":11848,"template":"","meta":{"_et_pb_use_builder":"","_et_pb_old_content":"","_et_gb_content_width":""},"product_brand":[],"product_cat":[1567,1566],"product_tag":[2170,2171],"class_list":{"0":"post-18299","1":"product","2":"type-product","3":"status-publish","4":"has-post-thumbnail","6":"product_cat-oliwki","7":"product_cat-pikle","8":"product_tag-baklazan","9":"product_tag-prosze-wypelnic","11":"first","12":"instock","13":"taxable","14":"shipping-taxable","15":"purchasable","16":"product-type-simple"},"_links":{"self":[{"href":"https:\/\/myspainfood.com\/pl\/wp-json\/wp\/v2\/product\/18299","targetHints":{"allow":["GET"]}}],"collection":[{"href":"https:\/\/myspainfood.com\/pl\/wp-json\/wp\/v2\/product"}],"about":[{"href":"https:\/\/myspainfood.com\/pl\/wp-json\/wp\/v2\/types\/product"}],"wp:featuredmedia":[{"embeddable":true,"href":"https:\/\/myspainfood.com\/pl\/wp-json\/wp\/v2\/media\/11848"}],"wp:attachment":[{"href":"https:\/\/myspainfood.com\/pl\/wp-json\/wp\/v2\/media?parent=18299"}],"wp:term":[{"taxonomy":"product_brand","embeddable":true,"href":"https:\/\/myspainfood.com\/pl\/wp-json\/wp\/v2\/product_brand?post=18299"},{"taxonomy":"product_cat","embeddable":true,"href":"https:\/\/myspainfood.com\/pl\/wp-json\/wp\/v2\/product_cat?post=18299"},{"taxonomy":"product_tag","embeddable":true,"href":"https:\/\/myspainfood.com\/pl\/wp-json\/wp\/v2\/product_tag?post=18299"}],"curies":[{"name":"wp","href":"https:\/\/api.w.org\/{rel}","templated":true}]}}