{"id":18629,"date":"2025-04-10T12:16:51","date_gmt":"2025-04-10T10:16:51","guid":{"rendered":"https:\/\/myspainfood.com\/producto\/lot-3c-filet-z-sardeli-kantabryjskiej-filety-sledziowe-filety-sledziowe-z-oliwkami-picarpicar\/"},"modified":"2026-01-13T13:54:13","modified_gmt":"2026-01-13T12:54:13","slug":"lot-3c-filet-z-sardeli-kantabryjskiej-filety-sledziowe-filety-sledziowe-z-oliwkami-picarpicar","status":"publish","type":"product","link":"https:\/\/myspainfood.com\/pl\/producto\/lot-3c-filet-z-sardeli-kantabryjskiej-filety-sledziowe-filety-sledziowe-z-oliwkami-picarpicar\/","title":{"rendered":"Lot 3C Filet z sardeli kantabryjskiej - filety \u015bledziowe - filety \u015bledziowe z oliwkami Picar&amp;Picar"},"content":{"rendered":"<p>SPIS TRE\u015aCI:<\/p>\n<ul>\n<li>Filet z sardeli z Zatoki Biskajskiej:<\/li>\n<\/ul>\n<p>Opakowanie 300 g: 1 szt.<\/p>\n<ul>\n<li>Filety \u015bledziowe:<\/li>\n<\/ul>\n<p>Taca 220 gr: 1 szt.<\/p>\n<ul>\n<li>Filety \u015bledziowe z oliwkami:<\/li>\n<\/ul>\n<p>Taca 220 gr: 1 szt.<\/p>\n","protected":false},"excerpt":{"rendered":"<p>SPIS TRE\u015aCI: Filet z sardeli z Zatoki Biskajskiej: Opakowanie 300 g: 1 szt. Filety \u015bledziowe: Taca 220 gr: 1 szt. Filety \u015bledziowe z oliwkami: Taca 220 gr: 1 szt.<\/p>\n","protected":false},"featured_media":15826,"template":"","meta":{"_et_pb_use_builder":"","_et_pb_old_content":"","_et_gb_content_width":""},"product_brand":[1127],"product_cat":[1908,1836],"product_tag":[],"class_list":{"0":"post-18629","1":"product","2":"type-product","3":"status-publish","4":"has-post-thumbnail","6":"product_brand-picarpicar","7":"product_cat-sardele-pl-2","8":"product_cat-zimno","9":"product_shipping_class-wysylka-na-zimno","11":"first","12":"outofstock","13":"taxable","14":"shipping-taxable","15":"purchasable","16":"product-type-simple"},"_links":{"self":[{"href":"https:\/\/myspainfood.com\/pl\/wp-json\/wp\/v2\/product\/18629","targetHints":{"allow":["GET"]}}],"collection":[{"href":"https:\/\/myspainfood.com\/pl\/wp-json\/wp\/v2\/product"}],"about":[{"href":"https:\/\/myspainfood.com\/pl\/wp-json\/wp\/v2\/types\/product"}],"wp:featuredmedia":[{"embeddable":true,"href":"https:\/\/myspainfood.com\/pl\/wp-json\/wp\/v2\/media\/15826"}],"wp:attachment":[{"href":"https:\/\/myspainfood.com\/pl\/wp-json\/wp\/v2\/media?parent=18629"}],"wp:term":[{"taxonomy":"product_brand","embeddable":true,"href":"https:\/\/myspainfood.com\/pl\/wp-json\/wp\/v2\/product_brand?post=18629"},{"taxonomy":"product_cat","embeddable":true,"href":"https:\/\/myspainfood.com\/pl\/wp-json\/wp\/v2\/product_cat?post=18629"},{"taxonomy":"product_tag","embeddable":true,"href":"https:\/\/myspainfood.com\/pl\/wp-json\/wp\/v2\/product_tag?post=18629"}],"curies":[{"name":"wp","href":"https:\/\/api.w.org\/{rel}","templated":true}]}}