{"id":18849,"date":"2025-04-10T12:16:20","date_gmt":"2025-04-10T10:16:20","guid":{"rendered":"https:\/\/myspainfood.com\/producto\/oliwa-z-oliwek-extra-virgin-zestaw-3-karafek-viejo-olivas-15-l\/"},"modified":"2026-01-29T12:34:52","modified_gmt":"2026-01-29T11:34:52","slug":"oliwa-z-oliwek-extra-virgin-zestaw-3-karafek-viejo-olivas-15-l","status":"publish","type":"product","link":"https:\/\/myspainfood.com\/pl\/producto\/oliwa-z-oliwek-extra-virgin-zestaw-3-karafek-viejo-olivas-15-l\/","title":{"rendered":"Oliwa z oliwek Extra Virgin - Zestaw 3 karafek - Viejo Olivas - 15 L"},"content":{"rendered":"<h3><strong>Oliwa z oliwek Extra Virgin - Zestaw 3 karafek - Viejo Olivas - 15 L<\/strong><\/h3>\n<p>Odkryj bogactwo \u015br\u00f3dziemnomorskiego smaku dzi\u0119ki <strong>zestawowi oliwy z oliwek Extra Virgin Viejo Olivas<\/strong>, kt\u00f3ry zawiera trzy 5-litrowe butelki. Oliwa ta jest wynikiem starannej selekcji oliwek najwy\u017cszej jako\u015bci, uprawianych w tradycyjnych gajach oliwnych. <strong>Proces ekstrakcji na zimno<\/strong> gwarantuje, \u017ce ka\u017cda kropla zachowuje wszystkie w\u0142a\u015bciwo\u015bci od\u017cywcze i wyj\u0105tkowy smak, kt\u00f3ry charakteryzuje prawdziw\u0105 oliw\u0119 z oliwek z pierwszego t\u0142oczenia.  <\/p>\n<p>Ka\u017cda karafka o pojemno\u015bci 5 l zosta\u0142a zaprojektowana z my\u015bl\u0105 o potrzebach szef\u00f3w kuchni i mi\u0142o\u015bnik\u00f3w jedzenia. Dzi\u0119ki owocowemu aromatowi i zr\u00f3wnowa\u017conemu smakowi, oliwa ta doskonale nadaje si\u0119 do wzbogacania smaku sa\u0142atek, marynat i gulaszu. Idealny do codziennego u\u017cytku, jego 15-litrowy format zapewnia znaczne oszcz\u0119dno\u015bci bez uszczerbku dla jako\u015bci, dzi\u0119ki czemu zawsze maj\u0105 Pa\u0144stwo pod r\u0119k\u0105 ten niezb\u0119dny sk\u0142adnik kuchni \u015br\u00f3dziemnomorskiej.  <\/p>\n<p><strong>Dlaczego warto wybra\u0107 oliw\u0119 z oliwek z pierwszego t\u0142oczenia Viejo Olivas?<\/strong><\/p>\n<ul>\n<li><strong>Najwy\u017csza jako\u015b\u0107<\/strong>: ka\u017cda karafka jest produkowana z wyselekcjonowanych oliwek, dzi\u0119ki czemu uzyskuje si\u0119 oliw\u0119 o intensywnym smaku i w\u0142a\u015bciwo\u015bciach prozdrowotnych.<\/li>\n<li><strong>Wszechstronne zastosowanie<\/strong>: idealny do gotowania, przyprawiania i dodawania specjalnego akcentu do Pa\u0144stwa potraw.<\/li>\n<li><strong>Efektywno\u015b\u0107 ekonomiczna<\/strong>: Kupuj\u0105c w pakiecie, otrzymuj\u0105 Pa\u0144stwo doskona\u0142y stosunek jako\u015bci do ceny, idealny dla rodzin lub firm hotelarskich.<\/li>\n<\/ul>\n<p>Ponadto, je\u015bli chc\u0105 Pa\u0144stwo dowiedzie\u0107 si\u0119 wi\u0119cej na temat korzy\u015bci p\u0142yn\u0105cych ze stosowania oliwy z oliwek, prosimy odwiedzi\u0107 nasz\u0105 sekcj\u0119 po\u015bwi\u0119con\u0105 <a target=\"_new\" rel=\"noopener\">korzy\u015bciom p\u0142yn\u0105cym ze stosowania oliwy z oliwek<\/a> i dowiedzie\u0107 si\u0119, w jaki spos\u00f3b mo\u017ce ona poprawi\u0107 Pa\u0144stwa zdrowie i przepisy kulinarne. Aby uzyska\u0107 szerszy wyb\u00f3r, prosimy sprawdzi\u0107 nasz\u0105 kategori\u0119 <a target=\"_new\" rel=\"noopener\">olej\u00f3w i oct\u00f3w<\/a>, gdzie znajd\u0105 Pa\u0144stwo inne wysokiej jako\u015bci produkty, kt\u00f3re doskonale uzupe\u0142ni\u0105 Pa\u0144stwa kuchni\u0119.<\/p>\n<p>Decyduj\u0105c si\u0119 na <strong>pakiet oliwy z oliwek z pierwszego t\u0142oczenia Viejo Olivas<\/strong>, nie tylko wybieraj\u0105 Pa\u0144stwo jako\u015b\u0107 i smak, ale tak\u017ce wspieraj\u0105 zr\u00f3wnowa\u017cone i odpowiedzialne praktyki rolnicze. Skorzystaj z okazji i przenie\u015b to, co najlepsze w \u015br\u00f3dziemnomorskiej tradycji na sw\u00f3j st\u00f3\u0142, zam\u00f3w ju\u017c dzi\u015b i zamie\u0144 ka\u017cdy posi\u0142ek w do\u015bwiadczenie dla smakoszy!  <\/p>\n","protected":false},"excerpt":{"rendered":"<p>Oliwa z oliwek Extra Virgin - Zestaw 3 karafek - Viejo Olivas - 15 L Odkryj bogactwo \u015br\u00f3dziemnomorskiego smaku dzi\u0119ki zestawowi oliwy z oliwek Extra Virgin Viejo Olivas, kt\u00f3ry zawiera trzy 5-litrowe butelki. Oliwa ta jest wynikiem starannej selekcji oliwek najwy\u017cszej jako\u015bci, uprawianych w tradycyjnych gajach oliwnych. Proces ekstrakcji na zimno gwarantuje, \u017ce ka\u017cda kropla [&hellip;]<\/p>\n","protected":false},"featured_media":15178,"template":"","meta":{"_et_pb_use_builder":"","_et_pb_old_content":"","_et_gb_content_width":""},"product_brand":[1221],"product_cat":[2206,2207],"product_tag":[2208],"class_list":{"0":"post-18849","1":"product","2":"type-product","3":"status-publish","4":"has-post-thumbnail","6":"product_brand-valdezarza","7":"product_cat-olej","8":"product_cat-oliwa-z-oliwek-extra-virgin","9":"product_tag-olej","11":"first","12":"outofstock","13":"featured","14":"taxable","15":"shipping-taxable","16":"purchasable","17":"product-type-simple"},"_links":{"self":[{"href":"https:\/\/myspainfood.com\/pl\/wp-json\/wp\/v2\/product\/18849","targetHints":{"allow":["GET"]}}],"collection":[{"href":"https:\/\/myspainfood.com\/pl\/wp-json\/wp\/v2\/product"}],"about":[{"href":"https:\/\/myspainfood.com\/pl\/wp-json\/wp\/v2\/types\/product"}],"wp:featuredmedia":[{"embeddable":true,"href":"https:\/\/myspainfood.com\/pl\/wp-json\/wp\/v2\/media\/15178"}],"wp:attachment":[{"href":"https:\/\/myspainfood.com\/pl\/wp-json\/wp\/v2\/media?parent=18849"}],"wp:term":[{"taxonomy":"product_brand","embeddable":true,"href":"https:\/\/myspainfood.com\/pl\/wp-json\/wp\/v2\/product_brand?post=18849"},{"taxonomy":"product_cat","embeddable":true,"href":"https:\/\/myspainfood.com\/pl\/wp-json\/wp\/v2\/product_cat?post=18849"},{"taxonomy":"product_tag","embeddable":true,"href":"https:\/\/myspainfood.com\/pl\/wp-json\/wp\/v2\/product_tag?post=18849"}],"curies":[{"name":"wp","href":"https:\/\/api.w.org\/{rel}","templated":true}]}}