{"id":18882,"date":"2025-04-10T12:16:30","date_gmt":"2025-04-10T10:16:30","guid":{"rendered":"https:\/\/myspainfood.com\/producto\/schab-wieprzowy-100-iberyjski-karmiony-zoledziami-fili-500-gr\/"},"modified":"2026-01-29T13:11:35","modified_gmt":"2026-01-29T12:11:35","slug":"schab-wieprzowy-100-iberyjski-karmiony-zoledziami-fili-500-gr","status":"publish","type":"product","link":"https:\/\/myspainfood.com\/pl\/producto\/schab-wieprzowy-100-iberyjski-karmiony-zoledziami-fili-500-gr\/","title":{"rendered":"Schab wieprzowy 100% iberyjski karmiony \u017co\u0142\u0119dziami - FILI - 500 gr"},"content":{"rendered":"<h3>Schab ze 100% iberyjskiej wieprzowiny karmionej \u017co\u0142\u0119dziami - FILI - 800 gr<\/h3>\n<p><strong>W 100% iberyjski schab wieprzowy karmiony \u017co\u0142<\/strong> \u0119dziami <strong>- FILI<\/strong> o wadze 800 gram\u00f3w to przysmak dla smakoszy, wyprodukowany z czystej krwi \u015bwi\u0144 iberyjskich, hodowanych na wolno\u015bci i karmionych \u017co\u0142\u0119dziami. Ten rzemie\u015blniczy proces, wraz ze starannym peklowaniem, skutkuje niezr\u00f3wnanym smakiem i soczyst\u0105 konsystencj\u0105. Idealny dla mi\u0142o\u015bnik\u00f3w produkt\u00f3w iberyjskich i bogaty w zdrowe kwasy t\u0142uszczowe.  <\/p>\n<p>Aby dowiedzie\u0107 si\u0119 wi\u0119cej o korzy\u015bciach p\u0142yn\u0105cych ze spo\u017cywania produkt\u00f3w z P\u00f3\u0142wyspu Iberyjskiego, prosz\u0119 odwiedzi\u0107 stron\u0119 <a href=\"https:\/\/www.jamonlovers.es\" target=\"_new\" rel=\"noopener noreferrer nofollow\" target=\"_blank\">Jam\u00f3n Lovers<\/a>.<\/p>\n<p>Prosz\u0119 odkry\u0107 wi\u0119cej opcji w naszych kategoriach <a href=\"https:\/\/latiendadesami.com\/categoria-producto\/queso-embutido\/\" target=\"_blank\" rel=\"noopener noreferrer nofollow\"><span style=\"color: #2ea3f2;\">Kie\u0142basy<\/span><\/a><\/p>\n","protected":false},"excerpt":{"rendered":"<p>Schab ze 100% iberyjskiej wieprzowiny karmionej \u017co\u0142\u0119dziami - FILI - 800 gr W 100% iberyjski schab wieprzowy karmiony \u017co\u0142 \u0119dziami - FILI o wadze 800 gram\u00f3w to przysmak dla smakoszy, wyprodukowany z czystej krwi \u015bwi\u0144 iberyjskich, hodowanych na wolno\u015bci i karmionych \u017co\u0142\u0119dziami. Ten rzemie\u015blniczy proces, wraz ze starannym peklowaniem, skutkuje niezr\u00f3wnanym smakiem i soczyst\u0105 konsystencj\u0105. [&hellip;]<\/p>\n","protected":false},"featured_media":15394,"template":"","meta":{"_et_pb_use_builder":"","_et_pb_old_content":"","_et_gb_content_width":""},"product_brand":[1388],"product_cat":[2246,2245],"product_tag":[],"class_list":{"0":"post-18882","1":"product","2":"type-product","3":"status-publish","4":"has-post-thumbnail","6":"product_brand-fili","7":"product_cat-kielbasa","8":"product_cat-ser-i-kielbasa","10":"first","11":"outofstock","12":"taxable","13":"shipping-taxable","14":"purchasable","15":"product-type-simple"},"_links":{"self":[{"href":"https:\/\/myspainfood.com\/pl\/wp-json\/wp\/v2\/product\/18882","targetHints":{"allow":["GET"]}}],"collection":[{"href":"https:\/\/myspainfood.com\/pl\/wp-json\/wp\/v2\/product"}],"about":[{"href":"https:\/\/myspainfood.com\/pl\/wp-json\/wp\/v2\/types\/product"}],"wp:featuredmedia":[{"embeddable":true,"href":"https:\/\/myspainfood.com\/pl\/wp-json\/wp\/v2\/media\/15394"}],"wp:attachment":[{"href":"https:\/\/myspainfood.com\/pl\/wp-json\/wp\/v2\/media?parent=18882"}],"wp:term":[{"taxonomy":"product_brand","embeddable":true,"href":"https:\/\/myspainfood.com\/pl\/wp-json\/wp\/v2\/product_brand?post=18882"},{"taxonomy":"product_cat","embeddable":true,"href":"https:\/\/myspainfood.com\/pl\/wp-json\/wp\/v2\/product_cat?post=18882"},{"taxonomy":"product_tag","embeddable":true,"href":"https:\/\/myspainfood.com\/pl\/wp-json\/wp\/v2\/product_tag?post=18882"}],"curies":[{"name":"wp","href":"https:\/\/api.w.org\/{rel}","templated":true}]}}