{"id":19002,"date":"2025-04-10T12:16:39","date_gmt":"2025-04-10T10:16:39","guid":{"rendered":"https:\/\/myspainfood.com\/producto\/cale-ekstra-pieczone-papryczki-piquillo-la-joya-del-valle-320gr\/"},"modified":"2026-01-30T14:22:10","modified_gmt":"2026-01-30T13:22:10","slug":"cale-ekstra-pieczone-papryczki-piquillo-la-joya-del-valle-320gr","status":"publish","type":"product","link":"https:\/\/myspainfood.com\/pl\/producto\/cale-ekstra-pieczone-papryczki-piquillo-la-joya-del-valle-320gr\/","title":{"rendered":"Ca\u0142e ekstra pieczone papryczki Piquillo La joya del valle 320gr"},"content":{"rendered":"<p>Sk\u0142adniki: Papryczki Piquillo, czosnek, s\u00f3l i \u015brodek zakwaszaj\u0105cy: kwas cytrynowy, utwardzacz: chlorek wapnia.<\/p>\n<p>Po otwarciu przechowywa\u0107 w lod\u00f3wce i spo\u017cy\u0107 najlepiej w ci\u0105gu 5 dni<\/p>\n<p>Mamy najwy\u017csz\u0105 jako\u015b\u0107 w najlepszej cenie.<\/p>\n<p>Prosz\u0119 napisa\u0107 do nas, aby uzyska\u0107 wi\u0119cej informacji lub je\u015bli maj\u0105 Pa\u0144stwo jakiekolwiek pytania dotycz\u0105ce tego lub innego produktu z naszego katalogu.<\/p>\n","protected":false},"excerpt":{"rendered":"<p>Sk\u0142adniki: Papryczki Piquillo, czosnek, s\u00f3l i \u015brodek zakwaszaj\u0105cy: kwas cytrynowy, utwardzacz: chlorek wapnia. Po otwarciu przechowywa\u0107 w lod\u00f3wce i spo\u017cy\u0107 najlepiej w ci\u0105gu 5 dni Mamy najwy\u017csz\u0105 jako\u015b\u0107 w najlepszej cenie. Prosz\u0119 napisa\u0107 do nas, aby uzyska\u0107 wi\u0119cej informacji lub je\u015bli maj\u0105 Pa\u0144stwo jakiekolwiek pytania dotycz\u0105ce tego lub innego produktu z naszego katalogu.<\/p>\n","protected":false},"featured_media":15601,"template":"","meta":{"_et_pb_use_builder":"","_et_pb_old_content":"","_et_gb_content_width":""},"product_brand":[1129],"product_cat":[1969,2311],"product_tag":[2312,2313],"class_list":{"0":"post-19002","1":"product","2":"type-product","3":"status-publish","4":"has-post-thumbnail","6":"product_brand-mateo","7":"product_cat-konserwy","8":"product_cat-papryka","9":"product_tag-pieczen","10":"product_tag-pieprz","12":"first","13":"outofstock","14":"featured","15":"taxable","16":"shipping-taxable","17":"product-type-variable"},"_links":{"self":[{"href":"https:\/\/myspainfood.com\/pl\/wp-json\/wp\/v2\/product\/19002","targetHints":{"allow":["GET"]}}],"collection":[{"href":"https:\/\/myspainfood.com\/pl\/wp-json\/wp\/v2\/product"}],"about":[{"href":"https:\/\/myspainfood.com\/pl\/wp-json\/wp\/v2\/types\/product"}],"wp:featuredmedia":[{"embeddable":true,"href":"https:\/\/myspainfood.com\/pl\/wp-json\/wp\/v2\/media\/15601"}],"wp:attachment":[{"href":"https:\/\/myspainfood.com\/pl\/wp-json\/wp\/v2\/media?parent=19002"}],"wp:term":[{"taxonomy":"product_brand","embeddable":true,"href":"https:\/\/myspainfood.com\/pl\/wp-json\/wp\/v2\/product_brand?post=19002"},{"taxonomy":"product_cat","embeddable":true,"href":"https:\/\/myspainfood.com\/pl\/wp-json\/wp\/v2\/product_cat?post=19002"},{"taxonomy":"product_tag","embeddable":true,"href":"https:\/\/myspainfood.com\/pl\/wp-json\/wp\/v2\/product_tag?post=19002"}],"curies":[{"name":"wp","href":"https:\/\/api.w.org\/{rel}","templated":true}]}}