{"id":19097,"date":"2025-04-10T12:16:39","date_gmt":"2025-04-10T10:16:39","guid":{"rendered":"https:\/\/myspainfood.com\/producto\/oliwa-z-oliwek-najwyzszej-jakosci-z-pierwszego-tloczenia-viejo-olivar-5-litrow-cazorla-jaen\/"},"modified":"2026-01-29T12:36:25","modified_gmt":"2026-01-29T11:36:25","slug":"oliwa-z-oliwek-najwyzszej-jakosci-z-pierwszego-tloczenia-viejo-olivar-5-litrow-cazorla-jaen","status":"publish","type":"product","link":"https:\/\/myspainfood.com\/pl\/producto\/oliwa-z-oliwek-najwyzszej-jakosci-z-pierwszego-tloczenia-viejo-olivar-5-litrow-cazorla-jaen\/","title":{"rendered":"Oliwa z oliwek najwy\u017cszej jako\u015bci z pierwszego t\u0142oczenia Viejo Olivar 5 litr\u00f3w Cazorla Ja\u00e9n"},"content":{"rendered":"<p><strong>Oliwa z oliwek z pierwszego t\u0142oczenia<\/strong> z Ja\u00e9n jest jednym z g\u0142\u00f3wnych produkt\u00f3w hiszpa\u0144skiej gastronomii, a tak\u017ce naszym listem polecaj\u0105cym na ca\u0142ym \u015bwiecie. Zakup oliwy z oliwek oznacza nabycie wyj\u0105tkowego produktu ze wzgl\u0119du na jego niesamowite korzy\u015bci zdrowotne. Co wi\u0119cej, jest to podstawowy sk\u0142adnik diety \u015br\u00f3dziemnomorskiej, sk\u0142adnik, kt\u00f3rego nie powinno zabrakn\u0105\u0107 w \u017cadnej szanuj\u0105cej si\u0119 kuchni.  <\/p>\n<p>W\u015br\u00f3d oliw z oliwek, oliwa z oliwek extra virgin jest najbardziej wyj\u0105tkowa ze wzgl\u0119du na sw\u00f3j smak, aromat i korzy\u015bci dla organizmu. Jest bogata w witaminy A, D, E i K, zapobiega ryzyku odk\u0142adania si\u0119 cholesterolu, poprawia ci\u015bnienie krwi i korzystnie wp\u0142ywa na prac\u0119 jelit. Z tych wszystkich powod\u00f3w zakup oliwy z oliwek extra virgin zawsze b\u0119dzie najlepszym rozwi\u0105zaniem dla Pa\u0144stwa zdrowia i podniebienia.  <\/p>\n<p>W Ja\u00e9n jeste\u015bmy dumni z tego, \u017ce jeste\u015bmy najwi\u0119kszymi producentami oliwy z oliwek na \u015bwiecie, a oliwy z oliwek z pierwszego t\u0142oczenia z naszej ziemi s\u0105 bez w\u0105tpienia najbardziej znane zar\u00f3wno w kraju, jak i za granic\u0105, a tak\u017ce najwy\u017cszej jako\u015bci, jak\u0105 mo\u017cna kupi\u0107.<\/p>\n","protected":false},"excerpt":{"rendered":"<p>Oliwa z oliwek z pierwszego t\u0142oczenia z Ja\u00e9n jest jednym z g\u0142\u00f3wnych produkt\u00f3w hiszpa\u0144skiej gastronomii, a tak\u017ce naszym listem polecaj\u0105cym na ca\u0142ym \u015bwiecie. Zakup oliwy z oliwek oznacza nabycie wyj\u0105tkowego produktu ze wzgl\u0119du na jego niesamowite korzy\u015bci zdrowotne. Co wi\u0119cej, jest to podstawowy sk\u0142adnik diety \u015br\u00f3dziemnomorskiej, sk\u0142adnik, kt\u00f3rego nie powinno zabrakn\u0105\u0107 w \u017cadnej szanuj\u0105cej si\u0119 [&hellip;]<\/p>\n","protected":false},"featured_media":15178,"template":"","meta":{"_et_pb_use_builder":"","_et_pb_old_content":"","_et_gb_content_width":""},"product_brand":[1221],"product_cat":[2206,2207],"product_tag":[2208],"class_list":{"0":"post-19097","1":"product","2":"type-product","3":"status-publish","4":"has-post-thumbnail","6":"product_brand-valdezarza","7":"product_cat-olej","8":"product_cat-oliwa-z-oliwek-extra-virgin","9":"product_tag-olej","11":"first","12":"outofstock","13":"featured","14":"taxable","15":"shipping-taxable","16":"product-type-variable"},"_links":{"self":[{"href":"https:\/\/myspainfood.com\/pl\/wp-json\/wp\/v2\/product\/19097","targetHints":{"allow":["GET"]}}],"collection":[{"href":"https:\/\/myspainfood.com\/pl\/wp-json\/wp\/v2\/product"}],"about":[{"href":"https:\/\/myspainfood.com\/pl\/wp-json\/wp\/v2\/types\/product"}],"wp:featuredmedia":[{"embeddable":true,"href":"https:\/\/myspainfood.com\/pl\/wp-json\/wp\/v2\/media\/15178"}],"wp:attachment":[{"href":"https:\/\/myspainfood.com\/pl\/wp-json\/wp\/v2\/media?parent=19097"}],"wp:term":[{"taxonomy":"product_brand","embeddable":true,"href":"https:\/\/myspainfood.com\/pl\/wp-json\/wp\/v2\/product_brand?post=19097"},{"taxonomy":"product_cat","embeddable":true,"href":"https:\/\/myspainfood.com\/pl\/wp-json\/wp\/v2\/product_cat?post=19097"},{"taxonomy":"product_tag","embeddable":true,"href":"https:\/\/myspainfood.com\/pl\/wp-json\/wp\/v2\/product_tag?post=19097"}],"curies":[{"name":"wp","href":"https:\/\/api.w.org\/{rel}","templated":true}]}}