{"id":19194,"date":"2025-04-10T12:16:41","date_gmt":"2025-04-10T10:16:41","guid":{"rendered":"https:\/\/myspainfood.com\/producto\/szynka-iberyjska-cebo-huelva-sn-finca-6-kg-w-przyblizeniu\/"},"modified":"2026-01-30T14:27:18","modified_gmt":"2026-01-30T13:27:18","slug":"szynka-iberyjska-cebo-huelva-sn-finca-6-kg-w-przyblizeniu","status":"publish","type":"product","link":"https:\/\/myspainfood.com\/pl\/producto\/szynka-iberyjska-cebo-huelva-sn-finca-6-kg-w-przyblizeniu\/","title":{"rendered":"Szynka iberyjska Cebo Huelva - SN Finca - 6 kg (w przybli\u017ceniu)"},"content":{"rendered":"<p>Szynka iberyjska Cebo Huelva - SN Finca - 6 kg to doskona\u0142ej jako\u015bci kawa\u0142ek, peklowany w naturalnych suszarniach w Huelva, przy u\u017cyciu tradycyjnego procesu suszenia, kt\u00f3ry nadaje mu charakterystyczny aromat, a tak\u017ce dobrze znany smak. Ta staranno\u015b\u0107 sprawia, \u017ce kawa\u0142ek jest rozkosz\u0105 dla mi\u0142o\u015bnik\u00f3w szynki iberyjskiej.<\/p>\n<h3><strong>Charakterystyka szynki iberyjskiej Cebo Huelva<\/strong><\/h3>\n<ol>\n<li><strong>Gwarantowane pochodzenie<\/strong>\n<p>Szynka ta jest produkowana w Huelva, regionie znanym na ca\u0142ym \u015bwiecie z idealnego klimatu do peklowania szynek. Sierra de Huelva zapewnia idealn\u0105 r\u00f3wnowag\u0119 wilgotno\u015bci i temperatury, dzi\u0119ki czemu szynka jest optymalnie dojrzewaj\u0105ca. <\/li>\n<li><strong>Certyfikowana jako\u015b\u0107<\/strong>\n<p>Ka\u017cda sztuka jest poddawana \u015bcis\u0142ej kontroli jako\u015bci. SN Finca gwarantuje produkt o identyfikowalnym pochodzeniu, zapewniaj\u0105c, \u017ce konsument otrzymuje to, co najlepsze w tradycji iberyjskiej. <\/li>\n<li><strong>Przed\u0142u\u017cone peklowanie<\/strong>\n<p>Peklowana przez oko\u0142o 24 miesi\u0105ce, szynka ta rozwija z\u0142o\u017cony smak i wyj\u0105tkowy aromat, kt\u00f3ry urzeka zmys\u0142y ju\u017c od pierwszego ci\u0119cia.<\/li>\n<li><strong>Idealna waga<\/strong>\n<p>Przy wadze <strong>6 kg (w przybli\u017ceniu)<\/strong> szynka ta jest idealna dla rodzin i na specjalne spotkania, oferuj\u0105c doskona\u0142y stosunek ilo\u015bci do jako\u015bci.<\/li>\n<li><strong>Wyj\u0105tkowa prezentacja<\/strong>\n<p>Jego ci\u0119cie ujawnia charakterystyczn\u0105 marmurkowato\u015b\u0107, kt\u00f3ra jest niew\u0105tpliw\u0105 oznak\u0105 jego jako\u015bci. R\u00f3wnowaga mi\u0119dzy t\u0142uszczem a mi\u0119sem zapewnia wyj\u0105tkowe doznania smakowe w ka\u017cdym kawa\u0142ku. <\/li>\n<\/ol>\n<p>Zach\u0119camy do zapoznania si\u0119 z nasz\u0105 ofert\u0105 kie\u0142bas, <a href=\"https:\/\/latiendadesami.com\/categoria-producto\/queso-embutido\/\" target=\"_blank\" rel=\"noopener noreferrer nofollow\">w kt\u00f3rej znajd\u0105 Pa\u0144stwo<\/a> produkty dla smakoszy, idealne do delektowania si\u0119 nimi z rodzin\u0105 i przyjaci\u00f3\u0142mi.<\/p>\n","protected":false},"excerpt":{"rendered":"<p>Szynka iberyjska Cebo Huelva - SN Finca - 6 kg to doskona\u0142ej jako\u015bci kawa\u0142ek, peklowany w naturalnych suszarniach w Huelva, przy u\u017cyciu tradycyjnego procesu suszenia, kt\u00f3ry nadaje mu charakterystyczny aromat, a tak\u017ce dobrze znany smak. Ta staranno\u015b\u0107 sprawia, \u017ce kawa\u0142ek jest rozkosz\u0105 dla mi\u0142o\u015bnik\u00f3w szynki iberyjskiej. Charakterystyka szynki iberyjskiej Cebo Huelva Gwarantowane pochodzenie Szynka ta [&hellip;]<\/p>\n","protected":false},"featured_media":15583,"template":"","meta":{"_et_pb_use_builder":"","_et_pb_old_content":"","_et_gb_content_width":""},"product_brand":[],"product_cat":[8036],"product_tag":[],"class_list":{"0":"post-19194","1":"product","2":"type-product","3":"status-publish","4":"has-post-thumbnail","6":"product_cat-kategoria-testowania","8":"first","9":"outofstock","10":"taxable","11":"shipping-taxable","12":"purchasable","13":"product-type-simple"},"_links":{"self":[{"href":"https:\/\/myspainfood.com\/pl\/wp-json\/wp\/v2\/product\/19194","targetHints":{"allow":["GET"]}}],"collection":[{"href":"https:\/\/myspainfood.com\/pl\/wp-json\/wp\/v2\/product"}],"about":[{"href":"https:\/\/myspainfood.com\/pl\/wp-json\/wp\/v2\/types\/product"}],"wp:featuredmedia":[{"embeddable":true,"href":"https:\/\/myspainfood.com\/pl\/wp-json\/wp\/v2\/media\/15583"}],"wp:attachment":[{"href":"https:\/\/myspainfood.com\/pl\/wp-json\/wp\/v2\/media?parent=19194"}],"wp:term":[{"taxonomy":"product_brand","embeddable":true,"href":"https:\/\/myspainfood.com\/pl\/wp-json\/wp\/v2\/product_brand?post=19194"},{"taxonomy":"product_cat","embeddable":true,"href":"https:\/\/myspainfood.com\/pl\/wp-json\/wp\/v2\/product_cat?post=19194"},{"taxonomy":"product_tag","embeddable":true,"href":"https:\/\/myspainfood.com\/pl\/wp-json\/wp\/v2\/product_tag?post=19194"}],"curies":[{"name":"wp","href":"https:\/\/api.w.org\/{rel}","templated":true}]}}