{"id":19241,"date":"2025-04-10T12:16:46","date_gmt":"2025-04-10T10:16:46","guid":{"rendered":"https:\/\/myspainfood.com\/producto\/czesc-1a-sardela-i-sardela-picarpicar\/"},"modified":"2026-01-13T13:52:24","modified_gmt":"2026-01-13T12:52:24","slug":"czesc-1a-sardela-i-sardela-picarpicar","status":"publish","type":"product","link":"https:\/\/myspainfood.com\/pl\/producto\/czesc-1a-sardela-i-sardela-picarpicar\/","title":{"rendered":"cz\u0119\u015b\u0107 1a - sardela i sardela Picar&amp;Picar"},"content":{"rendered":"<p>LOT 1A: Doskona\u0142a konserwa rybna pierwszej jako\u015bci, partia sk\u0142ada si\u0119 z: Filet z sardeli w tripacku 120gr (3 sztuki), Filet z sardeli kantabryjskiej 120gr (1 sztuka), Filet z sardeli w oleju 200gr (1 sztuka), Filet z sardeli w occie 200gr (1 sztuka), Filet z sardeli w czosnku i pietruszce 200gr (1 sztuka) i Wiciokrzew sardeli 220gr (1 sztuka).<\/p>\n<p>SPIS TRE\u015aCI:<\/p>\n<ul>\n<li>Filet z sardeli:<\/li>\n<\/ul>\n<p>Tripack 120 gr: 3 szt.<\/p>\n<ul>\n<li>Filet z sardeli z Zatoki Biskajskiej:<\/li>\n<\/ul>\n<p>Taca 120 gr: 1 szt.<\/p>\n<ul>\n<li>Filet z sardeli w oleju:<\/li>\n<\/ul>\n<p>Taca 200 gr: 1 szt.<\/p>\n<ul>\n<li>Filet z sardeli w occie:<\/li>\n<\/ul>\n<p>Taca 200 gr: 1 szt.<\/p>\n<ul>\n<li>Przyprawiony filet z sardeli (czosnek i pietruszka):<\/li>\n<\/ul>\n<p>Taca 200 gr: 1 szt.<\/p>\n<ul>\n<li>Banderilla de boquer\u00f3n:<\/li>\n<\/ul>\n<p>Taca 220 gr: 1 szt.<\/p>\n","protected":false},"excerpt":{"rendered":"<p>LOT 1A: Doskona\u0142a konserwa rybna pierwszej jako\u015bci, partia sk\u0142ada si\u0119 z: Filet z sardeli w tripacku 120gr (3 sztuki), Filet z sardeli kantabryjskiej 120gr (1 sztuka), Filet z sardeli w oleju 200gr (1 sztuka), Filet z sardeli w occie 200gr (1 sztuka), Filet z sardeli w czosnku i pietruszce 200gr (1 sztuka) i Wiciokrzew sardeli [&hellip;]<\/p>\n","protected":false},"featured_media":15700,"template":"","meta":{"_et_pb_use_builder":"","_et_pb_old_content":"","_et_gb_content_width":""},"product_brand":[1127],"product_cat":[1908,1836],"product_tag":[],"class_list":{"0":"post-19241","1":"product","2":"type-product","3":"status-publish","4":"has-post-thumbnail","6":"product_brand-picarpicar","7":"product_cat-sardele-pl-2","8":"product_cat-zimno","9":"product_shipping_class-wysylka-na-zimno","11":"first","12":"outofstock","13":"taxable","14":"shipping-taxable","15":"purchasable","16":"product-type-simple"},"_links":{"self":[{"href":"https:\/\/myspainfood.com\/pl\/wp-json\/wp\/v2\/product\/19241","targetHints":{"allow":["GET"]}}],"collection":[{"href":"https:\/\/myspainfood.com\/pl\/wp-json\/wp\/v2\/product"}],"about":[{"href":"https:\/\/myspainfood.com\/pl\/wp-json\/wp\/v2\/types\/product"}],"wp:featuredmedia":[{"embeddable":true,"href":"https:\/\/myspainfood.com\/pl\/wp-json\/wp\/v2\/media\/15700"}],"wp:attachment":[{"href":"https:\/\/myspainfood.com\/pl\/wp-json\/wp\/v2\/media?parent=19241"}],"wp:term":[{"taxonomy":"product_brand","embeddable":true,"href":"https:\/\/myspainfood.com\/pl\/wp-json\/wp\/v2\/product_brand?post=19241"},{"taxonomy":"product_cat","embeddable":true,"href":"https:\/\/myspainfood.com\/pl\/wp-json\/wp\/v2\/product_cat?post=19241"},{"taxonomy":"product_tag","embeddable":true,"href":"https:\/\/myspainfood.com\/pl\/wp-json\/wp\/v2\/product_tag?post=19241"}],"curies":[{"name":"wp","href":"https:\/\/api.w.org\/{rel}","templated":true}]}}