{"id":19279,"date":"2025-04-10T12:16:47","date_gmt":"2025-04-10T10:16:47","guid":{"rendered":"https:\/\/myspainfood.com\/producto\/partia-1c-sardela-sardela-i-sledz-picarpicar\/"},"modified":"2026-01-13T13:55:29","modified_gmt":"2026-01-13T12:55:29","slug":"partia-1c-sardela-sardela-i-sledz-picarpicar","status":"publish","type":"product","link":"https:\/\/myspainfood.com\/pl\/producto\/partia-1c-sardela-sardela-i-sledz-picarpicar\/","title":{"rendered":"partia 1c - sardela, sardela i \u015bled\u017a Picar&amp;Picar"},"content":{"rendered":"<p>LOT 1C: Najwy\u017cszej jako\u015bci konserwy rybne, partia sk\u0142adaj\u0105ca si\u0119 z: Filet z sardeli 45g (3 sztuki), Filet z sardeli kantabryjskiej 120g (1 sztuka), Filet z sardeli w oleju 200g (1 sztuka), Filet ze \u015bledzia 220g (1 sztuka) i Filet ze \u015bledzia z oliwkami 220g (1 sztuka).<\/p>\n<p>SPIS TRE\u015aCI:<\/p>\n<ul>\n<li>Filet z sardeli:<\/li>\n<\/ul>\n<p>Tripack 120 gr: 3 szt.<\/p>\n<ul>\n<li>Filet z sardeli z Zatoki Biskajskiej:<\/li>\n<\/ul>\n<p>Taca 120 gr: 1 szt.<\/p>\n<ul>\n<li>Filet z sardeli w oleju:<\/li>\n<\/ul>\n<p>Taca 200 gr: 1 szt.<\/p>\n<ul>\n<li>Filet z sardeli w occie:<\/li>\n<\/ul>\n<p>Taca 200 gr: 2 szt.<\/p>\n<ul>\n<li>Filety \u015bledziowe:<\/li>\n<\/ul>\n<p>Taca 220 gr: 1 szt.<\/p>\n<ul>\n<li>Filety \u015bledziowe z oliwkami:<\/li>\n<\/ul>\n<p>Taca 220 gr: 1 szt.<\/p>\n","protected":false},"excerpt":{"rendered":"<p>LOT 1C: Najwy\u017cszej jako\u015bci konserwy rybne, partia sk\u0142adaj\u0105ca si\u0119 z: Filet z sardeli 45g (3 sztuki), Filet z sardeli kantabryjskiej 120g (1 sztuka), Filet z sardeli w oleju 200g (1 sztuka), Filet ze \u015bledzia 220g (1 sztuka) i Filet ze \u015bledzia z oliwkami 220g (1 sztuka). SPIS TRE\u015aCI: Filet z sardeli: Tripack 120 gr: 3 [&hellip;]<\/p>\n","protected":false},"featured_media":15736,"template":"","meta":{"_et_pb_use_builder":"","_et_pb_old_content":"","_et_gb_content_width":""},"product_brand":[1127],"product_cat":[1908,1836],"product_tag":[],"class_list":{"0":"post-19279","1":"product","2":"type-product","3":"status-publish","4":"has-post-thumbnail","6":"product_brand-picarpicar","7":"product_cat-sardele-pl-2","8":"product_cat-zimno","9":"product_shipping_class-wysylka-na-zimno","11":"first","12":"outofstock","13":"taxable","14":"shipping-taxable","15":"purchasable","16":"product-type-simple"},"_links":{"self":[{"href":"https:\/\/myspainfood.com\/pl\/wp-json\/wp\/v2\/product\/19279","targetHints":{"allow":["GET"]}}],"collection":[{"href":"https:\/\/myspainfood.com\/pl\/wp-json\/wp\/v2\/product"}],"about":[{"href":"https:\/\/myspainfood.com\/pl\/wp-json\/wp\/v2\/types\/product"}],"wp:featuredmedia":[{"embeddable":true,"href":"https:\/\/myspainfood.com\/pl\/wp-json\/wp\/v2\/media\/15736"}],"wp:attachment":[{"href":"https:\/\/myspainfood.com\/pl\/wp-json\/wp\/v2\/media?parent=19279"}],"wp:term":[{"taxonomy":"product_brand","embeddable":true,"href":"https:\/\/myspainfood.com\/pl\/wp-json\/wp\/v2\/product_brand?post=19279"},{"taxonomy":"product_cat","embeddable":true,"href":"https:\/\/myspainfood.com\/pl\/wp-json\/wp\/v2\/product_cat?post=19279"},{"taxonomy":"product_tag","embeddable":true,"href":"https:\/\/myspainfood.com\/pl\/wp-json\/wp\/v2\/product_tag?post=19279"}],"curies":[{"name":"wp","href":"https:\/\/api.w.org\/{rel}","templated":true}]}}