{"id":19313,"date":"2025-04-10T12:16:48","date_gmt":"2025-04-10T10:16:48","guid":{"rendered":"https:\/\/myspainfood.com\/producto\/partia-1d-chop-chop\/"},"modified":"2026-01-13T13:52:24","modified_gmt":"2026-01-13T12:52:24","slug":"partia-1d-chop-chop","status":"publish","type":"product","link":"https:\/\/myspainfood.com\/pl\/producto\/partia-1d-chop-chop\/","title":{"rendered":"partia 1d Chop &amp; Chop"},"content":{"rendered":"<p>LOT 1D: Najwy\u017cszej jako\u015bci konserwy rybne, partia sk\u0142adaj\u0105ca si\u0119 z: Filet z sardeli w oleju 200 gr (1 sztuka), Filet z sardeli w occie 200 gr (1 sztuka), Filet z sardeli w czosnku i pietruszce 200 gr (1 sztuka), Flaczki z sardeli 220 gr (3 sztuki), Filet ze \u015bledzia 220 gr (1 sztuka) i Filet ze \u015bledzia z oliwkami 220 gr (1 sztuka).<\/p>\n<p>SPIS TRE\u015aCI:<\/p>\n<ul>\n<li>Filet z sardeli w oleju:<\/li>\n<\/ul>\n<p>Taca 200 gr: 1 szt.<\/p>\n<ul>\n<li>Filet z sardeli w occie:<\/li>\n<\/ul>\n<p>Taca 200 gr: 1 szt.<\/p>\n<ul>\n<li>Przyprawiony filet z sardeli (czosnek i pietruszka):<\/li>\n<\/ul>\n<p>Taca 200 gr: 1 szt.<\/p>\n<ul>\n<li>Banderilla de boquer\u00f3n:<\/li>\n<\/ul>\n<p>Taca 220 gr: 3 szt.<\/p>\n<ul>\n<li>Filety \u015bledziowe:<\/li>\n<\/ul>\n<p>Taca 220 gr: 1 szt.<\/p>\n<ul>\n<li>Filety \u015bledziowe z oliwkami:<\/li>\n<\/ul>\n<p>Taca 220 gr: 1 szt.<\/p>\n","protected":false},"excerpt":{"rendered":"<p>LOT 1D: Najwy\u017cszej jako\u015bci konserwy rybne, partia sk\u0142adaj\u0105ca si\u0119 z: Filet z sardeli w oleju 200 gr (1 sztuka), Filet z sardeli w occie 200 gr (1 sztuka), Filet z sardeli w czosnku i pietruszce 200 gr (1 sztuka), Flaczki z sardeli 220 gr (3 sztuki), Filet ze \u015bledzia 220 gr (1 sztuka) i Filet [&hellip;]<\/p>\n","protected":false},"featured_media":15763,"template":"","meta":{"_et_pb_use_builder":"","_et_pb_old_content":"","_et_gb_content_width":""},"product_brand":[1127],"product_cat":[1908,1836],"product_tag":[],"class_list":{"0":"post-19313","1":"product","2":"type-product","3":"status-publish","4":"has-post-thumbnail","6":"product_brand-picarpicar","7":"product_cat-sardele-pl-2","8":"product_cat-zimno","9":"product_shipping_class-wysylka-na-zimno","11":"first","12":"outofstock","13":"taxable","14":"shipping-taxable","15":"purchasable","16":"product-type-simple"},"_links":{"self":[{"href":"https:\/\/myspainfood.com\/pl\/wp-json\/wp\/v2\/product\/19313","targetHints":{"allow":["GET"]}}],"collection":[{"href":"https:\/\/myspainfood.com\/pl\/wp-json\/wp\/v2\/product"}],"about":[{"href":"https:\/\/myspainfood.com\/pl\/wp-json\/wp\/v2\/types\/product"}],"wp:featuredmedia":[{"embeddable":true,"href":"https:\/\/myspainfood.com\/pl\/wp-json\/wp\/v2\/media\/15763"}],"wp:attachment":[{"href":"https:\/\/myspainfood.com\/pl\/wp-json\/wp\/v2\/media?parent=19313"}],"wp:term":[{"taxonomy":"product_brand","embeddable":true,"href":"https:\/\/myspainfood.com\/pl\/wp-json\/wp\/v2\/product_brand?post=19313"},{"taxonomy":"product_cat","embeddable":true,"href":"https:\/\/myspainfood.com\/pl\/wp-json\/wp\/v2\/product_cat?post=19313"},{"taxonomy":"product_tag","embeddable":true,"href":"https:\/\/myspainfood.com\/pl\/wp-json\/wp\/v2\/product_tag?post=19313"}],"curies":[{"name":"wp","href":"https:\/\/api.w.org\/{rel}","templated":true}]}}