{"id":19487,"date":"2025-04-10T12:16:34","date_gmt":"2025-04-10T10:16:34","guid":{"rendered":"https:\/\/myspainfood.com\/producto\/schab-z-zoledzi-karmiony-50-wieprzowina-iberyjska-fili-500-gr\/"},"modified":"2026-01-29T13:19:18","modified_gmt":"2026-01-29T12:19:18","slug":"schab-z-zoledzi-karmiony-50-wieprzowina-iberyjska-fili-500-gr","status":"publish","type":"product","link":"https:\/\/myspainfood.com\/pl\/producto\/schab-z-zoledzi-karmiony-50-wieprzowina-iberyjska-fili-500-gr\/","title":{"rendered":"Schab z \u017co\u0142\u0119dzi karmiony w 50% wieprzowin\u0105 iberyjsk\u0105 - Fili - 500 gr"},"content":{"rendered":"<p>800 gram\u00f3w <strong>pol\u0119dwicy wieprzowej iberyjskiej karmionej \u017co\u0142\u0119dziami 50% - FILI<\/strong> to przysmak dla smakoszy, wytwarzany z czystej rasy \u015bwi\u0144 iberyjskich, hodowanych na wolno\u015bci i karmionych \u017co\u0142\u0119dziami. Ten rzemie\u015blniczy proces, wraz ze starannym peklowaniem, zapewnia niezr\u00f3wnany smak i soczyst\u0105 konsystencj\u0119. Idealny dla mi\u0142o\u015bnik\u00f3w produkt\u00f3w iberyjskich i bogaty w zdrowe kwasy t\u0142uszczowe.  <\/p>\n<p>Aby dowiedzie\u0107 si\u0119 wi\u0119cej o korzy\u015bciach p\u0142yn\u0105cych ze spo\u017cywania produkt\u00f3w z P\u00f3\u0142wyspu Iberyjskiego, prosz\u0119 odwiedzi\u0107 stron\u0119 <a href=\"https:\/\/www.jamonlovers.es\" target=\"_new\" rel=\"noopener noreferrer nofollow\" target=\"_blank\">Jam\u00f3n Lovers<\/a>.<\/p>\n<p>Prosz\u0119 odkry\u0107 wi\u0119cej opcji w naszych kategoriach <a href=\"https:\/\/latiendadesami.com\/categoria-producto\/queso-embutido\/\" target=\"_blank\" rel=\"noopener noreferrer nofollow\"><span style=\"color: #2ea3f2;\">Kie\u0142basy<\/span><\/a><\/p>\n","protected":false},"excerpt":{"rendered":"<p>800 gram\u00f3w pol\u0119dwicy wieprzowej iberyjskiej karmionej \u017co\u0142\u0119dziami 50% - FILI to przysmak dla smakoszy, wytwarzany z czystej rasy \u015bwi\u0144 iberyjskich, hodowanych na wolno\u015bci i karmionych \u017co\u0142\u0119dziami. Ten rzemie\u015blniczy proces, wraz ze starannym peklowaniem, zapewnia niezr\u00f3wnany smak i soczyst\u0105 konsystencj\u0119. Idealny dla mi\u0142o\u015bnik\u00f3w produkt\u00f3w iberyjskich i bogaty w zdrowe kwasy t\u0142uszczowe. Aby dowiedzie\u0107 si\u0119 wi\u0119cej o [&hellip;]<\/p>\n","protected":false},"featured_media":15466,"template":"","meta":{"_et_pb_use_builder":"","_et_pb_old_content":"","_et_gb_content_width":""},"product_brand":[],"product_cat":[2246,2245],"product_tag":[],"class_list":{"0":"post-19487","1":"product","2":"type-product","3":"status-publish","4":"has-post-thumbnail","6":"product_cat-kielbasa","7":"product_cat-ser-i-kielbasa","9":"first","10":"outofstock","11":"taxable","12":"shipping-taxable","13":"purchasable","14":"product-type-simple"},"_links":{"self":[{"href":"https:\/\/myspainfood.com\/pl\/wp-json\/wp\/v2\/product\/19487","targetHints":{"allow":["GET"]}}],"collection":[{"href":"https:\/\/myspainfood.com\/pl\/wp-json\/wp\/v2\/product"}],"about":[{"href":"https:\/\/myspainfood.com\/pl\/wp-json\/wp\/v2\/types\/product"}],"wp:featuredmedia":[{"embeddable":true,"href":"https:\/\/myspainfood.com\/pl\/wp-json\/wp\/v2\/media\/15466"}],"wp:attachment":[{"href":"https:\/\/myspainfood.com\/pl\/wp-json\/wp\/v2\/media?parent=19487"}],"wp:term":[{"taxonomy":"product_brand","embeddable":true,"href":"https:\/\/myspainfood.com\/pl\/wp-json\/wp\/v2\/product_brand?post=19487"},{"taxonomy":"product_cat","embeddable":true,"href":"https:\/\/myspainfood.com\/pl\/wp-json\/wp\/v2\/product_cat?post=19487"},{"taxonomy":"product_tag","embeddable":true,"href":"https:\/\/myspainfood.com\/pl\/wp-json\/wp\/v2\/product_tag?post=19487"}],"curies":[{"name":"wp","href":"https:\/\/api.w.org\/{rel}","templated":true}]}}