{"id":19701,"date":"2025-04-10T12:14:40","date_gmt":"2025-04-10T10:14:40","guid":{"rendered":"https:\/\/myspainfood.com\/producto\/poludniowe-filety-z-makreli-ubago-z-oliwa-z-oliwek-105-gr\/"},"modified":"2026-01-30T14:23:16","modified_gmt":"2026-01-30T13:23:16","slug":"poludniowe-filety-z-makreli-ubago-z-oliwa-z-oliwek-105-gr","status":"publish","type":"product","link":"https:\/\/myspainfood.com\/pl\/producto\/poludniowe-filety-z-makreli-ubago-z-oliwa-z-oliwek-105-gr\/","title":{"rendered":"Po\u0142udniowe filety z makreli - Ubago - Z oliw\u0105 z oliwek - 105 gr"},"content":{"rendered":"<h3><strong>Filety z makreli Ubago Southern z oliw\u0105 z oliwek - tradycyjna jako\u015b\u0107 i smak<\/strong><\/h3>\n<p>Prosz\u0119 odkry\u0107 <strong>po\u0142udniowe filety z makreli w oliwie z oliwek z <a href=\"https:\/\/ubagogroup.com\/\" target=\"_blank\" rel=\"noopener noreferrer nofollow\">Ubago<\/a><\/strong>, przysmak bogaty w kwasy <a href=\"https:\/\/nutribiotica.es\/digestivo-y-nutricion\/omega-3-para-que-sirve\/\" target=\"_blank\" rel=\"noopener noreferrer nofollow\"><strong>omega-3<\/strong><\/a> i bia\u0142ka. Ta konserwa dla smakoszy oferuje makrel\u0119 z\u0142owion\u0105 u wybrze\u017cy Atlantyku i zapakowan\u0105 w <strong>oliw\u0119 z oliwek z pierwszego t\u0142oczenia<\/strong>, kt\u00f3ra wzmacnia jej smak i \u015bwie\u017co\u015b\u0107.<\/p>\n<p>Idealna do przygotowywania zdrowych przepis\u00f3w lub jako dodatek do sa\u0142atek i przek\u0105sek. Wi\u0119cej informacji o zaletach <strong>oliwy z oliwek z pierwszego t\u0142oczenia<\/strong> znajd\u0105 Pa\u0144stwo na <a href=\"https:\/\/latiendadesami.com\/category\/recetas\/\" rel=\"noopener noreferrer nofollow\" target=\"_blank\">naszym blogu o produktach dla smakoszy<\/a>. <\/p>\n<p><strong>Zam\u00f3w ju\u017c dzi\u015b i ciesz si\u0119 autentycznym smakiem po\u0142udniowych wybrze\u017cy.<\/strong> Je\u015bli podoba si\u0119 Pa\u0144stwu ten produkt, prosimy nie przegapi\u0107 naszej oferty <strong><a href=\"https:\/\/latiendadesami.com\/categoria-producto\/conservas\/\" rel=\"noopener noreferrer nofollow\" target=\"_blank\">przetwor\u00f3w dla smakoszy<\/a><\/strong> lub odkry\u0107 inne pyszne <strong><a href=\"https:\/\/latiendadesami.com\/categoria-producto\/queso-embutido\/\" rel=\"noopener noreferrer nofollow\" target=\"_blank\">typowe hiszpa\u0144skie produkty<\/a><\/strong> takich jak oliwy, wina, kie\u0142basy i wiele innych.<\/p>\n<p>Odwied\u017a nasz sklep i przenie\u015b to, co najlepsze w hiszpa\u0144skiej gastronomii na sw\u00f3j st\u00f3\u0142!<\/p>\n","protected":false},"excerpt":{"rendered":"<p>Filety z makreli Ubago Southern z oliw\u0105 z oliwek - tradycyjna jako\u015b\u0107 i smak<\/p>\n","protected":false},"featured_media":15142,"template":"","meta":{"_et_pb_use_builder":"","_et_pb_old_content":"","_et_gb_content_width":""},"product_brand":[],"product_cat":[8036,1969],"product_tag":[],"class_list":{"0":"post-19701","1":"product","2":"type-product","3":"status-publish","4":"has-post-thumbnail","6":"product_cat-kategoria-testowania","7":"product_cat-konserwy","9":"first","10":"instock","11":"taxable","12":"shipping-taxable","13":"purchasable","14":"product-type-variable"},"_links":{"self":[{"href":"https:\/\/myspainfood.com\/pl\/wp-json\/wp\/v2\/product\/19701","targetHints":{"allow":["GET"]}}],"collection":[{"href":"https:\/\/myspainfood.com\/pl\/wp-json\/wp\/v2\/product"}],"about":[{"href":"https:\/\/myspainfood.com\/pl\/wp-json\/wp\/v2\/types\/product"}],"wp:featuredmedia":[{"embeddable":true,"href":"https:\/\/myspainfood.com\/pl\/wp-json\/wp\/v2\/media\/15142"}],"wp:attachment":[{"href":"https:\/\/myspainfood.com\/pl\/wp-json\/wp\/v2\/media?parent=19701"}],"wp:term":[{"taxonomy":"product_brand","embeddable":true,"href":"https:\/\/myspainfood.com\/pl\/wp-json\/wp\/v2\/product_brand?post=19701"},{"taxonomy":"product_cat","embeddable":true,"href":"https:\/\/myspainfood.com\/pl\/wp-json\/wp\/v2\/product_cat?post=19701"},{"taxonomy":"product_tag","embeddable":true,"href":"https:\/\/myspainfood.com\/pl\/wp-json\/wp\/v2\/product_tag?post=19701"}],"curies":[{"name":"wp","href":"https:\/\/api.w.org\/{rel}","templated":true}]}}