{"id":19867,"date":"2025-04-10T12:16:17","date_gmt":"2025-04-10T10:16:17","guid":{"rendered":"https:\/\/myspainfood.com\/producto\/ser-poltwardy-san-isidro-3-kg-w-przyblizeniu\/"},"modified":"2026-01-30T14:34:23","modified_gmt":"2026-01-30T13:34:23","slug":"ser-poltwardy-san-isidro-3-kg-w-przyblizeniu","status":"publish","type":"product","link":"https:\/\/myspainfood.com\/pl\/producto\/ser-poltwardy-san-isidro-3-kg-w-przyblizeniu\/","title":{"rendered":"Ser p\u00f3\u0142twardy San Isidro - 3 kg (oko\u0142o)"},"content":{"rendered":"<h3><strong>Ser p\u00f3\u0142twardy San Isidro - 3 kg<\/strong><\/h3>\n<p><strong>Ser p\u00f3\u0142twardy San Isidro<\/strong> 3,4 kg to idealny wyb\u00f3r dla mi\u0142o\u015bnik\u00f3w tradycyjnego sera. Dzi\u0119ki zr\u00f3wnowa\u017conemu dojrzewaniu, jego kremowa konsystencja i \u0142agodny smak z intensywnymi akcentami sprawiaj\u0105, \u017ce jest idealny na ka\u017cd\u0105 okazj\u0119. <\/p>\n<h4><strong>G\u0142\u00f3wne cechy:<\/strong><\/h4>\n<ul>\n<li><strong>Idealna waga<\/strong>: 3,4 kg, zaprojektowana z my\u015bl\u0105 o dzieleniu si\u0119 lub korzystaniu z niej podczas du\u017cych imprez.<\/li>\n<li><strong>Produkcja rzemie\u015blnicza<\/strong>: poszanowanie lokalnych tradycji serowarskich.<\/li>\n<li><strong>Wyj\u0105tkowy smak<\/strong>: \u0142agodne mleczne nuty z punktem dojrza\u0142o\u015bci, kt\u00f3ry go wyr\u00f3\u017cnia.<\/li>\n<\/ul>\n<p>Podawa\u0107 z <a href=\"https:\/\/latiendadesami.com\/categoria-producto\/queso-embutido\/\" rel=\"noopener noreferrer nofollow\" target=\"_blank\">naszymi iberyjskimi w\u0119dlinami<\/a>, aby stworzy\u0107 idealn\u0105 desk\u0119 ser\u00f3w.<\/p>\n","protected":false},"excerpt":{"rendered":"<p>Ser p\u00f3\u0142twardy San Isidro - 3 kg Ser p\u00f3\u0142twardy San Isidro 3,4 kg to idealny wyb\u00f3r dla mi\u0142o\u015bnik\u00f3w tradycyjnego sera. Dzi\u0119ki zr\u00f3wnowa\u017conemu dojrzewaniu, jego kremowa konsystencja i \u0142agodny smak z intensywnymi akcentami sprawiaj\u0105, \u017ce jest idealny na ka\u017cd\u0105 okazj\u0119. G\u0142\u00f3wne cechy: Idealna waga: 3,4 kg, zaprojektowana z my\u015bl\u0105 o dzieleniu si\u0119 lub korzystaniu z niej [&hellip;]<\/p>\n","protected":false},"featured_media":15520,"template":"","meta":{"_et_pb_use_builder":"","_et_pb_old_content":"","_et_gb_content_width":""},"product_brand":[],"product_cat":[2245,5728],"product_tag":[],"class_list":{"0":"post-19867","1":"product","2":"type-product","3":"status-publish","4":"has-post-thumbnail","6":"product_cat-ser-i-kielbasa","7":"product_cat-utwardzanie-pl","9":"first","10":"instock","11":"taxable","12":"shipping-taxable","13":"purchasable","14":"product-type-variable"},"_links":{"self":[{"href":"https:\/\/myspainfood.com\/pl\/wp-json\/wp\/v2\/product\/19867","targetHints":{"allow":["GET"]}}],"collection":[{"href":"https:\/\/myspainfood.com\/pl\/wp-json\/wp\/v2\/product"}],"about":[{"href":"https:\/\/myspainfood.com\/pl\/wp-json\/wp\/v2\/types\/product"}],"wp:featuredmedia":[{"embeddable":true,"href":"https:\/\/myspainfood.com\/pl\/wp-json\/wp\/v2\/media\/15520"}],"wp:attachment":[{"href":"https:\/\/myspainfood.com\/pl\/wp-json\/wp\/v2\/media?parent=19867"}],"wp:term":[{"taxonomy":"product_brand","embeddable":true,"href":"https:\/\/myspainfood.com\/pl\/wp-json\/wp\/v2\/product_brand?post=19867"},{"taxonomy":"product_cat","embeddable":true,"href":"https:\/\/myspainfood.com\/pl\/wp-json\/wp\/v2\/product_cat?post=19867"},{"taxonomy":"product_tag","embeddable":true,"href":"https:\/\/myspainfood.com\/pl\/wp-json\/wp\/v2\/product_tag?post=19867"}],"curies":[{"name":"wp","href":"https:\/\/api.w.org\/{rel}","templated":true}]}}