{"id":19968,"date":"2025-04-10T12:16:17","date_gmt":"2025-04-10T10:16:17","guid":{"rendered":"https:\/\/myspainfood.com\/producto\/surowy-ser-z-mleka-owczego-flor-esgueva-1-kg\/"},"modified":"2026-01-30T14:35:29","modified_gmt":"2026-01-30T13:35:29","slug":"surowy-ser-z-mleka-owczego-flor-esgueva-1-kg","status":"publish","type":"product","link":"https:\/\/myspainfood.com\/pl\/producto\/surowy-ser-z-mleka-owczego-flor-esgueva-1-kg\/","title":{"rendered":"Surowy ser z mleka owczego - Flor Esgueva - 1 kg"},"content":{"rendered":"<h3><strong>Surowy ser z mleka owczego - Flor Esgueva - 1 kg<\/strong><\/h3>\n<p><strong>Surowy ser z mleka owczego - Flor Esgueva<\/strong>, jest punktem odniesienia dla hiszpa\u0144skich ser\u00f3w rzemie\u015blniczych. Wyprodukowany z surowego mleka od wyselekcjonowanych owiec, wyr\u00f3\u017cnia si\u0119 j\u0119drn\u0105 konsystencj\u0105, intensywnym aromatem i smakiem, kt\u00f3ry \u0142\u0105czy mleczne nuty z doskona\u0142\u0105 nut\u0105 dojrza\u0142o\u015bci. <\/p>\n<h4><strong>Dlaczego warto wybra\u0107 Flor Esgueva?<\/strong><\/h4>\n<ul>\n<li><strong>Surowe mleko owcze<\/strong>: autentyczny smak i nienaruszone naturalne w\u0142a\u015bciwo\u015bci.<\/li>\n<li><strong>Tradycyjne dojrzewanie<\/strong>: wzmocnione w piwnicach dla unikalnego profilu smakowego.<\/li>\n<li><strong>Idealny rozmiar<\/strong>: idealny do dzielenia si\u0119 lub wykorzystania w r\u00f3\u017cnych przepisach.<\/li>\n<\/ul>\n","protected":false},"excerpt":{"rendered":"<p>Surowy ser z mleka owczego - Flor Esgueva - 1 kg Surowy ser z mleka owczego - Flor Esgueva, jest punktem odniesienia dla hiszpa\u0144skich ser\u00f3w rzemie\u015blniczych. Wyprodukowany z surowego mleka od wyselekcjonowanych owiec, wyr\u00f3\u017cnia si\u0119 j\u0119drn\u0105 konsystencj\u0105, intensywnym aromatem i smakiem, kt\u00f3ry \u0142\u0105czy mleczne nuty z doskona\u0142\u0105 nut\u0105 dojrza\u0142o\u015bci. Dlaczego warto wybra\u0107 Flor Esgueva? Surowe [&hellip;]<\/p>\n","protected":false},"featured_media":15565,"template":"","meta":{"_et_pb_use_builder":"","_et_pb_old_content":"","_et_gb_content_width":""},"product_brand":[],"product_cat":[2245],"product_tag":[],"class_list":{"0":"post-19968","1":"product","2":"type-product","3":"status-publish","4":"has-post-thumbnail","6":"product_cat-ser-i-kielbasa","8":"first","9":"outofstock","10":"taxable","11":"shipping-taxable","12":"product-type-variable"},"_links":{"self":[{"href":"https:\/\/myspainfood.com\/pl\/wp-json\/wp\/v2\/product\/19968","targetHints":{"allow":["GET"]}}],"collection":[{"href":"https:\/\/myspainfood.com\/pl\/wp-json\/wp\/v2\/product"}],"about":[{"href":"https:\/\/myspainfood.com\/pl\/wp-json\/wp\/v2\/types\/product"}],"wp:featuredmedia":[{"embeddable":true,"href":"https:\/\/myspainfood.com\/pl\/wp-json\/wp\/v2\/media\/15565"}],"wp:attachment":[{"href":"https:\/\/myspainfood.com\/pl\/wp-json\/wp\/v2\/media?parent=19968"}],"wp:term":[{"taxonomy":"product_brand","embeddable":true,"href":"https:\/\/myspainfood.com\/pl\/wp-json\/wp\/v2\/product_brand?post=19968"},{"taxonomy":"product_cat","embeddable":true,"href":"https:\/\/myspainfood.com\/pl\/wp-json\/wp\/v2\/product_cat?post=19968"},{"taxonomy":"product_tag","embeddable":true,"href":"https:\/\/myspainfood.com\/pl\/wp-json\/wp\/v2\/product_tag?post=19968"}],"curies":[{"name":"wp","href":"https:\/\/api.w.org\/{rel}","templated":true}]}}