{"id":20064,"date":"2025-04-10T12:16:18","date_gmt":"2025-04-10T10:16:18","guid":{"rendered":"https:\/\/myspainfood.com\/producto\/sardynki-w-oleju-slonecznikowym-rias-baixas-855-g\/"},"modified":"2026-01-30T14:37:00","modified_gmt":"2026-01-30T13:37:00","slug":"sardynki-w-oleju-slonecznikowym-rias-baixas-855-g","status":"publish","type":"product","link":"https:\/\/myspainfood.com\/pl\/producto\/sardynki-w-oleju-slonecznikowym-rias-baixas-855-g\/","title":{"rendered":"Sardynki w oleju s\u0142onecznikowym - Rias Baixas - 855 g"},"content":{"rendered":"<h3><strong>Sardynki w oleju s\u0142onecznikowym - R\u00edas Baixas - 855 g<\/strong><\/h3>\n<p><strong>Sardynki w oleju s\u0142onecznikowym z R\u00edas Baixas<\/strong> s\u0105 starannie selekcjonowane i pakowane, aby zachowa\u0107 ich \u015bwie\u017co\u015b\u0107 i naturalny smak, dzi\u0119ki czemu mog\u0105 Pa\u0144stwo cieszy\u0107 si\u0119 ca\u0142ym ich aromatem. Idealnie nadaj\u0105 si\u0119 do sa\u0142atek, przystawek lub tradycyjnych przepis\u00f3w i wyr\u00f3\u017cniaj\u0105 si\u0119 delikatn\u0105 konsystencj\u0105 i wy\u015bmienitym smakiem w ustach. <\/p>\n<p>Prosz\u0119 si\u0119 nie waha\u0107 i zafundowa\u0107 sobie najlepsze sardynki. Prosz\u0119 odkry\u0107 nasz wyb\u00f3r <a href=\"https:\/\/latiendadesami.com\/categoria-producto\/conservas\/\" target=\"_blank\" rel=\"noopener noreferrer nofollow\"><b>\u017cywno\u015b\u0107 w puszkach<\/b> <\/a>  <\/p>\n<h4><strong>Dlaczego warto je wybra\u0107?<\/strong><\/h4>\n<ul>\n<li><strong>Gwarantowane pochodzenie!<\/strong>  Z\u0142owione w czystych, bogatych wodach Atlantyku, w R\u00edas Baixas w Galicji.<\/li>\n<li><strong>Wysokiej jako\u015bci olej s\u0142onecznikowy, kt\u00f3ry zapewnia<\/strong>g\u0142adko\u015b\u0107 i r\u00f3wnowag\u0119 smaku.<\/li>\n<li><strong>Format<\/strong>: puszka 855 g, idealna dla rodzin lub na specjalne okazje.<\/li>\n<\/ul>\n","protected":false},"excerpt":{"rendered":"<p>Sardynki w oleju s\u0142onecznikowym - R\u00edas Baixas - 855 g Sardynki w oleju s\u0142onecznikowym z R\u00edas Baixas s\u0105 starannie selekcjonowane i pakowane, aby zachowa\u0107 ich \u015bwie\u017co\u015b\u0107 i naturalny smak, dzi\u0119ki czemu mog\u0105 Pa\u0144stwo cieszy\u0107 si\u0119 ca\u0142ym ich aromatem. Idealnie nadaj\u0105 si\u0119 do sa\u0142atek, przystawek lub tradycyjnych przepis\u00f3w i wyr\u00f3\u017cniaj\u0105 si\u0119 delikatn\u0105 konsystencj\u0105 i wy\u015bmienitym smakiem [&hellip;]<\/p>\n","protected":false},"featured_media":15547,"template":"","meta":{"_et_pb_use_builder":"","_et_pb_old_content":"","_et_gb_content_width":""},"product_brand":[],"product_cat":[1969],"product_tag":[],"class_list":{"0":"post-20064","1":"product","2":"type-product","3":"status-publish","4":"has-post-thumbnail","6":"product_cat-konserwy","8":"first","9":"outofstock","10":"taxable","11":"shipping-taxable","12":"product-type-variable"},"_links":{"self":[{"href":"https:\/\/myspainfood.com\/pl\/wp-json\/wp\/v2\/product\/20064","targetHints":{"allow":["GET"]}}],"collection":[{"href":"https:\/\/myspainfood.com\/pl\/wp-json\/wp\/v2\/product"}],"about":[{"href":"https:\/\/myspainfood.com\/pl\/wp-json\/wp\/v2\/types\/product"}],"wp:featuredmedia":[{"embeddable":true,"href":"https:\/\/myspainfood.com\/pl\/wp-json\/wp\/v2\/media\/15547"}],"wp:attachment":[{"href":"https:\/\/myspainfood.com\/pl\/wp-json\/wp\/v2\/media?parent=20064"}],"wp:term":[{"taxonomy":"product_brand","embeddable":true,"href":"https:\/\/myspainfood.com\/pl\/wp-json\/wp\/v2\/product_brand?post=20064"},{"taxonomy":"product_cat","embeddable":true,"href":"https:\/\/myspainfood.com\/pl\/wp-json\/wp\/v2\/product_cat?post=20064"},{"taxonomy":"product_tag","embeddable":true,"href":"https:\/\/myspainfood.com\/pl\/wp-json\/wp\/v2\/product_tag?post=20064"}],"curies":[{"name":"wp","href":"https:\/\/api.w.org\/{rel}","templated":true}]}}