{"id":20262,"date":"2025-04-10T12:10:56","date_gmt":"2025-04-10T10:10:56","guid":{"rendered":"https:\/\/myspainfood.com\/producto\/oliwka-sabrosita-aguedo-2-kg-wagi-netto\/"},"modified":"2025-04-10T12:10:56","modified_gmt":"2025-04-10T10:10:56","slug":"oliwka-sabrosita-aguedo-2-kg-wagi-netto","status":"publish","type":"product","link":"https:\/\/myspainfood.com\/pl\/producto\/oliwka-sabrosita-aguedo-2-kg-wagi-netto\/","title":{"rendered":"Oliwka Sabrosita Aguedo 2 kg wagi netto"},"content":{"rendered":"<p>W ACEITUNAS AGUEDO gwarantujemy Pa\u0144stwu doskona\u0142o\u015b\u0107 naszych produkt\u00f3w, \u0142\u0105cz\u0105c tradycj\u0119 z nowymi technologiami. Oferujemy Pa\u0144stwu profesjonalizm firmy rodzinnej, kt\u00f3ra stale si\u0119 rozwija, a zadowolenie naszych klient\u00f3w jest naszym jedynym celem. <\/p>\n<p>Nadzorujemy wszystkie procesy produkcyjne od pocz\u0105tku do ko\u0144ca, jest to jedyny spos\u00f3b na osi\u0105gni\u0119cie MAKSYMALNYCH produkt\u00f3w.<\/p>\n","protected":false},"excerpt":{"rendered":"<p>W ACEITUNAS AGUEDO gwarantujemy Pa\u0144stwu doskona\u0142o\u015b\u0107 naszych produkt\u00f3w, \u0142\u0105cz\u0105c tradycj\u0119 z nowymi technologiami. Oferujemy Pa\u0144stwu profesjonalizm firmy rodzinnej, kt\u00f3ra stale si\u0119 rozwija, a zadowolenie naszych klient\u00f3w jest naszym jedynym celem. Nadzorujemy wszystkie procesy produkcyjne od pocz\u0105tku do ko\u0144ca, jest to jedyny spos\u00f3b na osi\u0105gni\u0119cie MAKSYMALNYCH produkt\u00f3w.<\/p>\n","protected":false},"featured_media":13306,"template":"","meta":{"_et_pb_use_builder":"","_et_pb_old_content":"","_et_gb_content_width":""},"product_brand":[1397],"product_cat":[1567,1566],"product_tag":[2052],"class_list":{"0":"post-20262","1":"product","2":"type-product","3":"status-publish","4":"has-post-thumbnail","6":"product_brand-aguedo","7":"product_cat-oliwki","8":"product_cat-pikle","9":"product_tag-rumianek","11":"first","12":"outofstock","13":"taxable","14":"shipping-taxable","15":"purchasable","16":"product-type-simple"},"_links":{"self":[{"href":"https:\/\/myspainfood.com\/pl\/wp-json\/wp\/v2\/product\/20262","targetHints":{"allow":["GET"]}}],"collection":[{"href":"https:\/\/myspainfood.com\/pl\/wp-json\/wp\/v2\/product"}],"about":[{"href":"https:\/\/myspainfood.com\/pl\/wp-json\/wp\/v2\/types\/product"}],"wp:featuredmedia":[{"embeddable":true,"href":"https:\/\/myspainfood.com\/pl\/wp-json\/wp\/v2\/media\/13306"}],"wp:attachment":[{"href":"https:\/\/myspainfood.com\/pl\/wp-json\/wp\/v2\/media?parent=20262"}],"wp:term":[{"taxonomy":"product_brand","embeddable":true,"href":"https:\/\/myspainfood.com\/pl\/wp-json\/wp\/v2\/product_brand?post=20262"},{"taxonomy":"product_cat","embeddable":true,"href":"https:\/\/myspainfood.com\/pl\/wp-json\/wp\/v2\/product_cat?post=20262"},{"taxonomy":"product_tag","embeddable":true,"href":"https:\/\/myspainfood.com\/pl\/wp-json\/wp\/v2\/product_tag?post=20262"}],"curies":[{"name":"wp","href":"https:\/\/api.w.org\/{rel}","templated":true}]}}