{"id":20614,"date":"2025-04-10T12:11:04","date_gmt":"2025-04-10T10:11:04","guid":{"rendered":"https:\/\/myspainfood.com\/producto\/schab-wieprzowy-rasy-iberyjskiej-fili-500-gramow-ok\/"},"modified":"2025-06-24T13:17:57","modified_gmt":"2025-06-24T11:17:57","slug":"schab-wieprzowy-rasy-iberyjskiej-fili-500-gramow-ok","status":"publish","type":"product","link":"https:\/\/myspainfood.com\/pl\/producto\/schab-wieprzowy-rasy-iberyjskiej-fili-500-gramow-ok\/","title":{"rendered":"Schab wieprzowy rasy iberyjskiej FILI 500 gram\u00f3w ok."},"content":{"rendered":"<p>Tradycyjny produkt najwy\u017cszej jako\u015bci wytwarzany z wyselekcjonowanego najlepszego chudego mi\u0119sa iberyjskiego, przygotowywany z naturalnymi przyprawami.<\/p>\n","protected":false},"excerpt":{"rendered":"<p>Tradycyjny produkt najwy\u017cszej jako\u015bci wytwarzany z wyselekcjonowanego najlepszego chudego mi\u0119sa iberyjskiego, przygotowywany z naturalnymi przyprawami.<\/p>\n","protected":false},"featured_media":13432,"template":"","meta":{"_et_pb_use_builder":"","_et_pb_old_content":"","_et_gb_content_width":""},"product_brand":[],"product_cat":[2246,2245,1836],"product_tag":[],"class_list":{"0":"post-20614","1":"product","2":"type-product","3":"status-publish","4":"has-post-thumbnail","6":"product_cat-kielbasa","7":"product_cat-ser-i-kielbasa","8":"product_cat-zimno","9":"product_shipping_class-wysylka-na-zimno","11":"first","12":"outofstock","13":"taxable","14":"shipping-taxable","15":"purchasable","16":"product-type-simple"},"_links":{"self":[{"href":"https:\/\/myspainfood.com\/pl\/wp-json\/wp\/v2\/product\/20614","targetHints":{"allow":["GET"]}}],"collection":[{"href":"https:\/\/myspainfood.com\/pl\/wp-json\/wp\/v2\/product"}],"about":[{"href":"https:\/\/myspainfood.com\/pl\/wp-json\/wp\/v2\/types\/product"}],"wp:featuredmedia":[{"embeddable":true,"href":"https:\/\/myspainfood.com\/pl\/wp-json\/wp\/v2\/media\/13432"}],"wp:attachment":[{"href":"https:\/\/myspainfood.com\/pl\/wp-json\/wp\/v2\/media?parent=20614"}],"wp:term":[{"taxonomy":"product_brand","embeddable":true,"href":"https:\/\/myspainfood.com\/pl\/wp-json\/wp\/v2\/product_brand?post=20614"},{"taxonomy":"product_cat","embeddable":true,"href":"https:\/\/myspainfood.com\/pl\/wp-json\/wp\/v2\/product_cat?post=20614"},{"taxonomy":"product_tag","embeddable":true,"href":"https:\/\/myspainfood.com\/pl\/wp-json\/wp\/v2\/product_tag?post=20614"}],"curies":[{"name":"wp","href":"https:\/\/api.w.org\/{rel}","templated":true}]}}