{"id":21097,"date":"2025-04-10T12:10:26","date_gmt":"2025-04-10T10:10:26","guid":{"rendered":"https:\/\/myspainfood.com\/producto\/bocaditos-bacalao-salados\/"},"modified":"2025-06-24T13:15:32","modified_gmt":"2025-06-24T11:15:32","slug":"bocaditos-bacalao-salados","status":"publish","type":"product","link":"https:\/\/myspainfood.com\/pl\/producto\/bocaditos-bacalao-salados\/","title":{"rendered":"Bocaditos Bacalao Salados"},"content":{"rendered":"<p style=\"text-align: left\">&#8222;Dorsz to potoczna nazwa kilku gatunk\u00f3w ryb z rodzaju Gadus, chocia\u017c niekt\u00f3re z tego samego rodzaju mog\u0105 mie\u0107 inne nazwy. Najpopularniejszym gatunkiem jest dorsz atlantycki<strong>(Gadus morhua<\/strong> lub dorsz pospolity). Jest to jedna z najbardziej znanych ryb na \u015bwiecie i jest ceniona za sw\u00f3j wspania\u0142y smak.  <\/p>\n<h6 style=\"text-align: left\"><u>WARTO\u015a\u0106 OD\u017bYWCZA<\/u><\/h6>\n<p>Z \u017cywieniowego punktu widzenia dorsz jest pokarmem bogatym w bia\u0142ka o wysokiej warto\u015bci biologicznej i strawno\u015bci, o niskiej zawarto\u015bci t\u0142uszczu i kalorii. Jego zawarto\u015b\u0107 wody wynosi oko\u0142o 80% (w \u015bwie\u017cym dorszu) i jest dobrym \u017ar\u00f3d\u0142em witamin (g\u0142\u00f3wnie z grupy B) i soli mineralnych niezb\u0119dnych dla organizmu. \u015awie\u017cy lub odsolony dorsz mo\u017ce by\u0107 spo\u017cywany przez osoby z wysokim ci\u015bnieniem krwi, poniewa\u017c ma nisk\u0105 zawarto\u015b\u0107 sodu i jest bogaty w potas.  <\/p>\n","protected":false},"excerpt":{"rendered":"<p>&#8222;Dorsz to potoczna nazwa kilku gatunk\u00f3w ryb z rodzaju Gadus, chocia\u017c niekt\u00f3re z tego samego rodzaju mog\u0105 mie\u0107 inne nazwy. Najpopularniejszym gatunkiem jest dorsz atlantycki(Gadus morhua lub dorsz pospolity). Jest to jedna z najbardziej znanych ryb na \u015bwiecie i jest ceniona za sw\u00f3j wspania\u0142y smak. WARTO\u015a\u0106 OD\u017bYWCZA Z \u017cywieniowego punktu widzenia dorsz jest pokarmem bogatym [&hellip;]<\/p>\n","protected":false},"featured_media":12784,"template":"","meta":{"_et_pb_use_builder":"","_et_pb_old_content":"","_et_gb_content_width":""},"product_brand":[1290],"product_cat":[3558,1836],"product_tag":[],"class_list":{"0":"post-21097","1":"product","2":"type-product","3":"status-publish","4":"has-post-thumbnail","6":"product_brand-la-barajilla","7":"product_cat-dorsz","8":"product_cat-zimno","9":"product_shipping_class-wysylka-na-zimno","11":"first","12":"outofstock","13":"taxable","14":"shipping-taxable","15":"purchasable","16":"product-type-simple"},"_links":{"self":[{"href":"https:\/\/myspainfood.com\/pl\/wp-json\/wp\/v2\/product\/21097","targetHints":{"allow":["GET"]}}],"collection":[{"href":"https:\/\/myspainfood.com\/pl\/wp-json\/wp\/v2\/product"}],"about":[{"href":"https:\/\/myspainfood.com\/pl\/wp-json\/wp\/v2\/types\/product"}],"wp:featuredmedia":[{"embeddable":true,"href":"https:\/\/myspainfood.com\/pl\/wp-json\/wp\/v2\/media\/12784"}],"wp:attachment":[{"href":"https:\/\/myspainfood.com\/pl\/wp-json\/wp\/v2\/media?parent=21097"}],"wp:term":[{"taxonomy":"product_brand","embeddable":true,"href":"https:\/\/myspainfood.com\/pl\/wp-json\/wp\/v2\/product_brand?post=21097"},{"taxonomy":"product_cat","embeddable":true,"href":"https:\/\/myspainfood.com\/pl\/wp-json\/wp\/v2\/product_cat?post=21097"},{"taxonomy":"product_tag","embeddable":true,"href":"https:\/\/myspainfood.com\/pl\/wp-json\/wp\/v2\/product_tag?post=21097"}],"curies":[{"name":"wp","href":"https:\/\/api.w.org\/{rel}","templated":true}]}}