{"id":21290,"date":"2025-04-10T12:10:23","date_gmt":"2025-04-10T10:10:23","guid":{"rendered":"https:\/\/myspainfood.com\/producto\/salatka-z-papryki-piquillo-15-kg\/"},"modified":"2025-04-10T12:10:23","modified_gmt":"2025-04-10T10:10:23","slug":"salatka-z-papryki-piquillo-15-kg","status":"publish","type":"product","link":"https:\/\/myspainfood.com\/pl\/producto\/salatka-z-papryki-piquillo-15-kg\/","title":{"rendered":"Sa\u0142atka z papryki piquillo 1,5 kg"},"content":{"rendered":"<p>Sa\u0142atka <a href=\"https:\/\/www.alsurvegetales.com\/producto\/id\/35\/pimiento-del-piquillo\" target=\"_blank\" rel=\"noopener noreferrer nofollow\">Alsur<\/a> z papryk\u0105 piquillo jest przygotowywana ze s\u0142odkiej papryki konserwowej.<\/p>\n<p>Papryka ta s\u0142ynie z wysokiej jako\u015bci i wyj\u0105tkowego smaku z nut\u0105 pikanterii.<\/p>\n<p>Charakteryzuj\u0105 si\u0119 r\u00f3wnie\u017c intensywnym czerwonym kolorem, unikaln\u0105 tekstur\u0105, rozmiarem i szczeg\u00f3lnym wyd\u0142u\u017conym tr\u00f3jk\u0105tnym kszta\u0142tem.<\/p>\n<p>Sk\u0142adniki: Papryka Piquillo, cebula, woda, cukier, s\u00f3l, ocet i kwas cytrynowy.<\/p>\n<p>Waga netto garnka wynosi 410 gram\u00f3w.<\/p>\n<p>Przechowywa\u0107 w ch\u0142odnym, suchym miejscu. Po otwarciu prze\u0142o\u017cy\u0107 do niemetalowego pojemnika, przechowywa\u0107 w lod\u00f3wce i spo\u017cy\u0107 w ci\u0105gu 7 dni. <\/p>\n<p>Alsur to firma rodzinna, w kt\u00f3rej g\u0142\u00f3wnym bohaterem jest esencja jedzenia.<\/p>\n<h4>G\u0142\u00f3wne zalety \u017cywno\u015bci w puszkach<\/h4>\n<ol>\n<li>Zachowuj\u0105 one wszystkie w\u0142a\u015bciwo\u015bci od\u017cywcze samej \u017cywno\u015bci. \u017bywno\u015b\u0107 zachowuje swoj\u0105 \u015bwie\u017co\u015b\u0107. <\/li>\n<li>Stosowana \u017cywno\u015b\u0107 jest zdrowa i dlatego nadaje si\u0119 do optymalnej diety ze wzgl\u0119du na wysok\u0105 zawarto\u015b\u0107 witamin i bia\u0142ka.<\/li>\n<li>Produkty te maj\u0105 d\u0142u\u017csz\u0105 \u017cywotno\u015b\u0107 (typowo 2-5 lat).<\/li>\n<li>Przetwory s\u0105 bardzo \u0142atwe w przechowywaniu, poniewa\u017c ich opakowanie jest \u0142atwe do na\u0142o\u017cenia.<\/li>\n<\/ol>\n<p>Je\u015bli chc\u0105 Pa\u0144stwo kupi\u0107 sa\u0142atk\u0119 paprykow\u0105 z tu\u0144czykiem lub inny rodzaj <a href=\"https:\/\/latiendadesami.com\/categoria-producto\/conservas\/\" rel=\"noopener noreferrer nofollow\" target=\"_blank\">\u017cywno\u015bci w puszkach<\/a>, prosz\u0119 nie waha\u0107 si\u0119 i zajrze\u0107 do naszego katalogu online, aby zapozna\u0107 si\u0119 z szerokim wyborem <a href=\"https:\/\/latiendadesami.com\/categoria-producto\/conservas\/atun-y-bonito\/\" target=\"_blank\" rel=\"noopener noreferrer nofollow\">tu\u0144czyka<\/a>, kt\u00f3ry posiadamy.<\/p>\n<p>Prosz\u0119 napisa\u0107 do nas, aby uzyska\u0107 wi\u0119cej informacji.<\/p>\n","protected":false},"excerpt":{"rendered":"<p>Sa\u0142atka Alsur z papryk\u0105 piquillo jest przygotowywana ze s\u0142odkiej papryki konserwowej. Papryka ta s\u0142ynie z wysokiej jako\u015bci i wyj\u0105tkowego smaku z nut\u0105 pikanterii. Charakteryzuj\u0105 si\u0119 r\u00f3wnie\u017c intensywnym czerwonym kolorem, unikaln\u0105 tekstur\u0105, rozmiarem i szczeg\u00f3lnym wyd\u0142u\u017conym tr\u00f3jk\u0105tnym kszta\u0142tem. Sk\u0142adniki: Papryka Piquillo, cebula, woda, cukier, s\u00f3l, ocet i kwas cytrynowy. Waga netto garnka wynosi 410 gram\u00f3w. Przechowywa\u0107 [&hellip;]<\/p>\n","protected":false},"featured_media":12721,"template":"","meta":{"_et_pb_use_builder":"","_et_pb_old_content":"","_et_gb_content_width":""},"product_brand":[1196],"product_cat":[1969,2311,3707],"product_tag":[],"class_list":{"0":"post-21290","1":"product","2":"type-product","3":"status-publish","4":"has-post-thumbnail","6":"product_brand-alsur","7":"product_cat-konserwy","8":"product_cat-papryka","9":"product_cat-warzywa","11":"first","12":"outofstock","13":"taxable","14":"shipping-taxable","15":"purchasable","16":"product-type-simple"},"_links":{"self":[{"href":"https:\/\/myspainfood.com\/pl\/wp-json\/wp\/v2\/product\/21290","targetHints":{"allow":["GET"]}}],"collection":[{"href":"https:\/\/myspainfood.com\/pl\/wp-json\/wp\/v2\/product"}],"about":[{"href":"https:\/\/myspainfood.com\/pl\/wp-json\/wp\/v2\/types\/product"}],"wp:featuredmedia":[{"embeddable":true,"href":"https:\/\/myspainfood.com\/pl\/wp-json\/wp\/v2\/media\/12721"}],"wp:attachment":[{"href":"https:\/\/myspainfood.com\/pl\/wp-json\/wp\/v2\/media?parent=21290"}],"wp:term":[{"taxonomy":"product_brand","embeddable":true,"href":"https:\/\/myspainfood.com\/pl\/wp-json\/wp\/v2\/product_brand?post=21290"},{"taxonomy":"product_cat","embeddable":true,"href":"https:\/\/myspainfood.com\/pl\/wp-json\/wp\/v2\/product_cat?post=21290"},{"taxonomy":"product_tag","embeddable":true,"href":"https:\/\/myspainfood.com\/pl\/wp-json\/wp\/v2\/product_tag?post=21290"}],"curies":[{"name":"wp","href":"https:\/\/api.w.org\/{rel}","templated":true}]}}