{"id":21466,"date":"2025-04-10T12:10:29","date_gmt":"2025-04-10T10:10:29","guid":{"rendered":"https:\/\/myspainfood.com\/producto\/kawalki-tunczyka-areoso-120gr-250-sztuk\/"},"modified":"2025-09-02T10:50:11","modified_gmt":"2025-09-02T08:50:11","slug":"kawalki-tunczyka-areoso-120gr-250-sztuk","status":"publish","type":"product","link":"https:\/\/myspainfood.com\/pl\/producto\/kawalki-tunczyka-areoso-120gr-250-sztuk\/","title":{"rendered":"Kawa\u0142ki tu\u0144czyka Areoso 120gr 250 sztuk"},"content":{"rendered":"<p>Specyfikacja: Brzuch tu\u0144czyka \u017c\u00f3\u0142top\u0142etwego (Thunnus albacares) w oleju s\u0142onecznikowym.<\/p>\n<p>Sk\u0142adniki: Brzuch tu\u0144czyka \u017c\u00f3\u0142top\u0142etwego 65,2%, olej s\u0142onecznikowy 34,8%, s\u00f3l.<\/p>\n<p>Proces produkcji: Obszar brzuszny tu\u0144czyka \u017c\u00f3\u0142top\u0142etwego jest jednym z najbardziej cenionych ze wzgl\u0119du na wspania\u0142y smak i g\u0142adk\u0105 tekstur\u0119. Kawa\u0142ki tu\u0144czyka brzusznego docieraj\u0105 do fabryki i s\u0105 przetwarzane w ca\u0142kowicie tradycyjny spos\u00f3b. Po ugotowaniu s\u0105 one czyszczone i r\u0119cznie dzielone na cienkie plastry o jednolitej wielko\u015bci. S\u0105 one pakowane do puszek, a oliwa z oliwek jest dodawana jako p\u0142yn pokrywaj\u0105cy, kt\u00f3ry niew\u0105tpliwie wzmocni pe\u0142ny smak tego wysoko cenionego produktu. Nast\u0119pnie puszki s\u0105 zamykane i sterylizowane, co jest rygorystycznie kontrolowanym procesem, kt\u00f3ry gwarantuje jako\u015b\u0107 i zachowanie produktu przez lata bez dodatku sztucznych konserwant\u00f3w.    <\/p>\n<p>Prosz\u0119 napisa\u0107 do nas, aby uzyska\u0107 wi\u0119cej informacji.<\/p>\n","protected":false},"excerpt":{"rendered":"<p>Specyfikacja: Brzuch tu\u0144czyka \u017c\u00f3\u0142top\u0142etwego (Thunnus albacares) w oleju s\u0142onecznikowym. Sk\u0142adniki: Brzuch tu\u0144czyka \u017c\u00f3\u0142top\u0142etwego 65,2%, olej s\u0142onecznikowy 34,8%, s\u00f3l. Proces produkcji: Obszar brzuszny tu\u0144czyka \u017c\u00f3\u0142top\u0142etwego jest jednym z najbardziej cenionych ze wzgl\u0119du na wspania\u0142y smak i g\u0142adk\u0105 tekstur\u0119. Kawa\u0142ki tu\u0144czyka brzusznego docieraj\u0105 do fabryki i s\u0105 przetwarzane w ca\u0142kowicie tradycyjny spos\u00f3b. Po ugotowaniu s\u0105 one czyszczone [&hellip;]<\/p>\n","protected":false},"featured_media":12847,"template":"","meta":{"_et_pb_use_builder":"","_et_pb_old_content":"","_et_gb_content_width":""},"product_brand":[1358],"product_cat":[3252,2921],"product_tag":[],"class_list":{"0":"post-21466","1":"product","2":"type-product","3":"status-publish","4":"has-post-thumbnail","6":"product_brand-areoso","7":"product_cat-konserwy-pl-2","8":"product_cat-sprzedaz-hurtowa","10":"first","11":"outofstock","12":"taxable","13":"shipping-taxable","14":"product-type-variable"},"_links":{"self":[{"href":"https:\/\/myspainfood.com\/pl\/wp-json\/wp\/v2\/product\/21466","targetHints":{"allow":["GET"]}}],"collection":[{"href":"https:\/\/myspainfood.com\/pl\/wp-json\/wp\/v2\/product"}],"about":[{"href":"https:\/\/myspainfood.com\/pl\/wp-json\/wp\/v2\/types\/product"}],"wp:featuredmedia":[{"embeddable":true,"href":"https:\/\/myspainfood.com\/pl\/wp-json\/wp\/v2\/media\/12847"}],"wp:attachment":[{"href":"https:\/\/myspainfood.com\/pl\/wp-json\/wp\/v2\/media?parent=21466"}],"wp:term":[{"taxonomy":"product_brand","embeddable":true,"href":"https:\/\/myspainfood.com\/pl\/wp-json\/wp\/v2\/product_brand?post=21466"},{"taxonomy":"product_cat","embeddable":true,"href":"https:\/\/myspainfood.com\/pl\/wp-json\/wp\/v2\/product_cat?post=21466"},{"taxonomy":"product_tag","embeddable":true,"href":"https:\/\/myspainfood.com\/pl\/wp-json\/wp\/v2\/product_tag?post=21466"}],"curies":[{"name":"wp","href":"https:\/\/api.w.org\/{rel}","templated":true}]}}