{"id":21534,"date":"2025-04-10T12:10:34","date_gmt":"2025-04-10T10:10:34","guid":{"rendered":"https:\/\/myspainfood.com\/producto\/iberyjskie-chorizo-extra-fili-500-gramow-salamanca\/"},"modified":"2026-01-29T11:15:24","modified_gmt":"2026-01-29T10:15:24","slug":"iberyjskie-chorizo-extra-fili-500-gramow-salamanca","status":"publish","type":"product","link":"https:\/\/myspainfood.com\/pl\/producto\/iberyjskie-chorizo-extra-fili-500-gramow-salamanca\/","title":{"rendered":"Iberyjskie Chorizo Extra Fili 500 gram\u00f3w Salamanca"},"content":{"rendered":"<p>Tradycyjny produkt najwy\u017cszej jako\u015bci wytwarzany z wyselekcjonowanego najlepszego chudego mi\u0119sa iberyjskiego, papryki, czosnku&#8230;<\/p>\n<p>Prezentacja: naturalna os\u0142onka wieprzowa, pakowana pr\u00f3\u017cniowo w ca\u0142ych kawa\u0142kach lub po\u0142\u00f3wkach.<\/p>\n","protected":false},"excerpt":{"rendered":"<p>Tradycyjny produkt najwy\u017cszej jako\u015bci wytwarzany z wyselekcjonowanego najlepszego chudego mi\u0119sa iberyjskiego, papryki, czosnku&#8230; Prezentacja: naturalna os\u0142onka wieprzowa, pakowana pr\u00f3\u017cniowo w ca\u0142ych kawa\u0142kach lub po\u0142\u00f3wkach.<\/p>\n","protected":false},"featured_media":13108,"template":"","meta":{"_et_pb_use_builder":"","_et_pb_old_content":"","_et_gb_content_width":""},"product_brand":[1388],"product_cat":[2246,2245,1836],"product_tag":[],"class_list":{"0":"post-21534","1":"product","2":"type-product","3":"status-publish","4":"has-post-thumbnail","6":"product_brand-fili","7":"product_cat-kielbasa","8":"product_cat-ser-i-kielbasa","9":"product_cat-zimno","10":"product_shipping_class-wysylka-na-zimno","12":"first","13":"instock","14":"featured","15":"taxable","16":"shipping-taxable","17":"purchasable","18":"product-type-variable"},"_links":{"self":[{"href":"https:\/\/myspainfood.com\/pl\/wp-json\/wp\/v2\/product\/21534","targetHints":{"allow":["GET"]}}],"collection":[{"href":"https:\/\/myspainfood.com\/pl\/wp-json\/wp\/v2\/product"}],"about":[{"href":"https:\/\/myspainfood.com\/pl\/wp-json\/wp\/v2\/types\/product"}],"wp:featuredmedia":[{"embeddable":true,"href":"https:\/\/myspainfood.com\/pl\/wp-json\/wp\/v2\/media\/13108"}],"wp:attachment":[{"href":"https:\/\/myspainfood.com\/pl\/wp-json\/wp\/v2\/media?parent=21534"}],"wp:term":[{"taxonomy":"product_brand","embeddable":true,"href":"https:\/\/myspainfood.com\/pl\/wp-json\/wp\/v2\/product_brand?post=21534"},{"taxonomy":"product_cat","embeddable":true,"href":"https:\/\/myspainfood.com\/pl\/wp-json\/wp\/v2\/product_cat?post=21534"},{"taxonomy":"product_tag","embeddable":true,"href":"https:\/\/myspainfood.com\/pl\/wp-json\/wp\/v2\/product_tag?post=21534"}],"curies":[{"name":"wp","href":"https:\/\/api.w.org\/{rel}","templated":true}]}}