{"id":21748,"date":"2025-04-10T12:10:34","date_gmt":"2025-04-10T10:10:34","guid":{"rendered":"https:\/\/myspainfood.com\/producto\/sardinilla-25-35-areoso-w-oliwie-z-oliwek-120gr\/"},"modified":"2025-04-10T12:10:34","modified_gmt":"2025-04-10T10:10:34","slug":"sardinilla-25-35-areoso-w-oliwie-z-oliwek-120gr","status":"publish","type":"product","link":"https:\/\/myspainfood.com\/pl\/producto\/sardinilla-25-35-areoso-w-oliwie-z-oliwek-120gr\/","title":{"rendered":"Sardinilla 25\/35 Areoso w oliwie z oliwek 120gr"},"content":{"rendered":"<p>Produkt: Sardynki w oliwie z oliwek 25\/35 sztuk<\/p>\n<p>Specyfikacja: Ma\u0142e sardynki (Sardina pilchardus) z galicyjskiego Rias, jednorodnej wielko\u015bci w oliwie z oliwek. R\u0119cznie selekcjonowane w ka\u017cdej puszce. <\/p>\n<p>Sk\u0142adniki: Sardynka 73%, oliwa z oliwek 27% i s\u00f3l.<\/p>\n<p>Proces produkcji: Sardynka, mimo \u017ce jest ryb\u0105, jest produktem wymagaj\u0105cym i ma do\u015b\u0107 pracoch\u0142onny proces produkcji. Po przybyciu do fabryki sardynki s\u0105 ostro\u017cnie usuwane z g\u0142\u00f3w i patroszone, aby unikn\u0105\u0107 z\u0142amania i zepsucia ich wygl\u0105du. Sardynki s\u0105 nast\u0119pnie umieszczane na grillach, przewracane i zanurzane w solance (woda i s\u00f3l), aby nada\u0107 im smak i j\u0119drno\u015b\u0107. Nast\u0119pnie s\u0105 tradycyjnie pieczone i r\u0119cznie pakowane do ka\u017cdej puszki. Po dodaniu oliwy z oliwek puszki s\u0105 zamykane i sterylizowane, co jest rygorystycznie kontrolowanym procesem, kt\u00f3ry gwarantuje zachowanie i jako\u015b\u0107 produktu przez lata bez konieczno\u015bci dodawania konserwant\u00f3w lub sztucznych dodatk\u00f3w. Nast\u0119pnie puszki s\u0105 gotowe do przechowywania i dalszego przetwarzania.     <\/p>\n","protected":false},"excerpt":{"rendered":"<p>Produkt: Sardynki w oliwie z oliwek 25\/35 sztuk Specyfikacja: Ma\u0142e sardynki (Sardina pilchardus) z galicyjskiego Rias, jednorodnej wielko\u015bci w oliwie z oliwek. R\u0119cznie selekcjonowane w ka\u017cdej puszce. Sk\u0142adniki: Sardynka 73%, oliwa z oliwek 27% i s\u00f3l. Proces produkcji: Sardynka, mimo \u017ce jest ryb\u0105, jest produktem wymagaj\u0105cym i ma do\u015b\u0107 pracoch\u0142onny proces produkcji. Po przybyciu do [&hellip;]<\/p>\n","protected":false},"featured_media":12937,"template":"","meta":{"_et_pb_use_builder":"","_et_pb_old_content":"","_et_gb_content_width":""},"product_brand":[1358],"product_cat":[1969,3766],"product_tag":[],"class_list":{"0":"post-21748","1":"product","2":"type-product","3":"status-publish","4":"has-post-thumbnail","6":"product_brand-areoso","7":"product_cat-konserwy","8":"product_cat-sardinillas-pl","10":"first","11":"outofstock","12":"taxable","13":"shipping-taxable","14":"product-type-variable"},"_links":{"self":[{"href":"https:\/\/myspainfood.com\/pl\/wp-json\/wp\/v2\/product\/21748","targetHints":{"allow":["GET"]}}],"collection":[{"href":"https:\/\/myspainfood.com\/pl\/wp-json\/wp\/v2\/product"}],"about":[{"href":"https:\/\/myspainfood.com\/pl\/wp-json\/wp\/v2\/types\/product"}],"wp:featuredmedia":[{"embeddable":true,"href":"https:\/\/myspainfood.com\/pl\/wp-json\/wp\/v2\/media\/12937"}],"wp:attachment":[{"href":"https:\/\/myspainfood.com\/pl\/wp-json\/wp\/v2\/media?parent=21748"}],"wp:term":[{"taxonomy":"product_brand","embeddable":true,"href":"https:\/\/myspainfood.com\/pl\/wp-json\/wp\/v2\/product_brand?post=21748"},{"taxonomy":"product_cat","embeddable":true,"href":"https:\/\/myspainfood.com\/pl\/wp-json\/wp\/v2\/product_cat?post=21748"},{"taxonomy":"product_tag","embeddable":true,"href":"https:\/\/myspainfood.com\/pl\/wp-json\/wp\/v2\/product_tag?post=21748"}],"curies":[{"name":"wp","href":"https:\/\/api.w.org\/{rel}","templated":true}]}}