{"id":22259,"date":"2025-04-10T12:05:32","date_gmt":"2025-04-10T10:05:32","guid":{"rendered":"https:\/\/myspainfood.com\/producto\/baskijskie-chili\/"},"modified":"2025-04-10T12:05:32","modified_gmt":"2025-04-10T10:05:32","slug":"baskijskie-chili","status":"publish","type":"product","link":"https:\/\/myspainfood.com\/pl\/producto\/baskijskie-chili\/","title":{"rendered":"Baskijskie chili"},"content":{"rendered":"<p>Papryczki Basque Guindilla w occie nadadz\u0105 naszym <a href=\"https:\/\/es.wikipedia.org\/wiki\/Guindilla_de_Ibarra\" target=\"_blank\" rel=\"noopener noreferrer nofollow\">potrawom<\/a> pikantnego charakteru, kt\u00f3ry je wyr\u00f3\u017cni.<\/p>\n<p>Produkt ten sprawi, \u017ce podniebienie b\u0119dzie wibrowa\u0142o, b\u0119d\u0105c wysoko cenionym dodatkiem do gulaszu lub sos\u00f3w pe\u0142nych smaku.<\/p>\n<p>W\u015br\u00f3d wielu tradycyjnych sk\u0142adnik\u00f3w kuchni baskijskiej znajduje si\u0119 papryczka chili piparra.<\/p>\n<p>Wyj\u0105tkowe chili, poniewa\u017c prawie w og\u00f3le nie szczypie.<\/p>\n<p>Bardzo dobrze pasuje do wszystkich rodzaj\u00f3w menu i jest bardzo dobrze przyjmowany przez tych, kt\u00f3rzy nie przepadaj\u0105 za tym smakiem.<\/p>\n<p>Baskijskie papryczki chili w tym s\u0142oiku maj\u0105 \u015bredni\u0105 wielko\u015b\u0107 od 7 do 12 cm i s\u0105 przygotowywane z dodatkiem octu.<\/p>\n<p>Prawdziwy akcent, z jakim zwykle podaje si\u0119 piparras, kt\u00f3ry przy ka\u017cdym k\u0119sie wywo\u0142a w Pa\u0144stwa ciele dreszcz intensywnego smaku.<\/p>\n<p>Niekt\u00f3re w\u0142a\u015bciwo\u015bci perliczki:<\/p>\n<ul>\n<li>Obni\u017ca poziom cholesterolu.<\/li>\n<li>Stymuluje kr\u0105\u017cenie krwi i uk\u0142adu oddechowego.<\/li>\n<li>Uwa\u017ca si\u0119, \u017ce mo\u017ce pom\u00f3c w redukcji nadwagi poprzez przyspieszenie metabolizmu.<\/li>\n<li>Wed\u0142ug niekt\u00f3rych bada\u0144, chroni on \u017co\u0142\u0105dek, sprawiaj\u0105c, \u017ce produkuje on wi\u0119cej \u015bluzu.<\/li>\n<\/ul>\n<p>Je\u015bli chc\u0105 Pa\u0144stwo kupi\u0107 oliwki lub inny rodzaj <a href=\"https:\/\/latiendadesami.com\/categoria-producto\/encurtidos\/\" rel=\"noopener noreferrer nofollow\" target=\"_blank\">pikli<\/a>, zapraszamy do zapoznania si\u0119 z naszym katalogiem online, aby zobaczy\u0107 szerok\u0105 gam\u0119 oferowanych przez nas <a href=\"https:\/\/latiendadesami.com\/categoria-producto\/encurtidos\/pepinillos\/\" target=\"_blank\" rel=\"noopener noreferrer nofollow\">pikli<\/a>.<\/p>\n","protected":false},"excerpt":{"rendered":"<p>&nbsp;<\/p>\n<p>&nbsp;<\/p>\n","protected":false},"featured_media":7531,"template":"","meta":{"_et_pb_use_builder":"","_et_pb_old_content":"","_et_gb_content_width":""},"product_brand":[1057],"product_cat":[4000,1566],"product_tag":[4001],"class_list":{"0":"post-22259","1":"product","2":"type-product","3":"status-publish","4":"has-post-thumbnail","6":"product_brand-la-encajera","7":"product_cat-papryczki-chili","8":"product_cat-pikle","9":"product_tag-baskijski","11":"first","12":"outofstock","13":"taxable","14":"shipping-taxable","15":"product-type-variable"},"_links":{"self":[{"href":"https:\/\/myspainfood.com\/pl\/wp-json\/wp\/v2\/product\/22259","targetHints":{"allow":["GET"]}}],"collection":[{"href":"https:\/\/myspainfood.com\/pl\/wp-json\/wp\/v2\/product"}],"about":[{"href":"https:\/\/myspainfood.com\/pl\/wp-json\/wp\/v2\/types\/product"}],"wp:featuredmedia":[{"embeddable":true,"href":"https:\/\/myspainfood.com\/pl\/wp-json\/wp\/v2\/media\/7531"}],"wp:attachment":[{"href":"https:\/\/myspainfood.com\/pl\/wp-json\/wp\/v2\/media?parent=22259"}],"wp:term":[{"taxonomy":"product_brand","embeddable":true,"href":"https:\/\/myspainfood.com\/pl\/wp-json\/wp\/v2\/product_brand?post=22259"},{"taxonomy":"product_cat","embeddable":true,"href":"https:\/\/myspainfood.com\/pl\/wp-json\/wp\/v2\/product_cat?post=22259"},{"taxonomy":"product_tag","embeddable":true,"href":"https:\/\/myspainfood.com\/pl\/wp-json\/wp\/v2\/product_tag?post=22259"}],"curies":[{"name":"wp","href":"https:\/\/api.w.org\/{rel}","templated":true}]}}