{"id":23016,"date":"2025-04-10T12:05:10","date_gmt":"2025-04-10T10:05:10","guid":{"rendered":"https:\/\/myspainfood.com\/producto\/baklazan-posiekany-la-encajera-440-gramow\/"},"modified":"2025-09-11T13:35:43","modified_gmt":"2025-09-11T11:35:43","slug":"baklazan-posiekany-la-encajera-440-gramow","status":"publish","type":"product","link":"https:\/\/myspainfood.com\/pl\/producto\/baklazan-posiekany-la-encajera-440-gramow\/","title":{"rendered":"Bak\u0142a\u017can, posiekany La Encajera 440 gram\u00f3w"},"content":{"rendered":"<p>Siekany bak\u0142a\u017can to g\u0142\u00f3wny sk\u0142adnik sa\u0142atek <a href=\"https:\/\/www.laencajera.es\/berenjenas-de-almagro\" target=\"_blank\" rel=\"noopener noreferrer nofollow\">Almagro<\/a>. Prosz\u0119 poczu\u0107 tradycyjny smak w ka\u017cdym k\u0119sie. <\/p>\n<p>Zazwyczaj podaje si\u0119 go jako przystawk\u0119 lub \u0142\u0105czy w daniach z \u0142y\u017ck\u0105. Siekane bak\u0142a\u017cany pochodz\u0105 z Kastylii la Mancha w Hiszpanii. <\/p>\n<p>Sk\u0142adniki: Bak\u0142a\u017can &#8222;De Almagro&#8221;, Woda, S\u00f3l, Ocet Alkoholowy, Kwas Cytrynowy (E-330), Chlorek Wapnia (E-509), Metabisiarczyn Sodu, Kminek, Papryka, Koper Naturalny, Kwas Mlekowy (E-270).<\/p>\n<p>Warunki ochrony:<\/p>\n<p>Przechowywa\u0107 w ch\u0142odnym, suchym miejscu, w temperaturze od 3\u00baC do 10\u00baC. Chroni\u0107 przed \u015bwiat\u0142em s\u0142onecznym i silnymi zapachami. <\/p>\n<p>Po otwarciu przechowywa\u0107 w lod\u00f3wce i spo\u017cy\u0107 w ci\u0105gu 30 dni.<\/p>\n<p>Je\u015bli chc\u0105 Pa\u0144stwo kupi\u0107 oliwki lub inny rodzaj <a href=\"https:\/\/latiendadesami.com\/categoria-producto\/encurtidos\/\" rel=\"noopener noreferrer nofollow\" target=\"_blank\">pikli<\/a>, zapraszamy do zapoznania si\u0119 z naszym katalogiem online, w kt\u00f3rym znajd\u0105 Pa\u0144stwo szeroki wyb\u00f3r <a href=\"https:\/\/latiendadesami.com\/categoria-producto\/encurtidos\/berenjenas\/\" target=\"_blank\" rel=\"noopener noreferrer nofollow\">bak\u0142a\u017can\u00f3w<\/a>.<\/p>\n<p>Marka La Encajonera to rodzinna firma za\u0142o\u017cona w 1990 roku, zlokalizowana w samym sercu La Manchy, w mie\u015bcie ALMAGRO, w prowincji Ciudad Real.<\/p>\n<p>Proces wytwarzania produkt\u00f3w rozpoczyna si\u0119 na tym samym obszarze upraw, wybieraj\u0105c produkt najlepszej jako\u015bci.<\/p>\n<p>Fabryka jest wyposa\u017cona w najbardziej zaawansowan\u0105 technologi\u0119, zachowuj\u0105c jednocze\u015bnie tradycj\u0119 i know-how swoich rzemie\u015blnik\u00f3w.<\/p>\n","protected":false},"excerpt":{"rendered":"<p>G\u0142\u00f3wny sk\u0142adnik sa\u0142atek Almagro. Prosz\u0119 poczu\u0107 tradycyjny smak w ka\u017cdym k\u0119sie. Zazwyczaj podaje si\u0119 go jako przystawk\u0119 lub w po\u0142\u0105czeniu z daniami z \u0142y\u017cki.  <\/p>\n","protected":false},"featured_media":7390,"template":"","meta":{"_et_pb_use_builder":"","_et_pb_old_content":"","_et_gb_content_width":""},"product_brand":[1057],"product_cat":[2130,1566],"product_tag":[4145],"class_list":{"0":"post-23016","1":"product","2":"type-product","3":"status-publish","4":"has-post-thumbnail","6":"product_brand-la-encajera","7":"product_cat-baklazany","8":"product_cat-pikle","9":"product_tag-posiekane","11":"first","12":"instock","13":"taxable","14":"shipping-taxable","15":"purchasable","16":"product-type-variable"},"_links":{"self":[{"href":"https:\/\/myspainfood.com\/pl\/wp-json\/wp\/v2\/product\/23016","targetHints":{"allow":["GET"]}}],"collection":[{"href":"https:\/\/myspainfood.com\/pl\/wp-json\/wp\/v2\/product"}],"about":[{"href":"https:\/\/myspainfood.com\/pl\/wp-json\/wp\/v2\/types\/product"}],"wp:featuredmedia":[{"embeddable":true,"href":"https:\/\/myspainfood.com\/pl\/wp-json\/wp\/v2\/media\/7390"}],"wp:attachment":[{"href":"https:\/\/myspainfood.com\/pl\/wp-json\/wp\/v2\/media?parent=23016"}],"wp:term":[{"taxonomy":"product_brand","embeddable":true,"href":"https:\/\/myspainfood.com\/pl\/wp-json\/wp\/v2\/product_brand?post=23016"},{"taxonomy":"product_cat","embeddable":true,"href":"https:\/\/myspainfood.com\/pl\/wp-json\/wp\/v2\/product_cat?post=23016"},{"taxonomy":"product_tag","embeddable":true,"href":"https:\/\/myspainfood.com\/pl\/wp-json\/wp\/v2\/product_tag?post=23016"}],"curies":[{"name":"wp","href":"https:\/\/api.w.org\/{rel}","templated":true}]}}