{"id":23202,"date":"2025-04-10T12:05:54","date_gmt":"2025-04-10T10:05:54","guid":{"rendered":"https:\/\/myspainfood.com\/producto\/sardinillas-oti-925gr\/"},"modified":"2025-04-10T12:05:54","modified_gmt":"2025-04-10T10:05:54","slug":"sardinillas-oti-925gr","status":"publish","type":"product","link":"https:\/\/myspainfood.com\/pl\/producto\/sardinillas-oti-925gr\/","title":{"rendered":"Sardinillas Oti 925gr"},"content":{"rendered":"<p>Conservas Oti wybiera najlepsze sardynki, kt\u00f3re s\u0105 r\u0119cznie krojone, pozbawiane g\u0142\u00f3w i czyszczone, a nast\u0119pnie pieczone na parze i pakowane w olej s\u0142onecznikowy. Wyr\u00f3\u017cniaj\u0105 si\u0119 one atrakcyjnym srebrzystym wygl\u0105dem, kremow\u0105 konsystencj\u0105, intensywnym rybnym smakiem i wspania\u0142\u0105 prezentacj\u0105. Dzi\u0119ki wysokiej zawarto\u015bci kwas\u00f3w Omega 3 pomagaj\u0105 one w diecie \u015br\u00f3dziemnomorskiej.  <\/p>\n","protected":false},"excerpt":{"rendered":"<p>Conservas Oti wybiera najlepsze sardynki, kt\u00f3re s\u0105 r\u0119cznie krojone, pozbawiane g\u0142\u00f3w i czyszczone, a nast\u0119pnie pieczone na parze i pakowane w olej s\u0142onecznikowy. Wyr\u00f3\u017cniaj\u0105 si\u0119 one atrakcyjnym srebrzystym wygl\u0105dem, kremow\u0105 konsystencj\u0105, intensywnym rybnym smakiem i wspania\u0142\u0105 prezentacj\u0105. Dzi\u0119ki wysokiej zawarto\u015bci kwas\u00f3w Omega 3 pomagaj\u0105 one w diecie \u015br\u00f3dziemnomorskiej.<\/p>\n","protected":false},"featured_media":8284,"template":"","meta":{"_et_pb_use_builder":"","_et_pb_old_content":"","_et_gb_content_width":""},"product_brand":[1075],"product_cat":[1969,3766],"product_tag":[],"class_list":{"0":"post-23202","1":"product","2":"type-product","3":"status-publish","4":"has-post-thumbnail","6":"product_brand-oti","7":"product_cat-konserwy","8":"product_cat-sardinillas-pl","10":"first","11":"outofstock","12":"taxable","13":"shipping-taxable","14":"purchasable","15":"product-type-variable"},"_links":{"self":[{"href":"https:\/\/myspainfood.com\/pl\/wp-json\/wp\/v2\/product\/23202","targetHints":{"allow":["GET"]}}],"collection":[{"href":"https:\/\/myspainfood.com\/pl\/wp-json\/wp\/v2\/product"}],"about":[{"href":"https:\/\/myspainfood.com\/pl\/wp-json\/wp\/v2\/types\/product"}],"wp:featuredmedia":[{"embeddable":true,"href":"https:\/\/myspainfood.com\/pl\/wp-json\/wp\/v2\/media\/8284"}],"wp:attachment":[{"href":"https:\/\/myspainfood.com\/pl\/wp-json\/wp\/v2\/media?parent=23202"}],"wp:term":[{"taxonomy":"product_brand","embeddable":true,"href":"https:\/\/myspainfood.com\/pl\/wp-json\/wp\/v2\/product_brand?post=23202"},{"taxonomy":"product_cat","embeddable":true,"href":"https:\/\/myspainfood.com\/pl\/wp-json\/wp\/v2\/product_cat?post=23202"},{"taxonomy":"product_tag","embeddable":true,"href":"https:\/\/myspainfood.com\/pl\/wp-json\/wp\/v2\/product_tag?post=23202"}],"curies":[{"name":"wp","href":"https:\/\/api.w.org\/{rel}","templated":true}]}}